{"id":14887,"date":"2024-12-29T12:04:20","date_gmt":"2024-12-29T11:04:20","guid":{"rendered":"https:\/\/barmaniapro.com\/product\/dianas-para-balones-medicinales\/"},"modified":"2026-01-18T17:50:18","modified_gmt":"2026-01-18T16:50:18","slug":"dianas-para-balones-medicinales","status":"publish","type":"product","link":"https:\/\/barmaniapro.com\/es\/producto\/dianas-para-balones-medicinales\/","title":{"rendered":"Dianas para balones medicinales"},"content":{"rendered":"<p>Mejore su zona de entrenamiento al aire libre con este sistema de dianas para balones medicinales, vers\u00e1til y resistente, perfecto para usuarios de todos los niveles de forma f\u00edsica que buscan mantenerse activos y comprometidos en espacios p\u00fablicos.<\/p>\n<ul>\n<li><strong>Columna robusta (4400 mm):<\/strong> Una s\u00f3lida columna de soporte central fabricada con materiales resistentes a la intemperie de alta resistencia para garantizar un rendimiento duradero en todas las condiciones.<\/li>\n<li><strong>Tres dianas ajustables para balones medicinales:<\/strong> Incluye tres dianas de ingenier\u00eda de precisi\u00f3n a diferentes alturas para adaptarse a una amplia gama de niveles de forma f\u00edsica y rutinas de ejercicio. Las dianas est\u00e1n dise\u00f1adas para rebotes suaves y durabilidad. <\/li>\n<li><strong>Sistema de sujeci\u00f3n seguro:<\/strong> Viene con tres juegos de abrazaderas fiables para una instalaci\u00f3n f\u00e1cil y estable. Estas abrazaderas mantienen las dianas firmemente en su lugar durante los entrenamientos vigorosos. <\/li>\n<li><strong>Dise\u00f1ado para espacios p\u00fablicos:<\/strong> Dise\u00f1ado para cumplir con los m\u00e1s altos est\u00e1ndares de seguridad y durabilidad, este equipo es ideal para parques comunitarios, escuelas y zonas de entrenamiento al aire libre.<\/li>\n<\/ul>\n","protected":false},"excerpt":{"rendered":"<p>Lleve su parque de calistenia al siguiente nivel con nuestro sistema de dianas para balones medicinales BarManiaPro\u00ae de primera calidad, dise\u00f1ado para espacios p\u00fablicos y construido para resistir el uso intenso en entornos exteriores.<\/p>\n<p>Este equipo de alta calidad es perfecto para los entusiastas del fitness funcional, ya que proporciona una configuraci\u00f3n robusta para los ejercicios de entrenamiento con balones medicinales.<\/p>\n","protected":false},"featured_media":13872,"comment_status":"open","ping_status":"closed","template":"","meta":{"_acf_changed":false,"inline_featured_image":false},"product_brand":[],"product_cat":[614,613],"product_tag":[615,611],"class_list":{"0":"post-14887","1":"product","2":"type-product","3":"status-publish","4":"has-post-thumbnail","6":"product_cat-equipo","7":"product_cat-bootcamp-es","8":"product_tag-bootcamp-es","9":"product_tag-calistenia","11":"first","12":"onbackorder","13":"taxable","14":"shipping-taxable","15":"product-type-simple"},"acf":[],"yoast_head":"<!-- This site is optimized with the Yoast SEO plugin v26.2 - https:\/\/yoast.com\/wordpress\/plugins\/seo\/ -->\n<title>Dianas para balones medicinales - BarManiaPro<\/title>\n<meta name=\"robots\" content=\"index, follow, max-snippet:-1, max-image-preview:large, max-video-preview:-1\" \/>\n<link rel=\"canonical\" href=\"https:\/\/barmaniapro.com\/es\/producto\/dianas-para-balones-medicinales\/\" \/>\n<meta property=\"og:locale\" content=\"es_ES\" \/>\n<meta property=\"og:type\" content=\"article\" \/>\n<meta property=\"og:title\" content=\"Dianas para balones medicinales - BarManiaPro\" \/>\n<meta property=\"og:description\" content=\"Lleve su parque de calistenia al siguiente nivel con nuestro sistema de dianas para balones medicinales BarManiaPro\u00ae de primera calidad, dise\u00f1ado para espacios p\u00fablicos y construido para resistir el uso intenso en entornos exteriores. Este equipo de alta calidad es perfecto para los entusiastas del fitness funcional, ya que proporciona una configuraci\u00f3n robusta para los ejercicios de entrenamiento con balones medicinales.\" \/>\n<meta property=\"og:url\" content=\"https:\/\/barmaniapro.com\/es\/producto\/dianas-para-balones-medicinales\/\" \/>\n<meta property=\"og:site_name\" content=\"BarManiaPro\" \/>\n<meta property=\"article:publisher\" content=\"https:\/\/www.facebook.com\/BarManiaPro\/\" \/>\n<meta property=\"article:modified_time\" content=\"2026-01-18T16:50:18+00:00\" \/>\n<meta property=\"og:image\" content=\"https:\/\/barmaniapro.com\/wp-content\/uploads\/2024\/12\/BMP-61029_Wall-Ball-Targets_classic_1-min.png\" \/>\n\t<meta property=\"og:image:width\" content=\"1740\" \/>\n\t<meta property=\"og:image:height\" content=\"1740\" \/>\n\t<meta property=\"og:image:type\" content=\"image\/png\" \/>\n<meta name=\"twitter:card\" content=\"summary_large_image\" \/>\n<meta name=\"twitter:label1\" content=\"Tiempo de lectura\" \/>\n\t<meta name=\"twitter:data1\" content=\"1 minuto\" \/>\n<script type=\"application\/ld+json\" class=\"yoast-schema-graph\">{\"@context\":\"https:\/\/schema.org\",\"@graph\":[{\"@type\":\"WebPage\",\"@id\":\"https:\/\/barmaniapro.com\/es\/producto\/dianas-para-balones-medicinales\/\",\"url\":\"https:\/\/barmaniapro.com\/es\/producto\/dianas-para-balones-medicinales\/\",\"name\":\"Dianas para balones medicinales - BarManiaPro\",\"isPartOf\":{\"@id\":\"https:\/\/barmaniapro.com\/es\/#website\"},\"primaryImageOfPage\":{\"@id\":\"https:\/\/barmaniapro.com\/es\/producto\/dianas-para-balones-medicinales\/#primaryimage\"},\"image\":{\"@id\":\"https:\/\/barmaniapro.com\/es\/producto\/dianas-para-balones-medicinales\/#primaryimage\"},\"thumbnailUrl\":\"https:\/\/barmaniapro.com\/wp-content\/uploads\/2024\/12\/BMP-61029_Wall-Ball-Targets_classic_1-min.png\",\"datePublished\":\"2024-12-29T11:04:20+00:00\",\"dateModified\":\"2026-01-18T16:50:18+00:00\",\"breadcrumb\":{\"@id\":\"https:\/\/barmaniapro.com\/es\/producto\/dianas-para-balones-medicinales\/#breadcrumb\"},\"inLanguage\":\"es\",\"potentialAction\":[{\"@type\":\"ReadAction\",\"target\":[\"https:\/\/barmaniapro.com\/es\/producto\/dianas-para-balones-medicinales\/\"]}]},{\"@type\":\"ImageObject\",\"inLanguage\":\"es\",\"@id\":\"https:\/\/barmaniapro.com\/es\/producto\/dianas-para-balones-medicinales\/#primaryimage\",\"url\":\"https:\/\/barmaniapro.com\/wp-content\/uploads\/2024\/12\/BMP-61029_Wall-Ball-Targets_classic_1-min.png\",\"contentUrl\":\"https:\/\/barmaniapro.com\/wp-content\/uploads\/2024\/12\/BMP-61029_Wall-Ball-Targets_classic_1-min.png\",\"width\":1740,\"height\":1740},{\"@type\":\"BreadcrumbList\",\"@id\":\"https:\/\/barmaniapro.com\/es\/producto\/dianas-para-balones-medicinales\/#breadcrumb\",\"itemListElement\":[{\"@type\":\"ListItem\",\"position\":1,\"name\":\"Tienda\",\"item\":\"https:\/\/barmaniapro.com\/es\/tienda\/\"},{\"@type\":\"ListItem\",\"position\":2,\"name\":\"Dianas para balones medicinales\"}]},{\"@type\":\"WebSite\",\"@id\":\"https:\/\/barmaniapro.com\/es\/#website\",\"url\":\"https:\/\/barmaniapro.com\/es\/\",\"name\":\"BarManiaPro\",\"description\":\"Manufacturer of Calisthenics equipment\",\"potentialAction\":[{\"@type\":\"SearchAction\",\"target\":{\"@type\":\"EntryPoint\",\"urlTemplate\":\"https:\/\/barmaniapro.com\/es\/?s={search_term_string}\"},\"query-input\":{\"@type\":\"PropertyValueSpecification\",\"valueRequired\":true,\"valueName\":\"search_term_string\"}}],\"inLanguage\":\"es\"}]}<\/script>\n<!-- \/ Yoast SEO plugin. -->","yoast_head_json":{"title":"Dianas para balones medicinales - BarManiaPro","robots":{"index":"index","follow":"follow","max-snippet":"max-snippet:-1","max-image-preview":"max-image-preview:large","max-video-preview":"max-video-preview:-1"},"canonical":"https:\/\/barmaniapro.com\/es\/producto\/dianas-para-balones-medicinales\/","og_locale":"es_ES","og_type":"article","og_title":"Dianas para balones medicinales - BarManiaPro","og_description":"Lleve su parque de calistenia al siguiente nivel con nuestro sistema de dianas para balones medicinales BarManiaPro\u00ae de primera calidad, dise\u00f1ado para espacios p\u00fablicos y construido para resistir el uso intenso en entornos exteriores. Este equipo de alta calidad es perfecto para los entusiastas del fitness funcional, ya que proporciona una configuraci\u00f3n robusta para los ejercicios de entrenamiento con balones medicinales.","og_url":"https:\/\/barmaniapro.com\/es\/producto\/dianas-para-balones-medicinales\/","og_site_name":"BarManiaPro","article_publisher":"https:\/\/www.facebook.com\/BarManiaPro\/","article_modified_time":"2026-01-18T16:50:18+00:00","og_image":[{"width":1740,"height":1740,"url":"https:\/\/barmaniapro.com\/wp-content\/uploads\/2024\/12\/BMP-61029_Wall-Ball-Targets_classic_1-min.png","type":"image\/png"}],"twitter_card":"summary_large_image","twitter_misc":{"Tiempo de lectura":"1 minuto"},"schema":{"@context":"https:\/\/schema.org","@graph":[{"@type":"WebPage","@id":"https:\/\/barmaniapro.com\/es\/producto\/dianas-para-balones-medicinales\/","url":"https:\/\/barmaniapro.com\/es\/producto\/dianas-para-balones-medicinales\/","name":"Dianas para balones medicinales - BarManiaPro","isPartOf":{"@id":"https:\/\/barmaniapro.com\/es\/#website"},"primaryImageOfPage":{"@id":"https:\/\/barmaniapro.com\/es\/producto\/dianas-para-balones-medicinales\/#primaryimage"},"image":{"@id":"https:\/\/barmaniapro.com\/es\/producto\/dianas-para-balones-medicinales\/#primaryimage"},"thumbnailUrl":"https:\/\/barmaniapro.com\/wp-content\/uploads\/2024\/12\/BMP-61029_Wall-Ball-Targets_classic_1-min.png","datePublished":"2024-12-29T11:04:20+00:00","dateModified":"2026-01-18T16:50:18+00:00","breadcrumb":{"@id":"https:\/\/barmaniapro.com\/es\/producto\/dianas-para-balones-medicinales\/#breadcrumb"},"inLanguage":"es","potentialAction":[{"@type":"ReadAction","target":["https:\/\/barmaniapro.com\/es\/producto\/dianas-para-balones-medicinales\/"]}]},{"@type":"ImageObject","inLanguage":"es","@id":"https:\/\/barmaniapro.com\/es\/producto\/dianas-para-balones-medicinales\/#primaryimage","url":"https:\/\/barmaniapro.com\/wp-content\/uploads\/2024\/12\/BMP-61029_Wall-Ball-Targets_classic_1-min.png","contentUrl":"https:\/\/barmaniapro.com\/wp-content\/uploads\/2024\/12\/BMP-61029_Wall-Ball-Targets_classic_1-min.png","width":1740,"height":1740},{"@type":"BreadcrumbList","@id":"https:\/\/barmaniapro.com\/es\/producto\/dianas-para-balones-medicinales\/#breadcrumb","itemListElement":[{"@type":"ListItem","position":1,"name":"Tienda","item":"https:\/\/barmaniapro.com\/es\/tienda\/"},{"@type":"ListItem","position":2,"name":"Dianas para balones medicinales"}]},{"@type":"WebSite","@id":"https:\/\/barmaniapro.com\/es\/#website","url":"https:\/\/barmaniapro.com\/es\/","name":"BarManiaPro","description":"Manufacturer of Calisthenics equipment","potentialAction":[{"@type":"SearchAction","target":{"@type":"EntryPoint","urlTemplate":"https:\/\/barmaniapro.com\/es\/?s={search_term_string}"},"query-input":{"@type":"PropertyValueSpecification","valueRequired":true,"valueName":"search_term_string"}}],"inLanguage":"es"}]}},"_links":{"self":[{"href":"https:\/\/barmaniapro.com\/es\/wp-json\/wp\/v2\/product\/14887","targetHints":{"allow":["GET"]}}],"collection":[{"href":"https:\/\/barmaniapro.com\/es\/wp-json\/wp\/v2\/product"}],"about":[{"href":"https:\/\/barmaniapro.com\/es\/wp-json\/wp\/v2\/types\/product"}],"replies":[{"embeddable":true,"href":"https:\/\/barmaniapro.com\/es\/wp-json\/wp\/v2\/comments?post=14887"}],"wp:featuredmedia":[{"embeddable":true,"href":"https:\/\/barmaniapro.com\/es\/wp-json\/wp\/v2\/media\/13872"}],"wp:attachment":[{"href":"https:\/\/barmaniapro.com\/es\/wp-json\/wp\/v2\/media?parent=14887"}],"wp:term":[{"taxonomy":"product_brand","embeddable":true,"href":"https:\/\/barmaniapro.com\/es\/wp-json\/wp\/v2\/product_brand?post=14887"},{"taxonomy":"product_cat","embeddable":true,"href":"https:\/\/barmaniapro.com\/es\/wp-json\/wp\/v2\/product_cat?post=14887"},{"taxonomy":"product_tag","embeddable":true,"href":"https:\/\/barmaniapro.com\/es\/wp-json\/wp\/v2\/product_tag?post=14887"}],"curies":[{"name":"wp","href":"https:\/\/api.w.org\/{rel}","templated":true}]}}