{"id":14883,"date":"2024-12-26T14:03:42","date_gmt":"2024-12-26T13:03:42","guid":{"rendered":"https:\/\/barmaniapro.com\/product\/estacion-de-entrenamiento-ultimate\/"},"modified":"2026-01-18T17:50:18","modified_gmt":"2026-01-18T16:50:18","slug":"estacion-de-entrenamiento-ultimate","status":"publish","type":"product","link":"https:\/\/barmaniapro.com\/es\/producto\/estacion-de-entrenamiento-ultimate\/","title":{"rendered":"Estaci\u00f3n de entrenamiento ultimate"},"content":{"rendered":"<p>La estaci\u00f3n de entrenamiento ultimate de BarManiaPro\u00ae ofrece una variedad inigualable de opciones de ejercicio, lo que la convierte en un centro para entusiastas del fitness de todos los niveles. Desde principiantes que aprenden lo b\u00e1sico hasta atletas avanzados que perfeccionan movimientos complejos, esta estaci\u00f3n proporciona las herramientas necesarias para un entrenamiento de cuerpo completo, que incluye entrenamiento de fuerza, cardio y flexibilidad. <\/p>\n<p>La estaci\u00f3n de entrenamiento ultimate de BarManiaPro\u00ae es la soluci\u00f3n definitiva para crear un espacio de entrenamiento multifuncional y atractivo en parques p\u00fablicos o \u00e1reas recreativas. Su construcci\u00f3n duradera, su amplia gama de caracter\u00edsticas de entrenamiento y su capacidad para dar cabida a varios usuarios simult\u00e1neamente la convierten en una valiosa adici\u00f3n a cualquier comunidad. <\/p>\n<ul>\n<li><strong>Configuraci\u00f3n de entrenamiento integral:<\/strong>\n<ul>\n<li><strong>Barra de mono:<\/strong> Perfecta para dominadas, traves\u00edas y entrenamiento de fuerza din\u00e1mico.<\/li>\n<li><strong>Pared sueca:<\/strong> Ideal para estiramientos, escalada y ejercicios de resistencia con el peso corporal.<\/li>\n<li><strong>Banco de abdominales:<\/strong> Se centra en la fuerza del core y mejora el entrenamiento abdominal con varias posiciones de inclinaci\u00f3n.<\/li>\n<li><strong>Barras transversales inclinadas:<\/strong> Permiten \u00e1ngulos de ejercicio \u00fanicos, lo que a\u00f1ade variedad y desaf\u00edo a tus entrenamientos.<\/li>\n<\/ul>\n<\/li>\n<li><strong>Tres barras paralelas:<\/strong>\n<ul>\n<li>Dise\u00f1adas para fondos, posiciones en L y otros ejercicios de fuerza para la parte superior del cuerpo.<\/li>\n<li>Ofrece m\u00faltiples opciones de altura para usuarios de diferentes niveles de habilidad.<\/li>\n<\/ul>\n<\/li>\n<li><strong>Columna de boxeo con saco de boxeo resistente a la intemperie:<\/strong>\n<ul>\n<li>Incluye un saco de boxeo duradero de 120 cm, resistente a las condiciones clim\u00e1ticas, perfecto para mejorar el cardio, la fuerza y la coordinaci\u00f3n.<\/li>\n<li>Garantiza la durabilidad en entornos exteriores, lo que la convierte en una caracter\u00edstica ideal para espacios p\u00fablicos.<\/li>\n<\/ul>\n<\/li>\n<li><strong>Dos anillas de gimnasia:<\/strong>\n<ul>\n<li>Proporciona un elemento de entrenamiento din\u00e1mico para ejercicios avanzados con el peso corporal, como fondos en anillas, muscle-ups y mantenimientos est\u00e1ticos.<\/li>\n<li>La altura ajustable garantiza la usabilidad para atletas de todos los niveles.<\/li>\n<\/ul>\n<\/li>\n<li><strong>31 juegos de abrazaderas:<\/strong>\n<ul>\n<li>Garantiza la m\u00e1xima seguridad y estabilidad, manteniendo todos los componentes bien sujetos.<\/li>\n<li>F\u00e1cil de montar y mantener, lo que proporciona una configuraci\u00f3n sin complicaciones.<\/li>\n<\/ul>\n<\/li>\n<li><strong>Construcci\u00f3n duradera con disponibilidad para espacios p\u00fablicos:<\/strong>\n<ul>\n<li>Construido con materiales de alta calidad resistentes a la intemperie para soportar las condiciones exteriores.<\/li>\n<li>Adecuado para parques de fitness, centros comunitarios y \u00e1reas recreativas.<\/li>\n<li>El revestimiento resistente al \u00f3xido garantiza la longevidad y un mantenimiento m\u00ednimo.<\/li>\n<\/ul>\n<\/li>\n<li><strong>Barras transversales de 33,7 mm de di\u00e1metro:<\/strong>\n<ul>\n<li>Agarre c\u00f3modo y ergon\u00f3mico para una variedad de ejercicios de calistenia, desde dominadas hasta elevaciones de piernas colgando.<\/li>\n<li>Tama\u00f1o perfecto para reducir la fatiga de las manos y apoyar movimientos avanzados como los muscle-ups.<\/li>\n<\/ul>\n<\/li>\n<\/ul>\n","protected":false},"excerpt":{"rendered":"<p>La estaci\u00f3n de entrenamiento ultimate de BarManiaPro\u00ae es la c\u00faspide de las configuraciones de entrenamiento multifuncionales, dise\u00f1ada para entusiastas de la calistenia y comunidades de fitness en espacios p\u00fablicos.<\/p>\n<ul>\n<li><strong>Construcci\u00f3n de acero pr\u00e9mium<\/strong>: Fabricado para durar, hecho de acero de primera calidad<\/li>\n<li><strong>Protecci\u00f3n contra el \u00f3xido de doble capa<\/strong>: El acabado de doble capa garantiza una protecci\u00f3n duradera contra el \u00f3xido y la corrosi\u00f3n<\/li>\n<li><strong>Dise\u00f1o que ahorra espacio<\/strong>: Perfecto para lugares con espacio limitado<\/li>\n<li><strong>Resistente a la intemperie<\/strong>: Dise\u00f1ado para uso en exteriores, este parque est\u00e1 construido para resistir a los elementos<\/li>\n<li><strong>F\u00e1cil instalaci\u00f3n y mantenimiento<\/strong>: El sistema de abrazadera patentado simplifica el montaje y el mantenimiento<\/li>\n<\/ul>\n<p>&nbsp;<\/p>\n","protected":false},"featured_media":13804,"comment_status":"open","ping_status":"closed","template":"","meta":{"_acf_changed":false,"inline_featured_image":false},"product_brand":[],"product_cat":[614,978],"product_tag":[611],"class_list":{"0":"post-14883","1":"product","2":"type-product","3":"status-publish","4":"has-post-thumbnail","6":"product_cat-equipo","7":"product_cat-calistenia","8":"product_tag-calistenia","10":"first","11":"instock","12":"taxable","13":"shipping-taxable","14":"product-type-simple"},"acf":[],"yoast_head":"<!-- This site is optimized with the Yoast SEO plugin v26.2 - https:\/\/yoast.com\/wordpress\/plugins\/seo\/ -->\n<title>Estaci\u00f3n de entrenamiento ultimate - BarManiaPro<\/title>\n<meta name=\"robots\" content=\"index, follow, max-snippet:-1, max-image-preview:large, max-video-preview:-1\" \/>\n<link rel=\"canonical\" href=\"https:\/\/barmaniapro.com\/es\/producto\/estacion-de-entrenamiento-ultimate\/\" \/>\n<meta property=\"og:locale\" content=\"es_ES\" \/>\n<meta property=\"og:type\" content=\"article\" \/>\n<meta property=\"og:title\" content=\"Estaci\u00f3n de entrenamiento ultimate - BarManiaPro\" \/>\n<meta property=\"og:description\" content=\"La estaci\u00f3n de entrenamiento ultimate de BarManiaPro\u00ae es la c\u00faspide de las configuraciones de entrenamiento multifuncionales, dise\u00f1ada para entusiastas de la calistenia y comunidades de fitness en espacios p\u00fablicos.  Construcci\u00f3n de acero pr\u00e9mium: Fabricado para durar, hecho de acero de primera calidad  Protecci\u00f3n contra el \u00f3xido de doble capa: El acabado de doble capa garantiza una protecci\u00f3n duradera contra el \u00f3xido y la corrosi\u00f3n  Dise\u00f1o que ahorra espacio: Perfecto para lugares con espacio limitado  Resistente a la intemperie: Dise\u00f1ado para uso en exteriores, este parque est\u00e1 construido para resistir a los elementos  F\u00e1cil instalaci\u00f3n y mantenimiento: El sistema de abrazadera patentado simplifica el montaje y el mantenimiento &nbsp;\" \/>\n<meta property=\"og:url\" content=\"https:\/\/barmaniapro.com\/es\/producto\/estacion-de-entrenamiento-ultimate\/\" \/>\n<meta property=\"og:site_name\" content=\"BarManiaPro\" \/>\n<meta property=\"article:publisher\" content=\"https:\/\/www.facebook.com\/BarManiaPro\/\" \/>\n<meta property=\"article:modified_time\" content=\"2026-01-18T16:50:18+00:00\" \/>\n<meta property=\"og:image\" content=\"https:\/\/barmaniapro.com\/wp-content\/uploads\/2024\/12\/BMP-52036_Workout-Station-Ultimate_classic_1-min.png\" \/>\n\t<meta property=\"og:image:width\" content=\"1770\" \/>\n\t<meta property=\"og:image:height\" content=\"1770\" \/>\n\t<meta property=\"og:image:type\" content=\"image\/png\" \/>\n<meta name=\"twitter:card\" content=\"summary_large_image\" \/>\n<meta name=\"twitter:label1\" content=\"Tiempo de lectura\" \/>\n\t<meta name=\"twitter:data1\" content=\"2 minuto\" \/>\n<script type=\"application\/ld+json\" class=\"yoast-schema-graph\">{\"@context\":\"https:\/\/schema.org\",\"@graph\":[{\"@type\":\"WebPage\",\"@id\":\"https:\/\/barmaniapro.com\/es\/producto\/estacion-de-entrenamiento-ultimate\/\",\"url\":\"https:\/\/barmaniapro.com\/es\/producto\/estacion-de-entrenamiento-ultimate\/\",\"name\":\"Estaci\u00f3n de entrenamiento ultimate - BarManiaPro\",\"isPartOf\":{\"@id\":\"https:\/\/barmaniapro.com\/es\/#website\"},\"primaryImageOfPage\":{\"@id\":\"https:\/\/barmaniapro.com\/es\/producto\/estacion-de-entrenamiento-ultimate\/#primaryimage\"},\"image\":{\"@id\":\"https:\/\/barmaniapro.com\/es\/producto\/estacion-de-entrenamiento-ultimate\/#primaryimage\"},\"thumbnailUrl\":\"https:\/\/barmaniapro.com\/wp-content\/uploads\/2024\/12\/BMP-52036_Workout-Station-Ultimate_classic_1-min.png\",\"datePublished\":\"2024-12-26T13:03:42+00:00\",\"dateModified\":\"2026-01-18T16:50:18+00:00\",\"breadcrumb\":{\"@id\":\"https:\/\/barmaniapro.com\/es\/producto\/estacion-de-entrenamiento-ultimate\/#breadcrumb\"},\"inLanguage\":\"es\",\"potentialAction\":[{\"@type\":\"ReadAction\",\"target\":[\"https:\/\/barmaniapro.com\/es\/producto\/estacion-de-entrenamiento-ultimate\/\"]}]},{\"@type\":\"ImageObject\",\"inLanguage\":\"es\",\"@id\":\"https:\/\/barmaniapro.com\/es\/producto\/estacion-de-entrenamiento-ultimate\/#primaryimage\",\"url\":\"https:\/\/barmaniapro.com\/wp-content\/uploads\/2024\/12\/BMP-52036_Workout-Station-Ultimate_classic_1-min.png\",\"contentUrl\":\"https:\/\/barmaniapro.com\/wp-content\/uploads\/2024\/12\/BMP-52036_Workout-Station-Ultimate_classic_1-min.png\",\"width\":1770,\"height\":1770},{\"@type\":\"BreadcrumbList\",\"@id\":\"https:\/\/barmaniapro.com\/es\/producto\/estacion-de-entrenamiento-ultimate\/#breadcrumb\",\"itemListElement\":[{\"@type\":\"ListItem\",\"position\":1,\"name\":\"Tienda\",\"item\":\"https:\/\/barmaniapro.com\/es\/tienda\/\"},{\"@type\":\"ListItem\",\"position\":2,\"name\":\"Estaci\u00f3n de entrenamiento ultimate\"}]},{\"@type\":\"WebSite\",\"@id\":\"https:\/\/barmaniapro.com\/es\/#website\",\"url\":\"https:\/\/barmaniapro.com\/es\/\",\"name\":\"BarManiaPro\",\"description\":\"Manufacturer of Calisthenics equipment\",\"potentialAction\":[{\"@type\":\"SearchAction\",\"target\":{\"@type\":\"EntryPoint\",\"urlTemplate\":\"https:\/\/barmaniapro.com\/es\/?s={search_term_string}\"},\"query-input\":{\"@type\":\"PropertyValueSpecification\",\"valueRequired\":true,\"valueName\":\"search_term_string\"}}],\"inLanguage\":\"es\"}]}<\/script>\n<!-- \/ Yoast SEO plugin. -->","yoast_head_json":{"title":"Estaci\u00f3n de entrenamiento ultimate - BarManiaPro","robots":{"index":"index","follow":"follow","max-snippet":"max-snippet:-1","max-image-preview":"max-image-preview:large","max-video-preview":"max-video-preview:-1"},"canonical":"https:\/\/barmaniapro.com\/es\/producto\/estacion-de-entrenamiento-ultimate\/","og_locale":"es_ES","og_type":"article","og_title":"Estaci\u00f3n de entrenamiento ultimate - BarManiaPro","og_description":"La estaci\u00f3n de entrenamiento ultimate de BarManiaPro\u00ae es la c\u00faspide de las configuraciones de entrenamiento multifuncionales, dise\u00f1ada para entusiastas de la calistenia y comunidades de fitness en espacios p\u00fablicos.  Construcci\u00f3n de acero pr\u00e9mium: Fabricado para durar, hecho de acero de primera calidad  Protecci\u00f3n contra el \u00f3xido de doble capa: El acabado de doble capa garantiza una protecci\u00f3n duradera contra el \u00f3xido y la corrosi\u00f3n  Dise\u00f1o que ahorra espacio: Perfecto para lugares con espacio limitado  Resistente a la intemperie: Dise\u00f1ado para uso en exteriores, este parque est\u00e1 construido para resistir a los elementos  F\u00e1cil instalaci\u00f3n y mantenimiento: El sistema de abrazadera patentado simplifica el montaje y el mantenimiento &nbsp;","og_url":"https:\/\/barmaniapro.com\/es\/producto\/estacion-de-entrenamiento-ultimate\/","og_site_name":"BarManiaPro","article_publisher":"https:\/\/www.facebook.com\/BarManiaPro\/","article_modified_time":"2026-01-18T16:50:18+00:00","og_image":[{"width":1770,"height":1770,"url":"https:\/\/barmaniapro.com\/wp-content\/uploads\/2024\/12\/BMP-52036_Workout-Station-Ultimate_classic_1-min.png","type":"image\/png"}],"twitter_card":"summary_large_image","twitter_misc":{"Tiempo de lectura":"2 minuto"},"schema":{"@context":"https:\/\/schema.org","@graph":[{"@type":"WebPage","@id":"https:\/\/barmaniapro.com\/es\/producto\/estacion-de-entrenamiento-ultimate\/","url":"https:\/\/barmaniapro.com\/es\/producto\/estacion-de-entrenamiento-ultimate\/","name":"Estaci\u00f3n de entrenamiento ultimate - BarManiaPro","isPartOf":{"@id":"https:\/\/barmaniapro.com\/es\/#website"},"primaryImageOfPage":{"@id":"https:\/\/barmaniapro.com\/es\/producto\/estacion-de-entrenamiento-ultimate\/#primaryimage"},"image":{"@id":"https:\/\/barmaniapro.com\/es\/producto\/estacion-de-entrenamiento-ultimate\/#primaryimage"},"thumbnailUrl":"https:\/\/barmaniapro.com\/wp-content\/uploads\/2024\/12\/BMP-52036_Workout-Station-Ultimate_classic_1-min.png","datePublished":"2024-12-26T13:03:42+00:00","dateModified":"2026-01-18T16:50:18+00:00","breadcrumb":{"@id":"https:\/\/barmaniapro.com\/es\/producto\/estacion-de-entrenamiento-ultimate\/#breadcrumb"},"inLanguage":"es","potentialAction":[{"@type":"ReadAction","target":["https:\/\/barmaniapro.com\/es\/producto\/estacion-de-entrenamiento-ultimate\/"]}]},{"@type":"ImageObject","inLanguage":"es","@id":"https:\/\/barmaniapro.com\/es\/producto\/estacion-de-entrenamiento-ultimate\/#primaryimage","url":"https:\/\/barmaniapro.com\/wp-content\/uploads\/2024\/12\/BMP-52036_Workout-Station-Ultimate_classic_1-min.png","contentUrl":"https:\/\/barmaniapro.com\/wp-content\/uploads\/2024\/12\/BMP-52036_Workout-Station-Ultimate_classic_1-min.png","width":1770,"height":1770},{"@type":"BreadcrumbList","@id":"https:\/\/barmaniapro.com\/es\/producto\/estacion-de-entrenamiento-ultimate\/#breadcrumb","itemListElement":[{"@type":"ListItem","position":1,"name":"Tienda","item":"https:\/\/barmaniapro.com\/es\/tienda\/"},{"@type":"ListItem","position":2,"name":"Estaci\u00f3n de entrenamiento ultimate"}]},{"@type":"WebSite","@id":"https:\/\/barmaniapro.com\/es\/#website","url":"https:\/\/barmaniapro.com\/es\/","name":"BarManiaPro","description":"Manufacturer of Calisthenics equipment","potentialAction":[{"@type":"SearchAction","target":{"@type":"EntryPoint","urlTemplate":"https:\/\/barmaniapro.com\/es\/?s={search_term_string}"},"query-input":{"@type":"PropertyValueSpecification","valueRequired":true,"valueName":"search_term_string"}}],"inLanguage":"es"}]}},"_links":{"self":[{"href":"https:\/\/barmaniapro.com\/es\/wp-json\/wp\/v2\/product\/14883","targetHints":{"allow":["GET"]}}],"collection":[{"href":"https:\/\/barmaniapro.com\/es\/wp-json\/wp\/v2\/product"}],"about":[{"href":"https:\/\/barmaniapro.com\/es\/wp-json\/wp\/v2\/types\/product"}],"replies":[{"embeddable":true,"href":"https:\/\/barmaniapro.com\/es\/wp-json\/wp\/v2\/comments?post=14883"}],"wp:featuredmedia":[{"embeddable":true,"href":"https:\/\/barmaniapro.com\/es\/wp-json\/wp\/v2\/media\/13804"}],"wp:attachment":[{"href":"https:\/\/barmaniapro.com\/es\/wp-json\/wp\/v2\/media?parent=14883"}],"wp:term":[{"taxonomy":"product_brand","embeddable":true,"href":"https:\/\/barmaniapro.com\/es\/wp-json\/wp\/v2\/product_brand?post=14883"},{"taxonomy":"product_cat","embeddable":true,"href":"https:\/\/barmaniapro.com\/es\/wp-json\/wp\/v2\/product_cat?post=14883"},{"taxonomy":"product_tag","embeddable":true,"href":"https:\/\/barmaniapro.com\/es\/wp-json\/wp\/v2\/product_tag?post=14883"}],"curies":[{"name":"wp","href":"https:\/\/api.w.org\/{rel}","templated":true}]}}