{"id":14881,"date":"2024-12-29T12:22:24","date_gmt":"2024-12-29T11:22:24","guid":{"rendered":"https:\/\/barmaniapro.com\/product\/configuracion-interior-1\/"},"modified":"2026-01-18T17:50:24","modified_gmt":"2026-01-18T16:50:24","slug":"configuracion-interior-1","status":"publish","type":"product","link":"https:\/\/barmaniapro.com\/es\/producto\/configuracion-interior-1\/","title":{"rendered":"Configuraci\u00f3n interior 1"},"content":{"rendered":"<p>Elija la configuraci\u00f3n interior 1 de BarManiaPro\u00ae para disfrutar de una soluci\u00f3n de calistenia interior fiable, duradera y emocionante que inspire estilos de vida activos y el progreso f\u00edsico para todos.<\/p>\n<ul>\n<li><strong>6 columnas (2600 mm):<\/strong> Soportes verticales duraderos dise\u00f1ados para brindar estabilidad y seguridad, lo que garantiza que la configuraci\u00f3n se mantenga firme durante los entrenamientos intensos.<\/li>\n<li><strong>2 barras paralelas:<\/strong> Ideales para fondos, L-sits y otros ejercicios b\u00e1sicos de calistenia, construidas para soportar un uso intensivo.<\/li>\n<li><strong>5 barras transversales (varias longitudes y di\u00e1metros):<\/strong> Una combinaci\u00f3n de longitudes y grosores de barra para facilitar una variedad de ejercicios, como dominadas, muscle-ups y levers.<\/li>\n<li><strong>1 barra de serpiente:<\/strong> Una barra curva \u00fanica dise\u00f1ada para agregar complejidad y desaf\u00edo a tus rutinas.<\/li>\n<li><strong>1 pared sueca:<\/strong> Una estaci\u00f3n vers\u00e1til de escalada y entrenamiento con el peso corporal, ideal para ejercicios de movilidad y fuerza.<\/li>\n<li><strong>18 juegos de abrazaderas:<\/strong> Abrazaderas fiables y de ingenier\u00eda de precisi\u00f3n para asegurar todos los componentes en su lugar para una instalaci\u00f3n segura y flexible.<\/li>\n<li><strong>Dise\u00f1o modular:<\/strong> Adaptable para adaptarse a diferentes dise\u00f1os de interiores y necesidades del usuario.<\/li>\n<li><strong>Calidad profesional:<\/strong> Fabricado con materiales de primera calidad para mayor durabilidad y rendimiento.<\/li>\n<li><strong>Opciones de entrenamiento vers\u00e1tiles:<\/strong> Admite una amplia gama de ejercicios de peso corporal, desde entrenamiento de fuerza hasta ejercicios de movilidad.<\/li>\n<li><strong>Seguro y f\u00e1cil de usar:<\/strong> Dise\u00f1ado para cumplir con altos est\u00e1ndares de seguridad, lo que lo hace adecuado para todos los niveles de condici\u00f3n f\u00edsica.<\/li>\n<\/ul>\n<p><strong>Ventajas:<\/strong><\/p>\n<ul>\n<li>Crea un parque de calistenia interior a gran escala en un espacio compacto.<\/li>\n<li>Fomenta las sesiones de entrenamiento multiusuario con estaciones variadas.<\/li>\n<li>Promueve la progresi\u00f3n de habilidades con opciones para ejercicios simples y avanzados.<\/li>\n<\/ul>\n","protected":false},"excerpt":{"rendered":"<p>Transforme cualquier espacio interior en un campo de entrenamiento de calistenia de \u00faltima generaci\u00f3n con la configuraci\u00f3n interior 1 de BarManiaPro\u00ae.<\/p>\n<p>Dise\u00f1ada para gimnasios, centros de entrenamiento y escuelas, esta configuraci\u00f3n vers\u00e1til y modular ofrece una amplia variedad de estaciones de entrenamiento para adaptarse tanto a principiantes como a atletas experimentados.<\/p>\n","protected":false},"featured_media":13834,"comment_status":"open","ping_status":"closed","template":"","meta":{"_acf_changed":false,"inline_featured_image":false},"product_brand":[],"product_cat":[614,700],"product_tag":[611],"class_list":{"0":"post-14881","1":"product","2":"type-product","3":"status-publish","4":"has-post-thumbnail","6":"product_cat-equipo","7":"product_cat-equipamiento-interior","8":"product_tag-calistenia","10":"first","11":"onbackorder","12":"taxable","13":"shipping-taxable","14":"purchasable","15":"product-type-simple"},"acf":[],"yoast_head":"<!-- This site is optimized with the Yoast SEO plugin v26.2 - https:\/\/yoast.com\/wordpress\/plugins\/seo\/ -->\n<title>Configuraci\u00f3n interior 1 - BarManiaPro<\/title>\n<meta name=\"robots\" content=\"index, follow, max-snippet:-1, max-image-preview:large, max-video-preview:-1\" \/>\n<link rel=\"canonical\" href=\"https:\/\/barmaniapro.com\/es\/producto\/configuracion-interior-1\/\" \/>\n<meta property=\"og:locale\" content=\"es_ES\" \/>\n<meta property=\"og:type\" content=\"article\" \/>\n<meta property=\"og:title\" content=\"Configuraci\u00f3n interior 1 - BarManiaPro\" \/>\n<meta property=\"og:description\" content=\"Transforme cualquier espacio interior en un campo de entrenamiento de calistenia de \u00faltima generaci\u00f3n con la configuraci\u00f3n interior 1 de BarManiaPro\u00ae. Dise\u00f1ada para gimnasios, centros de entrenamiento y escuelas, esta configuraci\u00f3n vers\u00e1til y modular ofrece una amplia variedad de estaciones de entrenamiento para adaptarse tanto a principiantes como a atletas experimentados.\" \/>\n<meta property=\"og:url\" content=\"https:\/\/barmaniapro.com\/es\/producto\/configuracion-interior-1\/\" \/>\n<meta property=\"og:site_name\" content=\"BarManiaPro\" \/>\n<meta property=\"article:publisher\" content=\"https:\/\/www.facebook.com\/BarManiaPro\/\" \/>\n<meta property=\"article:modified_time\" content=\"2026-01-18T16:50:24+00:00\" \/>\n<meta property=\"og:image\" content=\"https:\/\/barmaniapro.com\/wp-content\/uploads\/2024\/12\/BMP-82001_Indoor-setup-1_classic_1-min-1.png\" \/>\n\t<meta property=\"og:image:width\" content=\"3010\" \/>\n\t<meta property=\"og:image:height\" content=\"1740\" \/>\n\t<meta property=\"og:image:type\" content=\"image\/png\" \/>\n<meta name=\"twitter:card\" content=\"summary_large_image\" \/>\n<meta name=\"twitter:label1\" content=\"Tiempo de lectura\" \/>\n\t<meta name=\"twitter:data1\" content=\"1 minuto\" \/>\n<script type=\"application\/ld+json\" class=\"yoast-schema-graph\">{\"@context\":\"https:\/\/schema.org\",\"@graph\":[{\"@type\":\"WebPage\",\"@id\":\"https:\/\/barmaniapro.com\/es\/producto\/configuracion-interior-1\/\",\"url\":\"https:\/\/barmaniapro.com\/es\/producto\/configuracion-interior-1\/\",\"name\":\"Configuraci\u00f3n interior 1 - BarManiaPro\",\"isPartOf\":{\"@id\":\"https:\/\/barmaniapro.com\/es\/#website\"},\"primaryImageOfPage\":{\"@id\":\"https:\/\/barmaniapro.com\/es\/producto\/configuracion-interior-1\/#primaryimage\"},\"image\":{\"@id\":\"https:\/\/barmaniapro.com\/es\/producto\/configuracion-interior-1\/#primaryimage\"},\"thumbnailUrl\":\"https:\/\/barmaniapro.com\/wp-content\/uploads\/2024\/12\/BMP-82001_Indoor-setup-1_classic_1-min-1.png\",\"datePublished\":\"2024-12-29T11:22:24+00:00\",\"dateModified\":\"2026-01-18T16:50:24+00:00\",\"breadcrumb\":{\"@id\":\"https:\/\/barmaniapro.com\/es\/producto\/configuracion-interior-1\/#breadcrumb\"},\"inLanguage\":\"es\",\"potentialAction\":[{\"@type\":\"ReadAction\",\"target\":[\"https:\/\/barmaniapro.com\/es\/producto\/configuracion-interior-1\/\"]}]},{\"@type\":\"ImageObject\",\"inLanguage\":\"es\",\"@id\":\"https:\/\/barmaniapro.com\/es\/producto\/configuracion-interior-1\/#primaryimage\",\"url\":\"https:\/\/barmaniapro.com\/wp-content\/uploads\/2024\/12\/BMP-82001_Indoor-setup-1_classic_1-min-1.png\",\"contentUrl\":\"https:\/\/barmaniapro.com\/wp-content\/uploads\/2024\/12\/BMP-82001_Indoor-setup-1_classic_1-min-1.png\",\"width\":3010,\"height\":1740},{\"@type\":\"BreadcrumbList\",\"@id\":\"https:\/\/barmaniapro.com\/es\/producto\/configuracion-interior-1\/#breadcrumb\",\"itemListElement\":[{\"@type\":\"ListItem\",\"position\":1,\"name\":\"Tienda\",\"item\":\"https:\/\/barmaniapro.com\/es\/tienda\/\"},{\"@type\":\"ListItem\",\"position\":2,\"name\":\"Configuraci\u00f3n interior 1\"}]},{\"@type\":\"WebSite\",\"@id\":\"https:\/\/barmaniapro.com\/es\/#website\",\"url\":\"https:\/\/barmaniapro.com\/es\/\",\"name\":\"BarManiaPro\",\"description\":\"Manufacturer of Calisthenics equipment\",\"potentialAction\":[{\"@type\":\"SearchAction\",\"target\":{\"@type\":\"EntryPoint\",\"urlTemplate\":\"https:\/\/barmaniapro.com\/es\/?s={search_term_string}\"},\"query-input\":{\"@type\":\"PropertyValueSpecification\",\"valueRequired\":true,\"valueName\":\"search_term_string\"}}],\"inLanguage\":\"es\"}]}<\/script>\n<!-- \/ Yoast SEO plugin. -->","yoast_head_json":{"title":"Configuraci\u00f3n interior 1 - BarManiaPro","robots":{"index":"index","follow":"follow","max-snippet":"max-snippet:-1","max-image-preview":"max-image-preview:large","max-video-preview":"max-video-preview:-1"},"canonical":"https:\/\/barmaniapro.com\/es\/producto\/configuracion-interior-1\/","og_locale":"es_ES","og_type":"article","og_title":"Configuraci\u00f3n interior 1 - BarManiaPro","og_description":"Transforme cualquier espacio interior en un campo de entrenamiento de calistenia de \u00faltima generaci\u00f3n con la configuraci\u00f3n interior 1 de BarManiaPro\u00ae. Dise\u00f1ada para gimnasios, centros de entrenamiento y escuelas, esta configuraci\u00f3n vers\u00e1til y modular ofrece una amplia variedad de estaciones de entrenamiento para adaptarse tanto a principiantes como a atletas experimentados.","og_url":"https:\/\/barmaniapro.com\/es\/producto\/configuracion-interior-1\/","og_site_name":"BarManiaPro","article_publisher":"https:\/\/www.facebook.com\/BarManiaPro\/","article_modified_time":"2026-01-18T16:50:24+00:00","og_image":[{"width":3010,"height":1740,"url":"https:\/\/barmaniapro.com\/wp-content\/uploads\/2024\/12\/BMP-82001_Indoor-setup-1_classic_1-min-1.png","type":"image\/png"}],"twitter_card":"summary_large_image","twitter_misc":{"Tiempo de lectura":"1 minuto"},"schema":{"@context":"https:\/\/schema.org","@graph":[{"@type":"WebPage","@id":"https:\/\/barmaniapro.com\/es\/producto\/configuracion-interior-1\/","url":"https:\/\/barmaniapro.com\/es\/producto\/configuracion-interior-1\/","name":"Configuraci\u00f3n interior 1 - BarManiaPro","isPartOf":{"@id":"https:\/\/barmaniapro.com\/es\/#website"},"primaryImageOfPage":{"@id":"https:\/\/barmaniapro.com\/es\/producto\/configuracion-interior-1\/#primaryimage"},"image":{"@id":"https:\/\/barmaniapro.com\/es\/producto\/configuracion-interior-1\/#primaryimage"},"thumbnailUrl":"https:\/\/barmaniapro.com\/wp-content\/uploads\/2024\/12\/BMP-82001_Indoor-setup-1_classic_1-min-1.png","datePublished":"2024-12-29T11:22:24+00:00","dateModified":"2026-01-18T16:50:24+00:00","breadcrumb":{"@id":"https:\/\/barmaniapro.com\/es\/producto\/configuracion-interior-1\/#breadcrumb"},"inLanguage":"es","potentialAction":[{"@type":"ReadAction","target":["https:\/\/barmaniapro.com\/es\/producto\/configuracion-interior-1\/"]}]},{"@type":"ImageObject","inLanguage":"es","@id":"https:\/\/barmaniapro.com\/es\/producto\/configuracion-interior-1\/#primaryimage","url":"https:\/\/barmaniapro.com\/wp-content\/uploads\/2024\/12\/BMP-82001_Indoor-setup-1_classic_1-min-1.png","contentUrl":"https:\/\/barmaniapro.com\/wp-content\/uploads\/2024\/12\/BMP-82001_Indoor-setup-1_classic_1-min-1.png","width":3010,"height":1740},{"@type":"BreadcrumbList","@id":"https:\/\/barmaniapro.com\/es\/producto\/configuracion-interior-1\/#breadcrumb","itemListElement":[{"@type":"ListItem","position":1,"name":"Tienda","item":"https:\/\/barmaniapro.com\/es\/tienda\/"},{"@type":"ListItem","position":2,"name":"Configuraci\u00f3n interior 1"}]},{"@type":"WebSite","@id":"https:\/\/barmaniapro.com\/es\/#website","url":"https:\/\/barmaniapro.com\/es\/","name":"BarManiaPro","description":"Manufacturer of Calisthenics equipment","potentialAction":[{"@type":"SearchAction","target":{"@type":"EntryPoint","urlTemplate":"https:\/\/barmaniapro.com\/es\/?s={search_term_string}"},"query-input":{"@type":"PropertyValueSpecification","valueRequired":true,"valueName":"search_term_string"}}],"inLanguage":"es"}]}},"_links":{"self":[{"href":"https:\/\/barmaniapro.com\/es\/wp-json\/wp\/v2\/product\/14881","targetHints":{"allow":["GET"]}}],"collection":[{"href":"https:\/\/barmaniapro.com\/es\/wp-json\/wp\/v2\/product"}],"about":[{"href":"https:\/\/barmaniapro.com\/es\/wp-json\/wp\/v2\/types\/product"}],"replies":[{"embeddable":true,"href":"https:\/\/barmaniapro.com\/es\/wp-json\/wp\/v2\/comments?post=14881"}],"wp:featuredmedia":[{"embeddable":true,"href":"https:\/\/barmaniapro.com\/es\/wp-json\/wp\/v2\/media\/13834"}],"wp:attachment":[{"href":"https:\/\/barmaniapro.com\/es\/wp-json\/wp\/v2\/media?parent=14881"}],"wp:term":[{"taxonomy":"product_brand","embeddable":true,"href":"https:\/\/barmaniapro.com\/es\/wp-json\/wp\/v2\/product_brand?post=14881"},{"taxonomy":"product_cat","embeddable":true,"href":"https:\/\/barmaniapro.com\/es\/wp-json\/wp\/v2\/product_cat?post=14881"},{"taxonomy":"product_tag","embeddable":true,"href":"https:\/\/barmaniapro.com\/es\/wp-json\/wp\/v2\/product_tag?post=14881"}],"curies":[{"name":"wp","href":"https:\/\/api.w.org\/{rel}","templated":true}]}}