{"id":14879,"date":"2024-12-19T10:30:05","date_gmt":"2024-12-19T09:30:05","guid":{"rendered":"https:\/\/barmaniapro.com\/product\/botella-de-acero-inoxidable-de-500-ml\/"},"modified":"2026-01-18T17:50:11","modified_gmt":"2026-01-18T16:50:11","slug":"botella-de-acero-inoxidable-de-500-ml","status":"publish","type":"product","link":"https:\/\/barmaniapro.com\/es\/producto\/botella-de-acero-inoxidable-de-500-ml\/","title":{"rendered":"Botella de acero inoxidable de 500 ml"},"content":{"rendered":"<div class=\"flex-shrink-0 flex flex-col relative items-end\">\n<div class=\"pt-0\">\n<div class=\"gizmo-bot-avatar flex h-8 w-8 items-center justify-center overflow-hidden rounded-full\">\n<div class=\"relative p-1 rounded-sm flex items-center justify-center bg-token-main-surface-primary text-token-text-primary h-8 w-8\">\n<p>Mejora tu hidrataci\u00f3n con la botella de acero inoxidable de 500 ml de BarManiaPro\u00ae: la botella de agua ideal para atletas de calistenia que desean una soluci\u00f3n de hidrataci\u00f3n funcional, elegante y ecol\u00f3gica durante cada entrenamiento.<\/p>\n<h6>Caracter\u00edsticas principales<\/h6>\n<\/div>\n<\/div>\n<\/div>\n<\/div>\n<ul>\n<li><strong>Acero inoxidable con aislamiento de doble pared<\/strong>: La construcci\u00f3n de doble pared proporciona un aislamiento superior, manteniendo tus bebidas fr\u00edas durante horas, ya sea en el gimnasio o fuera de casa.<\/li>\n<li><strong>Impresi\u00f3n de goma revestida<\/strong>: El elegante acabado de goma revestida antideslizante ofrece un agarre c\u00f3modo, lo que facilita su sujeci\u00f3n durante tus intensas rutinas de entrenamiento. Adem\u00e1s, el dise\u00f1o impreso a\u00f1ade un toque de estilo a tu equipo de hidrataci\u00f3n. <\/li>\n<li><strong>Compacta y pr\u00e1ctica<\/strong>: Con un di\u00e1metro de <strong>\u00f8 7,4 cm<\/strong> y una altura de <strong>23,5 cm<\/strong>, esta botella cabe f\u00e1cilmente en bolsas de gimnasio, mochilas o portabotellas, lo que la convierte en la compa\u00f1era perfecta para cualquier entrenamiento.<\/li>\n<li><strong>Capacidad de 500 ml<\/strong>: Esta botella tiene una capacidad de <strong>500 ml<\/strong> de tu bebida favorita, lo que proporciona la cantidad perfecta de hidrataci\u00f3n para tu sesi\u00f3n de entrenamiento sin ser voluminosa ni engorrosa.<\/li>\n<li><strong>Sin BPA<\/strong>: Fabricada con materiales de alta calidad <strong>sin BPA<\/strong>, esta botella garantiza que tus bebidas sean seguras y est\u00e9n libres de productos qu\u00edmicos nocivos.<\/li>\n<\/ul>\n<h6><\/h6>\n<h6>\u00bfPor qu\u00e9 elegir la botella de acero inoxidable de 500 ml de BarManiaPro\u00ae?<\/h6>\n<ul>\n<li><strong>Ideal para calistenia<\/strong>: Ya sea que est\u00e9s haciendo dominadas, muscle-ups o cualquier entrenamiento de alta intensidad, esta botella te ofrece la hidrataci\u00f3n que necesitas para seguir superando tus l\u00edmites.<\/li>\n<li><strong>Mantiene las bebidas fr\u00edas<\/strong>: El aislamiento de doble pared mantiene tus bebidas fr\u00edas durante m\u00e1s tiempo, para que puedas disfrutar de una hidrataci\u00f3n refrescante durante y despu\u00e9s de tu entrenamiento.<\/li>\n<li><strong>Duradera y de larga duraci\u00f3n<\/strong>: La construcci\u00f3n de acero inoxidable de primera calidad garantiza que la botella pueda soportar incluso los entrenamientos m\u00e1s duros y el uso diario.<\/li>\n<li><strong>Ecol\u00f3gica<\/strong>: Al elegir una botella reutilizable y sin BPA, est\u00e1s tomando una decisi\u00f3n sostenible que reduce los residuos pl\u00e1sticos de un solo uso.<\/li>\n<\/ul>\n","protected":false},"excerpt":{"rendered":"<p><strong>Mantente fresco y lleno de energ\u00eda durante tus entrenamientos de calistenia con la botella de acero inoxidable de 500 ml de BarManiaPro\u00ae.<\/strong><\/p>\n<p>Dise\u00f1ada para atletas que exigen rendimiento y estilo, esta botella aislada de alta calidad mantiene tus bebidas a la temperatura perfecta, ya sea que est\u00e9s entrenando en interiores o exteriores. Fabricada con acero inoxidable duradero de doble pared, garantiza que tu agua se mantenga fr\u00eda y tus manos secas.<\/p>\n","protected":false},"featured_media":13934,"comment_status":"open","ping_status":"closed","template":"","meta":{"_acf_changed":false,"inline_featured_image":false},"product_brand":[],"product_cat":[657,658,630],"product_tag":[611],"class_list":{"0":"post-14879","1":"product","2":"type-product","3":"status-publish","4":"has-post-thumbnail","6":"product_cat-ropa","7":"product_cat-mochilas-y-bolsas","8":"product_cat-accesorios","9":"product_tag-calistenia","11":"first","12":"instock","13":"taxable","14":"shipping-taxable","15":"purchasable","16":"product-type-simple"},"acf":[],"yoast_head":"<!-- This site is optimized with the Yoast SEO plugin v26.2 - https:\/\/yoast.com\/wordpress\/plugins\/seo\/ -->\n<title>Botella de acero inoxidable de 500 ml - BarManiaPro<\/title>\n<meta name=\"robots\" content=\"index, follow, max-snippet:-1, max-image-preview:large, max-video-preview:-1\" \/>\n<link rel=\"canonical\" href=\"https:\/\/barmaniapro.com\/es\/producto\/botella-de-acero-inoxidable-de-500-ml\/\" \/>\n<meta property=\"og:locale\" content=\"es_ES\" \/>\n<meta property=\"og:type\" content=\"article\" \/>\n<meta property=\"og:title\" content=\"Botella de acero inoxidable de 500 ml - BarManiaPro\" \/>\n<meta property=\"og:description\" content=\"Mantente fresco y lleno de energ\u00eda durante tus entrenamientos de calistenia con la botella de acero inoxidable de 500 ml de BarManiaPro\u00ae. Dise\u00f1ada para atletas que exigen rendimiento y estilo, esta botella aislada de alta calidad mantiene tus bebidas a la temperatura perfecta, ya sea que est\u00e9s entrenando en interiores o exteriores. Fabricada con acero inoxidable duradero de doble pared, garantiza que tu agua se mantenga fr\u00eda y tus manos secas.\" \/>\n<meta property=\"og:url\" content=\"https:\/\/barmaniapro.com\/es\/producto\/botella-de-acero-inoxidable-de-500-ml\/\" \/>\n<meta property=\"og:site_name\" content=\"BarManiaPro\" \/>\n<meta property=\"article:publisher\" content=\"https:\/\/www.facebook.com\/BarManiaPro\/\" \/>\n<meta property=\"article:modified_time\" content=\"2026-01-18T16:50:11+00:00\" \/>\n<meta property=\"og:image\" content=\"https:\/\/barmaniapro.com\/wp-content\/uploads\/2024\/12\/BarManiaPro\u00ae-Stainless-steel-bottle-500ml_inPixio.jpg\" \/>\n\t<meta property=\"og:image:width\" content=\"409\" \/>\n\t<meta property=\"og:image:height\" content=\"572\" \/>\n\t<meta property=\"og:image:type\" content=\"image\/jpeg\" \/>\n<meta name=\"twitter:card\" content=\"summary_large_image\" \/>\n<meta name=\"twitter:label1\" content=\"Tiempo de lectura\" \/>\n\t<meta name=\"twitter:data1\" content=\"2 minuto\" \/>\n<script type=\"application\/ld+json\" class=\"yoast-schema-graph\">{\"@context\":\"https:\/\/schema.org\",\"@graph\":[{\"@type\":\"WebPage\",\"@id\":\"https:\/\/barmaniapro.com\/es\/producto\/botella-de-acero-inoxidable-de-500-ml\/\",\"url\":\"https:\/\/barmaniapro.com\/es\/producto\/botella-de-acero-inoxidable-de-500-ml\/\",\"name\":\"Botella de acero inoxidable de 500 ml - BarManiaPro\",\"isPartOf\":{\"@id\":\"https:\/\/barmaniapro.com\/es\/#website\"},\"primaryImageOfPage\":{\"@id\":\"https:\/\/barmaniapro.com\/es\/producto\/botella-de-acero-inoxidable-de-500-ml\/#primaryimage\"},\"image\":{\"@id\":\"https:\/\/barmaniapro.com\/es\/producto\/botella-de-acero-inoxidable-de-500-ml\/#primaryimage\"},\"thumbnailUrl\":\"https:\/\/barmaniapro.com\/wp-content\/uploads\/2024\/12\/BarManiaPro\u00ae-Stainless-steel-bottle-500ml_inPixio.jpg\",\"datePublished\":\"2024-12-19T09:30:05+00:00\",\"dateModified\":\"2026-01-18T16:50:11+00:00\",\"breadcrumb\":{\"@id\":\"https:\/\/barmaniapro.com\/es\/producto\/botella-de-acero-inoxidable-de-500-ml\/#breadcrumb\"},\"inLanguage\":\"es\",\"potentialAction\":[{\"@type\":\"ReadAction\",\"target\":[\"https:\/\/barmaniapro.com\/es\/producto\/botella-de-acero-inoxidable-de-500-ml\/\"]}]},{\"@type\":\"ImageObject\",\"inLanguage\":\"es\",\"@id\":\"https:\/\/barmaniapro.com\/es\/producto\/botella-de-acero-inoxidable-de-500-ml\/#primaryimage\",\"url\":\"https:\/\/barmaniapro.com\/wp-content\/uploads\/2024\/12\/BarManiaPro\u00ae-Stainless-steel-bottle-500ml_inPixio.jpg\",\"contentUrl\":\"https:\/\/barmaniapro.com\/wp-content\/uploads\/2024\/12\/BarManiaPro\u00ae-Stainless-steel-bottle-500ml_inPixio.jpg\",\"width\":409,\"height\":572},{\"@type\":\"BreadcrumbList\",\"@id\":\"https:\/\/barmaniapro.com\/es\/producto\/botella-de-acero-inoxidable-de-500-ml\/#breadcrumb\",\"itemListElement\":[{\"@type\":\"ListItem\",\"position\":1,\"name\":\"Tienda\",\"item\":\"https:\/\/barmaniapro.com\/es\/tienda\/\"},{\"@type\":\"ListItem\",\"position\":2,\"name\":\"Botella de acero inoxidable de 500 ml\"}]},{\"@type\":\"WebSite\",\"@id\":\"https:\/\/barmaniapro.com\/es\/#website\",\"url\":\"https:\/\/barmaniapro.com\/es\/\",\"name\":\"BarManiaPro\",\"description\":\"Manufacturer of Calisthenics equipment\",\"potentialAction\":[{\"@type\":\"SearchAction\",\"target\":{\"@type\":\"EntryPoint\",\"urlTemplate\":\"https:\/\/barmaniapro.com\/es\/?s={search_term_string}\"},\"query-input\":{\"@type\":\"PropertyValueSpecification\",\"valueRequired\":true,\"valueName\":\"search_term_string\"}}],\"inLanguage\":\"es\"}]}<\/script>\n<!-- \/ Yoast SEO plugin. -->","yoast_head_json":{"title":"Botella de acero inoxidable de 500 ml - BarManiaPro","robots":{"index":"index","follow":"follow","max-snippet":"max-snippet:-1","max-image-preview":"max-image-preview:large","max-video-preview":"max-video-preview:-1"},"canonical":"https:\/\/barmaniapro.com\/es\/producto\/botella-de-acero-inoxidable-de-500-ml\/","og_locale":"es_ES","og_type":"article","og_title":"Botella de acero inoxidable de 500 ml - BarManiaPro","og_description":"Mantente fresco y lleno de energ\u00eda durante tus entrenamientos de calistenia con la botella de acero inoxidable de 500 ml de BarManiaPro\u00ae. Dise\u00f1ada para atletas que exigen rendimiento y estilo, esta botella aislada de alta calidad mantiene tus bebidas a la temperatura perfecta, ya sea que est\u00e9s entrenando en interiores o exteriores. Fabricada con acero inoxidable duradero de doble pared, garantiza que tu agua se mantenga fr\u00eda y tus manos secas.","og_url":"https:\/\/barmaniapro.com\/es\/producto\/botella-de-acero-inoxidable-de-500-ml\/","og_site_name":"BarManiaPro","article_publisher":"https:\/\/www.facebook.com\/BarManiaPro\/","article_modified_time":"2026-01-18T16:50:11+00:00","og_image":[{"width":409,"height":572,"url":"https:\/\/barmaniapro.com\/wp-content\/uploads\/2024\/12\/BarManiaPro\u00ae-Stainless-steel-bottle-500ml_inPixio.jpg","type":"image\/jpeg"}],"twitter_card":"summary_large_image","twitter_misc":{"Tiempo de lectura":"2 minuto"},"schema":{"@context":"https:\/\/schema.org","@graph":[{"@type":"WebPage","@id":"https:\/\/barmaniapro.com\/es\/producto\/botella-de-acero-inoxidable-de-500-ml\/","url":"https:\/\/barmaniapro.com\/es\/producto\/botella-de-acero-inoxidable-de-500-ml\/","name":"Botella de acero inoxidable de 500 ml - BarManiaPro","isPartOf":{"@id":"https:\/\/barmaniapro.com\/es\/#website"},"primaryImageOfPage":{"@id":"https:\/\/barmaniapro.com\/es\/producto\/botella-de-acero-inoxidable-de-500-ml\/#primaryimage"},"image":{"@id":"https:\/\/barmaniapro.com\/es\/producto\/botella-de-acero-inoxidable-de-500-ml\/#primaryimage"},"thumbnailUrl":"https:\/\/barmaniapro.com\/wp-content\/uploads\/2024\/12\/BarManiaPro\u00ae-Stainless-steel-bottle-500ml_inPixio.jpg","datePublished":"2024-12-19T09:30:05+00:00","dateModified":"2026-01-18T16:50:11+00:00","breadcrumb":{"@id":"https:\/\/barmaniapro.com\/es\/producto\/botella-de-acero-inoxidable-de-500-ml\/#breadcrumb"},"inLanguage":"es","potentialAction":[{"@type":"ReadAction","target":["https:\/\/barmaniapro.com\/es\/producto\/botella-de-acero-inoxidable-de-500-ml\/"]}]},{"@type":"ImageObject","inLanguage":"es","@id":"https:\/\/barmaniapro.com\/es\/producto\/botella-de-acero-inoxidable-de-500-ml\/#primaryimage","url":"https:\/\/barmaniapro.com\/wp-content\/uploads\/2024\/12\/BarManiaPro\u00ae-Stainless-steel-bottle-500ml_inPixio.jpg","contentUrl":"https:\/\/barmaniapro.com\/wp-content\/uploads\/2024\/12\/BarManiaPro\u00ae-Stainless-steel-bottle-500ml_inPixio.jpg","width":409,"height":572},{"@type":"BreadcrumbList","@id":"https:\/\/barmaniapro.com\/es\/producto\/botella-de-acero-inoxidable-de-500-ml\/#breadcrumb","itemListElement":[{"@type":"ListItem","position":1,"name":"Tienda","item":"https:\/\/barmaniapro.com\/es\/tienda\/"},{"@type":"ListItem","position":2,"name":"Botella de acero inoxidable de 500 ml"}]},{"@type":"WebSite","@id":"https:\/\/barmaniapro.com\/es\/#website","url":"https:\/\/barmaniapro.com\/es\/","name":"BarManiaPro","description":"Manufacturer of Calisthenics equipment","potentialAction":[{"@type":"SearchAction","target":{"@type":"EntryPoint","urlTemplate":"https:\/\/barmaniapro.com\/es\/?s={search_term_string}"},"query-input":{"@type":"PropertyValueSpecification","valueRequired":true,"valueName":"search_term_string"}}],"inLanguage":"es"}]}},"_links":{"self":[{"href":"https:\/\/barmaniapro.com\/es\/wp-json\/wp\/v2\/product\/14879","targetHints":{"allow":["GET"]}}],"collection":[{"href":"https:\/\/barmaniapro.com\/es\/wp-json\/wp\/v2\/product"}],"about":[{"href":"https:\/\/barmaniapro.com\/es\/wp-json\/wp\/v2\/types\/product"}],"replies":[{"embeddable":true,"href":"https:\/\/barmaniapro.com\/es\/wp-json\/wp\/v2\/comments?post=14879"}],"wp:featuredmedia":[{"embeddable":true,"href":"https:\/\/barmaniapro.com\/es\/wp-json\/wp\/v2\/media\/13934"}],"wp:attachment":[{"href":"https:\/\/barmaniapro.com\/es\/wp-json\/wp\/v2\/media?parent=14879"}],"wp:term":[{"taxonomy":"product_brand","embeddable":true,"href":"https:\/\/barmaniapro.com\/es\/wp-json\/wp\/v2\/product_brand?post=14879"},{"taxonomy":"product_cat","embeddable":true,"href":"https:\/\/barmaniapro.com\/es\/wp-json\/wp\/v2\/product_cat?post=14879"},{"taxonomy":"product_tag","embeddable":true,"href":"https:\/\/barmaniapro.com\/es\/wp-json\/wp\/v2\/product_tag?post=14879"}],"curies":[{"name":"wp","href":"https:\/\/api.w.org\/{rel}","templated":true}]}}