{"id":14870,"date":"2024-11-25T17:02:24","date_gmt":"2024-11-25T16:02:24","guid":{"rendered":"https:\/\/barmaniapro.com\/product\/legtrainer-bajo\/"},"modified":"2026-01-18T17:49:52","modified_gmt":"2026-01-18T16:49:52","slug":"legtrainer-bajo","status":"publish","type":"product","link":"https:\/\/barmaniapro.com\/es\/producto\/legtrainer-bajo\/","title":{"rendered":"Legtrainer bajo"},"content":{"rendered":"<ul>\n<li><strong>Vigas de madera de Bilinga de baja altura:<\/strong> Las vigas de madera de Bilinga est\u00e1n colocadas a baja altura, lo que ofrece opciones para ejercicios dirigidos a diferentes grupos musculares y niveles de habilidad.<\/li>\n<li><strong>Dise\u00f1o de cuatro columnas:<\/strong> La robusta construcci\u00f3n de cuatro columnas garantiza una estabilidad y durabilidad excepcionales, lo que permite realizar entrenamientos seguros y de alta intensidad.<\/li>\n<li><strong>Madera de Bilinga duradera:<\/strong> Fabricado con madera de Bilinga de alta calidad, conocida por su resistencia y durabilidad, lo que garantiza que las vigas permanezcan seguras y fiables.<\/li>\n<li><strong>Opciones de entrenamiento vers\u00e1tiles:<\/strong> La baja altura le permite realizar una variedad de ejercicios como step-ups, estocadas, sentadillas, saltos de caja, ejercicios de agilidad y pliometr\u00eda.<\/li>\n<li><strong>Acabado resistente a la intemperie:<\/strong> Dise\u00f1ado para entornos exteriores con un revestimiento resistente a la intemperie que resiste el \u00f3xido y el desgaste, lo que garantiza un rendimiento duradero en todas las condiciones.<\/li>\n<li><strong>Dise\u00f1o que ahorra espacio:<\/strong> Ideal para parques de calistenia, gimnasios o espacios de fitness personales, que ofrece una soluci\u00f3n compacta pero eficaz para el entrenamiento de la parte inferior del cuerpo.<\/li>\n<\/ul>\n","protected":false},"excerpt":{"rendered":"<p>El legtrainer multifuncional Low est\u00e1 hecho de un banco colocado horizontalmente a una altura de 20 cm y est\u00e1 dise\u00f1ado para saltos de caja, sentadilla a una pierna, sentadillas, abdominales, sentarse, equilibrarse, saltar y muchos m\u00e1s ejercicios. La salud de los usuarios puede mejorarse a trav\u00e9s de una variedad de entrenamientos que mejoran la aptitud cardiovascular, la fuerza, la flexibilidad y el bienestar general. <\/p>\n<p>El equipo BarManiaPro\u00ae es perfectamente adecuado para cualquier espacio. \u00a1Lo sue\u00f1as, lo construimos! <\/p>\n","protected":false},"featured_media":13540,"comment_status":"open","ping_status":"closed","template":"","meta":{"_acf_changed":false,"inline_featured_image":false},"product_brand":[],"product_cat":[610,614],"product_tag":[611],"class_list":{"0":"post-14870","1":"product","2":"type-product","3":"status-publish","4":"has-post-thumbnail","6":"product_cat-calistenia-es","7":"product_cat-equipo","8":"product_tag-calistenia","10":"first","11":"instock","12":"taxable","13":"shipping-taxable","14":"product-type-simple"},"acf":[],"yoast_head":"<!-- This site is optimized with the Yoast SEO plugin v26.2 - https:\/\/yoast.com\/wordpress\/plugins\/seo\/ -->\n<title>Legtrainer bajo - BarManiaPro<\/title>\n<meta name=\"robots\" content=\"index, follow, max-snippet:-1, max-image-preview:large, max-video-preview:-1\" \/>\n<link rel=\"canonical\" href=\"https:\/\/barmaniapro.com\/es\/producto\/legtrainer-bajo\/\" \/>\n<meta property=\"og:locale\" content=\"es_ES\" \/>\n<meta property=\"og:type\" content=\"article\" \/>\n<meta property=\"og:title\" content=\"Legtrainer bajo - BarManiaPro\" \/>\n<meta property=\"og:description\" content=\"El legtrainer multifuncional Low est\u00e1 hecho de un banco colocado horizontalmente a una altura de 20 cm y est\u00e1 dise\u00f1ado para saltos de caja, sentadilla a una pierna, sentadillas, abdominales, sentarse, equilibrarse, saltar y muchos m\u00e1s ejercicios. La salud de los usuarios puede mejorarse a trav\u00e9s de una variedad de entrenamientos que mejoran la aptitud cardiovascular, la fuerza, la flexibilidad y el bienestar general.  El equipo BarManiaPro\u00ae es perfectamente adecuado para cualquier espacio. \u00a1Lo sue\u00f1as, lo construimos!\" \/>\n<meta property=\"og:url\" content=\"https:\/\/barmaniapro.com\/es\/producto\/legtrainer-bajo\/\" \/>\n<meta property=\"og:site_name\" content=\"BarManiaPro\" \/>\n<meta property=\"article:publisher\" content=\"https:\/\/www.facebook.com\/BarManiaPro\/\" \/>\n<meta property=\"article:modified_time\" content=\"2026-01-18T16:49:52+00:00\" \/>\n<meta property=\"og:image\" content=\"https:\/\/barmaniapro.com\/wp-content\/uploads\/2024\/11\/BMP-51068_Legtrainer-low_classic_1-min.png\" \/>\n\t<meta property=\"og:image:width\" content=\"1770\" \/>\n\t<meta property=\"og:image:height\" content=\"1770\" \/>\n\t<meta property=\"og:image:type\" content=\"image\/png\" \/>\n<meta name=\"twitter:card\" content=\"summary_large_image\" \/>\n<meta name=\"twitter:label1\" content=\"Tiempo de lectura\" \/>\n\t<meta name=\"twitter:data1\" content=\"1 minuto\" \/>\n<script type=\"application\/ld+json\" class=\"yoast-schema-graph\">{\"@context\":\"https:\/\/schema.org\",\"@graph\":[{\"@type\":\"WebPage\",\"@id\":\"https:\/\/barmaniapro.com\/es\/producto\/legtrainer-bajo\/\",\"url\":\"https:\/\/barmaniapro.com\/es\/producto\/legtrainer-bajo\/\",\"name\":\"Legtrainer bajo - BarManiaPro\",\"isPartOf\":{\"@id\":\"https:\/\/barmaniapro.com\/es\/#website\"},\"primaryImageOfPage\":{\"@id\":\"https:\/\/barmaniapro.com\/es\/producto\/legtrainer-bajo\/#primaryimage\"},\"image\":{\"@id\":\"https:\/\/barmaniapro.com\/es\/producto\/legtrainer-bajo\/#primaryimage\"},\"thumbnailUrl\":\"https:\/\/barmaniapro.com\/wp-content\/uploads\/2024\/11\/BMP-51068_Legtrainer-low_classic_1-min.png\",\"datePublished\":\"2024-11-25T16:02:24+00:00\",\"dateModified\":\"2026-01-18T16:49:52+00:00\",\"breadcrumb\":{\"@id\":\"https:\/\/barmaniapro.com\/es\/producto\/legtrainer-bajo\/#breadcrumb\"},\"inLanguage\":\"es\",\"potentialAction\":[{\"@type\":\"ReadAction\",\"target\":[\"https:\/\/barmaniapro.com\/es\/producto\/legtrainer-bajo\/\"]}]},{\"@type\":\"ImageObject\",\"inLanguage\":\"es\",\"@id\":\"https:\/\/barmaniapro.com\/es\/producto\/legtrainer-bajo\/#primaryimage\",\"url\":\"https:\/\/barmaniapro.com\/wp-content\/uploads\/2024\/11\/BMP-51068_Legtrainer-low_classic_1-min.png\",\"contentUrl\":\"https:\/\/barmaniapro.com\/wp-content\/uploads\/2024\/11\/BMP-51068_Legtrainer-low_classic_1-min.png\",\"width\":1770,\"height\":1770},{\"@type\":\"BreadcrumbList\",\"@id\":\"https:\/\/barmaniapro.com\/es\/producto\/legtrainer-bajo\/#breadcrumb\",\"itemListElement\":[{\"@type\":\"ListItem\",\"position\":1,\"name\":\"Tienda\",\"item\":\"https:\/\/barmaniapro.com\/es\/tienda\/\"},{\"@type\":\"ListItem\",\"position\":2,\"name\":\"Legtrainer bajo\"}]},{\"@type\":\"WebSite\",\"@id\":\"https:\/\/barmaniapro.com\/es\/#website\",\"url\":\"https:\/\/barmaniapro.com\/es\/\",\"name\":\"BarManiaPro\",\"description\":\"Manufacturer of Calisthenics equipment\",\"potentialAction\":[{\"@type\":\"SearchAction\",\"target\":{\"@type\":\"EntryPoint\",\"urlTemplate\":\"https:\/\/barmaniapro.com\/es\/?s={search_term_string}\"},\"query-input\":{\"@type\":\"PropertyValueSpecification\",\"valueRequired\":true,\"valueName\":\"search_term_string\"}}],\"inLanguage\":\"es\"}]}<\/script>\n<!-- \/ Yoast SEO plugin. -->","yoast_head_json":{"title":"Legtrainer bajo - BarManiaPro","robots":{"index":"index","follow":"follow","max-snippet":"max-snippet:-1","max-image-preview":"max-image-preview:large","max-video-preview":"max-video-preview:-1"},"canonical":"https:\/\/barmaniapro.com\/es\/producto\/legtrainer-bajo\/","og_locale":"es_ES","og_type":"article","og_title":"Legtrainer bajo - BarManiaPro","og_description":"El legtrainer multifuncional Low est\u00e1 hecho de un banco colocado horizontalmente a una altura de 20 cm y est\u00e1 dise\u00f1ado para saltos de caja, sentadilla a una pierna, sentadillas, abdominales, sentarse, equilibrarse, saltar y muchos m\u00e1s ejercicios. La salud de los usuarios puede mejorarse a trav\u00e9s de una variedad de entrenamientos que mejoran la aptitud cardiovascular, la fuerza, la flexibilidad y el bienestar general.  El equipo BarManiaPro\u00ae es perfectamente adecuado para cualquier espacio. \u00a1Lo sue\u00f1as, lo construimos!","og_url":"https:\/\/barmaniapro.com\/es\/producto\/legtrainer-bajo\/","og_site_name":"BarManiaPro","article_publisher":"https:\/\/www.facebook.com\/BarManiaPro\/","article_modified_time":"2026-01-18T16:49:52+00:00","og_image":[{"width":1770,"height":1770,"url":"https:\/\/barmaniapro.com\/wp-content\/uploads\/2024\/11\/BMP-51068_Legtrainer-low_classic_1-min.png","type":"image\/png"}],"twitter_card":"summary_large_image","twitter_misc":{"Tiempo de lectura":"1 minuto"},"schema":{"@context":"https:\/\/schema.org","@graph":[{"@type":"WebPage","@id":"https:\/\/barmaniapro.com\/es\/producto\/legtrainer-bajo\/","url":"https:\/\/barmaniapro.com\/es\/producto\/legtrainer-bajo\/","name":"Legtrainer bajo - BarManiaPro","isPartOf":{"@id":"https:\/\/barmaniapro.com\/es\/#website"},"primaryImageOfPage":{"@id":"https:\/\/barmaniapro.com\/es\/producto\/legtrainer-bajo\/#primaryimage"},"image":{"@id":"https:\/\/barmaniapro.com\/es\/producto\/legtrainer-bajo\/#primaryimage"},"thumbnailUrl":"https:\/\/barmaniapro.com\/wp-content\/uploads\/2024\/11\/BMP-51068_Legtrainer-low_classic_1-min.png","datePublished":"2024-11-25T16:02:24+00:00","dateModified":"2026-01-18T16:49:52+00:00","breadcrumb":{"@id":"https:\/\/barmaniapro.com\/es\/producto\/legtrainer-bajo\/#breadcrumb"},"inLanguage":"es","potentialAction":[{"@type":"ReadAction","target":["https:\/\/barmaniapro.com\/es\/producto\/legtrainer-bajo\/"]}]},{"@type":"ImageObject","inLanguage":"es","@id":"https:\/\/barmaniapro.com\/es\/producto\/legtrainer-bajo\/#primaryimage","url":"https:\/\/barmaniapro.com\/wp-content\/uploads\/2024\/11\/BMP-51068_Legtrainer-low_classic_1-min.png","contentUrl":"https:\/\/barmaniapro.com\/wp-content\/uploads\/2024\/11\/BMP-51068_Legtrainer-low_classic_1-min.png","width":1770,"height":1770},{"@type":"BreadcrumbList","@id":"https:\/\/barmaniapro.com\/es\/producto\/legtrainer-bajo\/#breadcrumb","itemListElement":[{"@type":"ListItem","position":1,"name":"Tienda","item":"https:\/\/barmaniapro.com\/es\/tienda\/"},{"@type":"ListItem","position":2,"name":"Legtrainer bajo"}]},{"@type":"WebSite","@id":"https:\/\/barmaniapro.com\/es\/#website","url":"https:\/\/barmaniapro.com\/es\/","name":"BarManiaPro","description":"Manufacturer of Calisthenics equipment","potentialAction":[{"@type":"SearchAction","target":{"@type":"EntryPoint","urlTemplate":"https:\/\/barmaniapro.com\/es\/?s={search_term_string}"},"query-input":{"@type":"PropertyValueSpecification","valueRequired":true,"valueName":"search_term_string"}}],"inLanguage":"es"}]}},"_links":{"self":[{"href":"https:\/\/barmaniapro.com\/es\/wp-json\/wp\/v2\/product\/14870","targetHints":{"allow":["GET"]}}],"collection":[{"href":"https:\/\/barmaniapro.com\/es\/wp-json\/wp\/v2\/product"}],"about":[{"href":"https:\/\/barmaniapro.com\/es\/wp-json\/wp\/v2\/types\/product"}],"replies":[{"embeddable":true,"href":"https:\/\/barmaniapro.com\/es\/wp-json\/wp\/v2\/comments?post=14870"}],"wp:featuredmedia":[{"embeddable":true,"href":"https:\/\/barmaniapro.com\/es\/wp-json\/wp\/v2\/media\/13540"}],"wp:attachment":[{"href":"https:\/\/barmaniapro.com\/es\/wp-json\/wp\/v2\/media?parent=14870"}],"wp:term":[{"taxonomy":"product_brand","embeddable":true,"href":"https:\/\/barmaniapro.com\/es\/wp-json\/wp\/v2\/product_brand?post=14870"},{"taxonomy":"product_cat","embeddable":true,"href":"https:\/\/barmaniapro.com\/es\/wp-json\/wp\/v2\/product_cat?post=14870"},{"taxonomy":"product_tag","embeddable":true,"href":"https:\/\/barmaniapro.com\/es\/wp-json\/wp\/v2\/product_tag?post=14870"}],"curies":[{"name":"wp","href":"https:\/\/api.w.org\/{rel}","templated":true}]}}