{"id":14856,"date":"2024-10-23T12:29:13","date_gmt":"2024-10-23T10:29:13","guid":{"rendered":"https:\/\/barmaniapro.com\/product\/barmaniapro-battle-rig-pro\/"},"modified":"2026-01-18T17:49:38","modified_gmt":"2026-01-18T16:49:38","slug":"barmaniapro-battle-rig-pro","status":"publish","type":"product","link":"https:\/\/barmaniapro.com\/es\/producto\/barmaniapro-battle-rig-pro\/","title":{"rendered":"BarManiaPro\u00ae battle rig PRO"},"content":{"rendered":"<p>Mejora tu experiencia en la competici\u00f3n con el BarManiaPro\u00ae Battle Rig PRO, la estructura definitiva para atletas de calistenia serios, dise\u00f1ada para el rendimiento, la flexibilidad y la portabilidad. \u00a1Prep\u00e1rate para liberar todo tu potencial en cualquier entorno! <\/p>\n<div class=\"flex-1 overflow-hidden @container\/thread\">\n<div class=\"h-full\">\n<div class=\"react-scroll-to-bottom--css-laptr-79elbk h-full\">\n<div class=\"react-scroll-to-bottom--css-laptr-1n7m0yu\">\n<div class=\"flex flex-col text-sm md:pb-9\">\n<article class=\"w-full scroll-mb-[var(--thread-trailing-height,150px)] text-token-text-primary focus-visible:outline-2 focus-visible:outline-offset-[-4px]\" dir=\"auto\" data-testid=\"conversation-turn-5\" data-scroll-anchor=\"true\">\n<div class=\"m-auto text-base py-[18px] px-3 md:px-4 w-full md:px-5 lg:px-4 xl:px-5\">\n<div class=\"mx-auto flex flex-1 gap-4 text-base md:gap-5 lg:gap-6 md:max-w-3xl\">\n<div class=\"group\/conversation-turn relative flex w-full min-w-0 flex-col agent-turn\">\n<div class=\"flex-col gap-1 md:gap-3\">\n<div class=\"flex max-w-full flex-col flex-grow\">\n<div class=\"min-h-8 text-message flex w-full flex-col items-end gap-2 whitespace-normal break-words text-start [.text-message+&amp;]:mt-5\" dir=\"auto\" data-message-author-role=\"assistant\" data-message-id=\"363e733b-bec7-45c8-9a02-7ea7e12de059\" data-message-model-slug=\"gpt-4o-mini\">\n<div class=\"flex w-full flex-col gap-1 empty:hidden first:pt-[3px]\">\n<div class=\"markdown prose w-full break-words dark:prose-invert light\">\n<ul>\n<li><strong>8 columnas de 2600 mm con tri\u00e1ngulos de soporte adicionales<\/strong>: Estas columnas robustas y de alto rendimiento proporcionan la columna vertebral de la configuraci\u00f3n, mejoradas con tri\u00e1ngulos de soporte adicionales para una estabilidad excepcional, incluso durante las rutinas m\u00e1s intensas.<\/li>\n<li><strong>1 Columna transversal<\/strong>: Una barra transversal robusta dise\u00f1ada para una variedad de movimientos y perfecta para ejercicios que requieren soporte horizontal.<\/li>\n<li><strong>3 barras de inmersi\u00f3n premium<\/strong>: Construidas para el rendimiento, estas barras de inmersi\u00f3n son ideales tanto para el entrenamiento de fuerza como de resistencia, lo que permite a los atletas realizar fondos, flexiones y m\u00e1s.<\/li>\n<li><strong>1 barra transversal de 1450 mm<\/strong>: Una barra vers\u00e1til perfecta para una variedad de ejercicios de peso corporal, dise\u00f1ada para complementar otros equipos para una experiencia de entrenamiento completa.<\/li>\n<li><strong>4 barras largas de 1900 mm<\/strong>: Ideales para dominadas, muscle-ups y otros movimientos din\u00e1micos de peso corporal, estas barras largas proporcionan un amplio espacio para que los atletas entrenen.<\/li>\n<li><strong>2 barras ultralargas de 2200 mm<\/strong>: Ofreciendo a\u00fan m\u00e1s versatilidad, estas barras ultralargas est\u00e1n dise\u00f1adas para una amplia gama de ejercicios avanzados de calistenia, que se adaptan a diferentes anchos de agarre y tipos de movimiento.<\/li>\n<li><strong>1 pared sueca<\/strong>: Una pieza multifuncional para ejercicios de fuerza, flexibilidad y peso corporal. Perfecta para estiramientos, dominadas y otros movimientos de la parte superior del cuerpo. <\/li>\n<li><strong>23 juegos de abrazaderas<\/strong>: Fijan de forma segura toda la estructura para garantizar la seguridad y la estabilidad durante las competiciones y el entrenamiento, de modo que los atletas puedan concentrarse en su rendimiento sin preocupaciones.<\/li>\n<\/ul>\n<\/div>\n<\/div>\n<\/div>\n<\/div>\n<\/div>\n<\/div>\n<\/div>\n<\/div>\n<\/article>\n<\/div>\n<\/div>\n<\/div>\n<\/div>\n<\/div>\n","protected":false},"excerpt":{"rendered":"<p>Dise\u00f1ado para los m\u00e1s altos est\u00e1ndares de batallas de Calistenia Freestyle y Sets &amp; Reps, el BarManiaPro\u00ae Battle Rig PRO es la estructura m\u00f3vil perfecta para competiciones oficiales.<\/p>\n<ul>\n<li><strong>Uso competitivo<\/strong>: Dise\u00f1ado espec\u00edficamente para competiciones internacionales de Calistenia Freestyle y batallas de Sets &amp; Reps.<\/li>\n<li><strong>M\u00f3vil y flexible<\/strong>: Su estructura m\u00f3vil permite una f\u00e1cil instalaci\u00f3n y reubicaci\u00f3n, lo que lo hace perfecto para eventos en cualquier lugar.<\/li>\n<li><strong>Construcci\u00f3n de m\u00e1xima calidad<\/strong>: Fabricado pensando en la durabilidad, el Battle Rig puede soportar intensas sesiones de entrenamiento y un uso a nivel de competici\u00f3n.<\/li>\n<li><strong>Equipo completo<\/strong>: Esta configuraci\u00f3n ofrece todos los componentes necesarios para soportar todo el espectro de movimientos de calistenia, asegurando que los atletas tengan todo lo que necesitan para competir al m\u00e1ximo nivel.<\/li>\n<\/ul>\n<h6><em><strong>Notas:<\/strong> 6-8 semanas de tiempo de producci\u00f3n.<br \/>\n\u00a1Gastos de env\u00edo no incluidos! Calculados despu\u00e9s de pagar. <\/em><\/h6>\n","protected":false},"featured_media":13890,"comment_status":"open","ping_status":"closed","template":"","meta":{"_acf_changed":false,"inline_featured_image":false},"product_brand":[],"product_cat":[614,686],"product_tag":[611],"class_list":{"0":"post-14856","1":"product","2":"type-product","3":"status-publish","4":"has-post-thumbnail","6":"product_cat-equipo","7":"product_cat-configuraciones-moviles","8":"product_tag-calistenia","10":"first","11":"instock","12":"sale","13":"taxable","14":"shipping-taxable","15":"purchasable","16":"product-type-simple"},"acf":[],"yoast_head":"<!-- This site is optimized with the Yoast SEO plugin v26.2 - https:\/\/yoast.com\/wordpress\/plugins\/seo\/ -->\n<title>BarManiaPro\u00ae battle rig PRO - BarManiaPro<\/title>\n<meta name=\"robots\" content=\"index, follow, max-snippet:-1, max-image-preview:large, max-video-preview:-1\" \/>\n<link rel=\"canonical\" href=\"https:\/\/barmaniapro.com\/es\/producto\/barmaniapro-battle-rig-pro\/\" \/>\n<meta property=\"og:locale\" content=\"es_ES\" \/>\n<meta property=\"og:type\" content=\"article\" \/>\n<meta property=\"og:title\" content=\"BarManiaPro\u00ae battle rig PRO - BarManiaPro\" \/>\n<meta property=\"og:description\" content=\"Dise\u00f1ado para los m\u00e1s altos est\u00e1ndares de batallas de Calistenia Freestyle y Sets &amp; Reps, el BarManiaPro\u00ae Battle Rig PRO es la estructura m\u00f3vil perfecta para competiciones oficiales.  Uso competitivo: Dise\u00f1ado espec\u00edficamente para competiciones internacionales de Calistenia Freestyle y batallas de Sets &amp; Reps.  M\u00f3vil y flexible: Su estructura m\u00f3vil permite una f\u00e1cil instalaci\u00f3n y reubicaci\u00f3n, lo que lo hace perfecto para eventos en cualquier lugar.  Construcci\u00f3n de m\u00e1xima calidad: Fabricado pensando en la durabilidad, el Battle Rig puede soportar intensas sesiones de entrenamiento y un uso a nivel de competici\u00f3n.  Equipo completo: Esta configuraci\u00f3n ofrece todos los componentes necesarios para soportar todo el espectro de movimientos de calistenia, asegurando que los atletas tengan todo lo que necesitan para competir al m\u00e1ximo nivel. Notas: 6-8 semanas de tiempo de producci\u00f3n. \u00a1Gastos de env\u00edo no incluidos! Calculados despu\u00e9s de pagar.\" \/>\n<meta property=\"og:url\" content=\"https:\/\/barmaniapro.com\/es\/producto\/barmaniapro-battle-rig-pro\/\" \/>\n<meta property=\"og:site_name\" content=\"BarManiaPro\" \/>\n<meta property=\"article:publisher\" content=\"https:\/\/www.facebook.com\/BarManiaPro\/\" \/>\n<meta property=\"article:modified_time\" content=\"2026-01-18T16:49:38+00:00\" \/>\n<meta property=\"og:image\" content=\"https:\/\/barmaniapro.com\/wp-content\/uploads\/2024\/10\/BarManiaPro-Battle-rig-PRO-1.1.png\" \/>\n\t<meta property=\"og:image:width\" content=\"3010\" \/>\n\t<meta property=\"og:image:height\" content=\"1740\" \/>\n\t<meta property=\"og:image:type\" content=\"image\/png\" \/>\n<meta name=\"twitter:card\" content=\"summary_large_image\" \/>\n<meta name=\"twitter:label1\" content=\"Tiempo de lectura\" \/>\n\t<meta name=\"twitter:data1\" content=\"1 minuto\" \/>\n<script type=\"application\/ld+json\" class=\"yoast-schema-graph\">{\"@context\":\"https:\/\/schema.org\",\"@graph\":[{\"@type\":\"WebPage\",\"@id\":\"https:\/\/barmaniapro.com\/es\/producto\/barmaniapro-battle-rig-pro\/\",\"url\":\"https:\/\/barmaniapro.com\/es\/producto\/barmaniapro-battle-rig-pro\/\",\"name\":\"BarManiaPro\u00ae battle rig PRO - BarManiaPro\",\"isPartOf\":{\"@id\":\"https:\/\/barmaniapro.com\/es\/#website\"},\"primaryImageOfPage\":{\"@id\":\"https:\/\/barmaniapro.com\/es\/producto\/barmaniapro-battle-rig-pro\/#primaryimage\"},\"image\":{\"@id\":\"https:\/\/barmaniapro.com\/es\/producto\/barmaniapro-battle-rig-pro\/#primaryimage\"},\"thumbnailUrl\":\"https:\/\/barmaniapro.com\/wp-content\/uploads\/2024\/10\/BarManiaPro-Battle-rig-PRO-1.1.png\",\"datePublished\":\"2024-10-23T10:29:13+00:00\",\"dateModified\":\"2026-01-18T16:49:38+00:00\",\"breadcrumb\":{\"@id\":\"https:\/\/barmaniapro.com\/es\/producto\/barmaniapro-battle-rig-pro\/#breadcrumb\"},\"inLanguage\":\"es\",\"potentialAction\":[{\"@type\":\"ReadAction\",\"target\":[\"https:\/\/barmaniapro.com\/es\/producto\/barmaniapro-battle-rig-pro\/\"]}]},{\"@type\":\"ImageObject\",\"inLanguage\":\"es\",\"@id\":\"https:\/\/barmaniapro.com\/es\/producto\/barmaniapro-battle-rig-pro\/#primaryimage\",\"url\":\"https:\/\/barmaniapro.com\/wp-content\/uploads\/2024\/10\/BarManiaPro-Battle-rig-PRO-1.1.png\",\"contentUrl\":\"https:\/\/barmaniapro.com\/wp-content\/uploads\/2024\/10\/BarManiaPro-Battle-rig-PRO-1.1.png\",\"width\":3010,\"height\":1740},{\"@type\":\"BreadcrumbList\",\"@id\":\"https:\/\/barmaniapro.com\/es\/producto\/barmaniapro-battle-rig-pro\/#breadcrumb\",\"itemListElement\":[{\"@type\":\"ListItem\",\"position\":1,\"name\":\"Tienda\",\"item\":\"https:\/\/barmaniapro.com\/es\/tienda\/\"},{\"@type\":\"ListItem\",\"position\":2,\"name\":\"BarManiaPro\u00ae battle rig PRO\"}]},{\"@type\":\"WebSite\",\"@id\":\"https:\/\/barmaniapro.com\/es\/#website\",\"url\":\"https:\/\/barmaniapro.com\/es\/\",\"name\":\"BarManiaPro\",\"description\":\"Manufacturer of Calisthenics equipment\",\"potentialAction\":[{\"@type\":\"SearchAction\",\"target\":{\"@type\":\"EntryPoint\",\"urlTemplate\":\"https:\/\/barmaniapro.com\/es\/?s={search_term_string}\"},\"query-input\":{\"@type\":\"PropertyValueSpecification\",\"valueRequired\":true,\"valueName\":\"search_term_string\"}}],\"inLanguage\":\"es\"}]}<\/script>\n<!-- \/ Yoast SEO plugin. -->","yoast_head_json":{"title":"BarManiaPro\u00ae battle rig PRO - BarManiaPro","robots":{"index":"index","follow":"follow","max-snippet":"max-snippet:-1","max-image-preview":"max-image-preview:large","max-video-preview":"max-video-preview:-1"},"canonical":"https:\/\/barmaniapro.com\/es\/producto\/barmaniapro-battle-rig-pro\/","og_locale":"es_ES","og_type":"article","og_title":"BarManiaPro\u00ae battle rig PRO - BarManiaPro","og_description":"Dise\u00f1ado para los m\u00e1s altos est\u00e1ndares de batallas de Calistenia Freestyle y Sets &amp; Reps, el BarManiaPro\u00ae Battle Rig PRO es la estructura m\u00f3vil perfecta para competiciones oficiales.  Uso competitivo: Dise\u00f1ado espec\u00edficamente para competiciones internacionales de Calistenia Freestyle y batallas de Sets &amp; Reps.  M\u00f3vil y flexible: Su estructura m\u00f3vil permite una f\u00e1cil instalaci\u00f3n y reubicaci\u00f3n, lo que lo hace perfecto para eventos en cualquier lugar.  Construcci\u00f3n de m\u00e1xima calidad: Fabricado pensando en la durabilidad, el Battle Rig puede soportar intensas sesiones de entrenamiento y un uso a nivel de competici\u00f3n.  Equipo completo: Esta configuraci\u00f3n ofrece todos los componentes necesarios para soportar todo el espectro de movimientos de calistenia, asegurando que los atletas tengan todo lo que necesitan para competir al m\u00e1ximo nivel. Notas: 6-8 semanas de tiempo de producci\u00f3n. \u00a1Gastos de env\u00edo no incluidos! Calculados despu\u00e9s de pagar.","og_url":"https:\/\/barmaniapro.com\/es\/producto\/barmaniapro-battle-rig-pro\/","og_site_name":"BarManiaPro","article_publisher":"https:\/\/www.facebook.com\/BarManiaPro\/","article_modified_time":"2026-01-18T16:49:38+00:00","og_image":[{"width":3010,"height":1740,"url":"https:\/\/barmaniapro.com\/wp-content\/uploads\/2024\/10\/BarManiaPro-Battle-rig-PRO-1.1.png","type":"image\/png"}],"twitter_card":"summary_large_image","twitter_misc":{"Tiempo de lectura":"1 minuto"},"schema":{"@context":"https:\/\/schema.org","@graph":[{"@type":"WebPage","@id":"https:\/\/barmaniapro.com\/es\/producto\/barmaniapro-battle-rig-pro\/","url":"https:\/\/barmaniapro.com\/es\/producto\/barmaniapro-battle-rig-pro\/","name":"BarManiaPro\u00ae battle rig PRO - BarManiaPro","isPartOf":{"@id":"https:\/\/barmaniapro.com\/es\/#website"},"primaryImageOfPage":{"@id":"https:\/\/barmaniapro.com\/es\/producto\/barmaniapro-battle-rig-pro\/#primaryimage"},"image":{"@id":"https:\/\/barmaniapro.com\/es\/producto\/barmaniapro-battle-rig-pro\/#primaryimage"},"thumbnailUrl":"https:\/\/barmaniapro.com\/wp-content\/uploads\/2024\/10\/BarManiaPro-Battle-rig-PRO-1.1.png","datePublished":"2024-10-23T10:29:13+00:00","dateModified":"2026-01-18T16:49:38+00:00","breadcrumb":{"@id":"https:\/\/barmaniapro.com\/es\/producto\/barmaniapro-battle-rig-pro\/#breadcrumb"},"inLanguage":"es","potentialAction":[{"@type":"ReadAction","target":["https:\/\/barmaniapro.com\/es\/producto\/barmaniapro-battle-rig-pro\/"]}]},{"@type":"ImageObject","inLanguage":"es","@id":"https:\/\/barmaniapro.com\/es\/producto\/barmaniapro-battle-rig-pro\/#primaryimage","url":"https:\/\/barmaniapro.com\/wp-content\/uploads\/2024\/10\/BarManiaPro-Battle-rig-PRO-1.1.png","contentUrl":"https:\/\/barmaniapro.com\/wp-content\/uploads\/2024\/10\/BarManiaPro-Battle-rig-PRO-1.1.png","width":3010,"height":1740},{"@type":"BreadcrumbList","@id":"https:\/\/barmaniapro.com\/es\/producto\/barmaniapro-battle-rig-pro\/#breadcrumb","itemListElement":[{"@type":"ListItem","position":1,"name":"Tienda","item":"https:\/\/barmaniapro.com\/es\/tienda\/"},{"@type":"ListItem","position":2,"name":"BarManiaPro\u00ae battle rig PRO"}]},{"@type":"WebSite","@id":"https:\/\/barmaniapro.com\/es\/#website","url":"https:\/\/barmaniapro.com\/es\/","name":"BarManiaPro","description":"Manufacturer of Calisthenics equipment","potentialAction":[{"@type":"SearchAction","target":{"@type":"EntryPoint","urlTemplate":"https:\/\/barmaniapro.com\/es\/?s={search_term_string}"},"query-input":{"@type":"PropertyValueSpecification","valueRequired":true,"valueName":"search_term_string"}}],"inLanguage":"es"}]}},"_links":{"self":[{"href":"https:\/\/barmaniapro.com\/es\/wp-json\/wp\/v2\/product\/14856","targetHints":{"allow":["GET"]}}],"collection":[{"href":"https:\/\/barmaniapro.com\/es\/wp-json\/wp\/v2\/product"}],"about":[{"href":"https:\/\/barmaniapro.com\/es\/wp-json\/wp\/v2\/types\/product"}],"replies":[{"embeddable":true,"href":"https:\/\/barmaniapro.com\/es\/wp-json\/wp\/v2\/comments?post=14856"}],"wp:featuredmedia":[{"embeddable":true,"href":"https:\/\/barmaniapro.com\/es\/wp-json\/wp\/v2\/media\/13890"}],"wp:attachment":[{"href":"https:\/\/barmaniapro.com\/es\/wp-json\/wp\/v2\/media?parent=14856"}],"wp:term":[{"taxonomy":"product_brand","embeddable":true,"href":"https:\/\/barmaniapro.com\/es\/wp-json\/wp\/v2\/product_brand?post=14856"},{"taxonomy":"product_cat","embeddable":true,"href":"https:\/\/barmaniapro.com\/es\/wp-json\/wp\/v2\/product_cat?post=14856"},{"taxonomy":"product_tag","embeddable":true,"href":"https:\/\/barmaniapro.com\/es\/wp-json\/wp\/v2\/product_tag?post=14856"}],"curies":[{"name":"wp","href":"https:\/\/api.w.org\/{rel}","templated":true}]}}