{"id":14836,"date":"2024-09-17T11:27:54","date_gmt":"2024-09-17T09:27:54","guid":{"rendered":"https:\/\/barmaniapro.com\/product\/barra-de-dominadas-basica-barmaniapro\/"},"modified":"2026-01-18T17:49:11","modified_gmt":"2026-01-18T16:49:11","slug":"barra-de-dominadas-basica-barmaniapro","status":"publish","type":"product","link":"https:\/\/barmaniapro.com\/es\/producto\/barra-de-dominadas-basica-barmaniapro\/","title":{"rendered":"Barra de dominadas b\u00e1sica BarManiaPro\u00ae"},"content":{"rendered":"<p><strong>Barra de dominadas b\u00e1sica BarManiaPro\u00ae: Mejora tu entrenamiento de Street Workout y calistenia<br \/>\n<\/strong>Fabricada con acero de primera calidad, est\u00e1 construida para resistir un uso intenso, mientras que su revestimiento de estructura mate proporciona un agarre mejorado y un rendimiento duradero. Con un di\u00e1metro de 3,2 cm y una anchura de 120 cm, la barra de dominadas b\u00e1sica ofrece un agarre c\u00f3modo y seguro que admite una variedad de ejercicios, desde dominadas hasta muscle-ups y mucho m\u00e1s. La barra cuenta con 9 ajustes de altura, lo que le permite personalizar su configuraci\u00f3n de entrenamiento para que se adapte a sus necesidades y espacio.  <\/p>\n<p>Con una altura total de 230 cm, la barra de dominadas est\u00e1 dise\u00f1ada tanto para principiantes como para atletas avanzados. Es f\u00e1cil de montar en solo 15 minutos, lo que la convierte en una adici\u00f3n sin complicaciones a su \u00e1rea de entrenamiento. Ya sea que est\u00e9 entrenando en casa o en el gimnasio, la barra de dominadas b\u00e1sica ofrece una comodidad y un rendimiento incomparables para todos sus objetivos de calistenia.  <\/p>\n<h6><strong>Mejore su experiencia de entrenamiento con BarManiaPro\u00ae, la opci\u00f3n confiable para atletas serios.<\/strong><\/h6>\n<p>\u25cf M\u00e1xima estabilidad gracias a las piezas de conexi\u00f3n incluidas<br \/>\n\u25cf M\u00faltiples ajustes de anchura posibles en la pieza de conexi\u00f3n<br \/>\n\u25cf F\u00e1cil montaje en 15 minutos y la entrega incluye herramientas y tornillos<br \/>\n\u25cf Construcci\u00f3n robusta con pies de goma antideslizantes para mayor seguridad y soporte<br \/>\n\u25cf Desarrollado por atletas profesionales para garantizar un rendimiento de entrenamiento de \u00e9lite<br \/>\n\u25cf De 165 cm a 230 cm, nueve opciones de altura para una variedad de ejercicios de calistenia<\/p>\n","protected":false},"excerpt":{"rendered":"<div class=\"product-form__text\">\n<p>Lleve su rutina de calistenia al siguiente nivel con la barra de dominadas b\u00e1sica. Dise\u00f1ada para brindar resistencia y durabilidad, esta barra de dominadas es el complemento perfecto para cualquier gimnasio en casa o espacio de entrenamiento profesional. <\/p>\n<\/div>\n<div class=\"product-form__description rte\">\n<p data-pm-slice=\"1 1 []\">\u25cf <strong>M\u00e1xima estabilidad:<\/strong> Debido a las piezas de conexi\u00f3n<br \/>\n\u25cf <strong>Altura ajustable:<\/strong> Diferentes opciones de 165 a 230 cm<br \/>\n\u25cf <strong>Agarre superior:<\/strong> La superficie mate mejora el agarre y minimiza los resbalones<br \/>\n\u25cf <strong>Construcci\u00f3n s\u00f3lida:<\/strong> Dise\u00f1o de acero de primera calidad que ofrece una calidad duradera<br \/>\n\u25cf<strong> Desarrollado por atletas profesionales:<\/strong> La opci\u00f3n n\u00famero 1 en todo el mundo<\/p>\n<\/div>\n","protected":false},"featured_media":13722,"comment_status":"open","ping_status":"closed","template":"","meta":{"_acf_changed":false,"inline_featured_image":false},"product_brand":[],"product_cat":[630,678],"product_tag":[611],"class_list":{"0":"post-14836","1":"product","2":"type-product","3":"status-publish","4":"has-post-thumbnail","6":"product_cat-accesorios","7":"product_cat-barras-de-dominadas","8":"product_tag-calistenia","10":"first","11":"instock","12":"taxable","13":"shipping-taxable","14":"purchasable","15":"product-type-simple"},"acf":[],"yoast_head":"<!-- This site is optimized with the Yoast SEO plugin v26.2 - https:\/\/yoast.com\/wordpress\/plugins\/seo\/ -->\n<title>Barra de dominadas b\u00e1sica BarManiaPro\u00ae - BarManiaPro<\/title>\n<meta name=\"robots\" content=\"index, follow, max-snippet:-1, max-image-preview:large, max-video-preview:-1\" \/>\n<link rel=\"canonical\" href=\"https:\/\/barmaniapro.com\/es\/producto\/barra-de-dominadas-basica-barmaniapro\/\" \/>\n<meta property=\"og:locale\" content=\"es_ES\" \/>\n<meta property=\"og:type\" content=\"article\" \/>\n<meta property=\"og:title\" content=\"Barra de dominadas b\u00e1sica BarManiaPro\u00ae - BarManiaPro\" \/>\n<meta property=\"og:description\" content=\"Lleve su rutina de calistenia al siguiente nivel con la barra de dominadas b\u00e1sica. Dise\u00f1ada para brindar resistencia y durabilidad, esta barra de dominadas es el complemento perfecto para cualquier gimnasio en casa o espacio de entrenamiento profesional.   \u25cf M\u00e1xima estabilidad: Debido a las piezas de conexi\u00f3n \u25cf Altura ajustable: Diferentes opciones de 165 a 230 cm \u25cf Agarre superior: La superficie mate mejora el agarre y minimiza los resbalones \u25cf Construcci\u00f3n s\u00f3lida: Dise\u00f1o de acero de primera calidad que ofrece una calidad duradera \u25cf Desarrollado por atletas profesionales: La opci\u00f3n n\u00famero 1 en todo el mundo\" \/>\n<meta property=\"og:url\" content=\"https:\/\/barmaniapro.com\/es\/producto\/barra-de-dominadas-basica-barmaniapro\/\" \/>\n<meta property=\"og:site_name\" content=\"BarManiaPro\" \/>\n<meta property=\"article:publisher\" content=\"https:\/\/www.facebook.com\/BarManiaPro\/\" \/>\n<meta property=\"article:modified_time\" content=\"2026-01-18T16:49:11+00:00\" \/>\n<meta property=\"og:image\" content=\"https:\/\/barmaniapro.com\/wp-content\/uploads\/2024\/09\/BarManiaPro\u00ae-Pull-up-Bar-1.1-scaled.jpg\" \/>\n\t<meta property=\"og:image:width\" content=\"1829\" \/>\n\t<meta property=\"og:image:height\" content=\"2560\" \/>\n\t<meta property=\"og:image:type\" content=\"image\/jpeg\" \/>\n<meta name=\"twitter:card\" content=\"summary_large_image\" \/>\n<meta name=\"twitter:label1\" content=\"Tiempo de lectura\" \/>\n\t<meta name=\"twitter:data1\" content=\"1 minuto\" \/>\n<script type=\"application\/ld+json\" class=\"yoast-schema-graph\">{\"@context\":\"https:\/\/schema.org\",\"@graph\":[{\"@type\":\"WebPage\",\"@id\":\"https:\/\/barmaniapro.com\/es\/producto\/barra-de-dominadas-basica-barmaniapro\/\",\"url\":\"https:\/\/barmaniapro.com\/es\/producto\/barra-de-dominadas-basica-barmaniapro\/\",\"name\":\"Barra de dominadas b\u00e1sica BarManiaPro\u00ae - BarManiaPro\",\"isPartOf\":{\"@id\":\"https:\/\/barmaniapro.com\/es\/#website\"},\"primaryImageOfPage\":{\"@id\":\"https:\/\/barmaniapro.com\/es\/producto\/barra-de-dominadas-basica-barmaniapro\/#primaryimage\"},\"image\":{\"@id\":\"https:\/\/barmaniapro.com\/es\/producto\/barra-de-dominadas-basica-barmaniapro\/#primaryimage\"},\"thumbnailUrl\":\"https:\/\/barmaniapro.com\/wp-content\/uploads\/2024\/09\/BarManiaPro\u00ae-Pull-up-Bar-1.1-scaled.jpg\",\"datePublished\":\"2024-09-17T09:27:54+00:00\",\"dateModified\":\"2026-01-18T16:49:11+00:00\",\"breadcrumb\":{\"@id\":\"https:\/\/barmaniapro.com\/es\/producto\/barra-de-dominadas-basica-barmaniapro\/#breadcrumb\"},\"inLanguage\":\"es\",\"potentialAction\":[{\"@type\":\"ReadAction\",\"target\":[\"https:\/\/barmaniapro.com\/es\/producto\/barra-de-dominadas-basica-barmaniapro\/\"]}]},{\"@type\":\"ImageObject\",\"inLanguage\":\"es\",\"@id\":\"https:\/\/barmaniapro.com\/es\/producto\/barra-de-dominadas-basica-barmaniapro\/#primaryimage\",\"url\":\"https:\/\/barmaniapro.com\/wp-content\/uploads\/2024\/09\/BarManiaPro\u00ae-Pull-up-Bar-1.1-scaled.jpg\",\"contentUrl\":\"https:\/\/barmaniapro.com\/wp-content\/uploads\/2024\/09\/BarManiaPro\u00ae-Pull-up-Bar-1.1-scaled.jpg\",\"width\":1829,\"height\":2560},{\"@type\":\"BreadcrumbList\",\"@id\":\"https:\/\/barmaniapro.com\/es\/producto\/barra-de-dominadas-basica-barmaniapro\/#breadcrumb\",\"itemListElement\":[{\"@type\":\"ListItem\",\"position\":1,\"name\":\"Tienda\",\"item\":\"https:\/\/barmaniapro.com\/es\/tienda\/\"},{\"@type\":\"ListItem\",\"position\":2,\"name\":\"Barra de dominadas b\u00e1sica BarManiaPro\u00ae\"}]},{\"@type\":\"WebSite\",\"@id\":\"https:\/\/barmaniapro.com\/es\/#website\",\"url\":\"https:\/\/barmaniapro.com\/es\/\",\"name\":\"BarManiaPro\",\"description\":\"Manufacturer of Calisthenics equipment\",\"potentialAction\":[{\"@type\":\"SearchAction\",\"target\":{\"@type\":\"EntryPoint\",\"urlTemplate\":\"https:\/\/barmaniapro.com\/es\/?s={search_term_string}\"},\"query-input\":{\"@type\":\"PropertyValueSpecification\",\"valueRequired\":true,\"valueName\":\"search_term_string\"}}],\"inLanguage\":\"es\"}]}<\/script>\n<!-- \/ Yoast SEO plugin. -->","yoast_head_json":{"title":"Barra de dominadas b\u00e1sica BarManiaPro\u00ae - BarManiaPro","robots":{"index":"index","follow":"follow","max-snippet":"max-snippet:-1","max-image-preview":"max-image-preview:large","max-video-preview":"max-video-preview:-1"},"canonical":"https:\/\/barmaniapro.com\/es\/producto\/barra-de-dominadas-basica-barmaniapro\/","og_locale":"es_ES","og_type":"article","og_title":"Barra de dominadas b\u00e1sica BarManiaPro\u00ae - BarManiaPro","og_description":"Lleve su rutina de calistenia al siguiente nivel con la barra de dominadas b\u00e1sica. Dise\u00f1ada para brindar resistencia y durabilidad, esta barra de dominadas es el complemento perfecto para cualquier gimnasio en casa o espacio de entrenamiento profesional.   \u25cf M\u00e1xima estabilidad: Debido a las piezas de conexi\u00f3n \u25cf Altura ajustable: Diferentes opciones de 165 a 230 cm \u25cf Agarre superior: La superficie mate mejora el agarre y minimiza los resbalones \u25cf Construcci\u00f3n s\u00f3lida: Dise\u00f1o de acero de primera calidad que ofrece una calidad duradera \u25cf Desarrollado por atletas profesionales: La opci\u00f3n n\u00famero 1 en todo el mundo","og_url":"https:\/\/barmaniapro.com\/es\/producto\/barra-de-dominadas-basica-barmaniapro\/","og_site_name":"BarManiaPro","article_publisher":"https:\/\/www.facebook.com\/BarManiaPro\/","article_modified_time":"2026-01-18T16:49:11+00:00","og_image":[{"width":1829,"height":2560,"url":"https:\/\/barmaniapro.com\/wp-content\/uploads\/2024\/09\/BarManiaPro\u00ae-Pull-up-Bar-1.1-scaled.jpg","type":"image\/jpeg"}],"twitter_card":"summary_large_image","twitter_misc":{"Tiempo de lectura":"1 minuto"},"schema":{"@context":"https:\/\/schema.org","@graph":[{"@type":"WebPage","@id":"https:\/\/barmaniapro.com\/es\/producto\/barra-de-dominadas-basica-barmaniapro\/","url":"https:\/\/barmaniapro.com\/es\/producto\/barra-de-dominadas-basica-barmaniapro\/","name":"Barra de dominadas b\u00e1sica BarManiaPro\u00ae - BarManiaPro","isPartOf":{"@id":"https:\/\/barmaniapro.com\/es\/#website"},"primaryImageOfPage":{"@id":"https:\/\/barmaniapro.com\/es\/producto\/barra-de-dominadas-basica-barmaniapro\/#primaryimage"},"image":{"@id":"https:\/\/barmaniapro.com\/es\/producto\/barra-de-dominadas-basica-barmaniapro\/#primaryimage"},"thumbnailUrl":"https:\/\/barmaniapro.com\/wp-content\/uploads\/2024\/09\/BarManiaPro\u00ae-Pull-up-Bar-1.1-scaled.jpg","datePublished":"2024-09-17T09:27:54+00:00","dateModified":"2026-01-18T16:49:11+00:00","breadcrumb":{"@id":"https:\/\/barmaniapro.com\/es\/producto\/barra-de-dominadas-basica-barmaniapro\/#breadcrumb"},"inLanguage":"es","potentialAction":[{"@type":"ReadAction","target":["https:\/\/barmaniapro.com\/es\/producto\/barra-de-dominadas-basica-barmaniapro\/"]}]},{"@type":"ImageObject","inLanguage":"es","@id":"https:\/\/barmaniapro.com\/es\/producto\/barra-de-dominadas-basica-barmaniapro\/#primaryimage","url":"https:\/\/barmaniapro.com\/wp-content\/uploads\/2024\/09\/BarManiaPro\u00ae-Pull-up-Bar-1.1-scaled.jpg","contentUrl":"https:\/\/barmaniapro.com\/wp-content\/uploads\/2024\/09\/BarManiaPro\u00ae-Pull-up-Bar-1.1-scaled.jpg","width":1829,"height":2560},{"@type":"BreadcrumbList","@id":"https:\/\/barmaniapro.com\/es\/producto\/barra-de-dominadas-basica-barmaniapro\/#breadcrumb","itemListElement":[{"@type":"ListItem","position":1,"name":"Tienda","item":"https:\/\/barmaniapro.com\/es\/tienda\/"},{"@type":"ListItem","position":2,"name":"Barra de dominadas b\u00e1sica BarManiaPro\u00ae"}]},{"@type":"WebSite","@id":"https:\/\/barmaniapro.com\/es\/#website","url":"https:\/\/barmaniapro.com\/es\/","name":"BarManiaPro","description":"Manufacturer of Calisthenics equipment","potentialAction":[{"@type":"SearchAction","target":{"@type":"EntryPoint","urlTemplate":"https:\/\/barmaniapro.com\/es\/?s={search_term_string}"},"query-input":{"@type":"PropertyValueSpecification","valueRequired":true,"valueName":"search_term_string"}}],"inLanguage":"es"}]}},"_links":{"self":[{"href":"https:\/\/barmaniapro.com\/es\/wp-json\/wp\/v2\/product\/14836","targetHints":{"allow":["GET"]}}],"collection":[{"href":"https:\/\/barmaniapro.com\/es\/wp-json\/wp\/v2\/product"}],"about":[{"href":"https:\/\/barmaniapro.com\/es\/wp-json\/wp\/v2\/types\/product"}],"replies":[{"embeddable":true,"href":"https:\/\/barmaniapro.com\/es\/wp-json\/wp\/v2\/comments?post=14836"}],"wp:featuredmedia":[{"embeddable":true,"href":"https:\/\/barmaniapro.com\/es\/wp-json\/wp\/v2\/media\/13722"}],"wp:attachment":[{"href":"https:\/\/barmaniapro.com\/es\/wp-json\/wp\/v2\/media?parent=14836"}],"wp:term":[{"taxonomy":"product_brand","embeddable":true,"href":"https:\/\/barmaniapro.com\/es\/wp-json\/wp\/v2\/product_brand?post=14836"},{"taxonomy":"product_cat","embeddable":true,"href":"https:\/\/barmaniapro.com\/es\/wp-json\/wp\/v2\/product_cat?post=14836"},{"taxonomy":"product_tag","embeddable":true,"href":"https:\/\/barmaniapro.com\/es\/wp-json\/wp\/v2\/product_tag?post=14836"}],"curies":[{"name":"wp","href":"https:\/\/api.w.org\/{rel}","templated":true}]}}