{"id":14831,"date":"2024-09-17T09:51:25","date_gmt":"2024-09-17T07:51:25","guid":{"rendered":"https:\/\/barmaniapro.com\/product\/barras-de-fondos-classic-de-barmaniapro\/"},"modified":"2026-01-18T17:49:11","modified_gmt":"2026-01-18T16:49:11","slug":"barras-de-fondos-classic-de-barmaniapro","status":"publish","type":"product","link":"https:\/\/barmaniapro.com\/es\/producto\/barras-de-fondos-classic-de-barmaniapro\/","title":{"rendered":"Barras de fondos CLASSIC de BarManiaPro\u00ae"},"content":{"rendered":"<div class=\"product-form__text\">\n<p>\u25cf M\u00e1xima estabilidad gracias a las piezas de conexi\u00f3n incluidas, que se pueden montar o desmontar en segundos<br \/>\n\u25cf M\u00faltiples ajustes de anchura posibles en la pieza de conexi\u00f3n para preferencias personales y variedad de entrenamiento<br \/>\n\u25cf Construcci\u00f3n robusta con pies de goma antideslizantes para mayor seguridad y soporte<br \/>\n\u25cf Desarrollado por atletas profesionales para garantizar un rendimiento de entrenamiento de \u00e9lite<br \/>\n\u25cf 90 cm de altura para una variedad de ejercicios de calistenia<br \/>\n\u25cf F\u00e1cil montaje en menos de 5 minutos y la entrega incluye herramientas y tornillos a juego<br \/>\n\u25cf Incluye 10 m de Grip Tape 2.0 para un agarre seguro en las barras<\/p>\n<p>&nbsp;<\/p>\n<\/div>\n","protected":false},"excerpt":{"rendered":"<div class=\"product-form__text\">\n<p><strong>\u00a1Las barras de fondos CLASSIC son imprescindibles para todo atleta de calistenia!<\/strong><\/p>\n<\/div>\n<div class=\"product-form__description rte\">\n<p data-pm-slice=\"1 1 []\">\u25cf <strong>M\u00e1xima estabilidad:<\/strong> Gracias a las piezas de conexi\u00f3n.<br \/>\n\u25cf <strong>Anchura ajustable:<\/strong> M\u00faltiples ajustes posibles.<br \/>\n\u25cf <strong>Agarre superior:<\/strong> La superficie mate mejora el agarre y minimiza los resbalones.<br \/>\n\u25cf <strong>Construcci\u00f3n s\u00f3lida:<\/strong> Dise\u00f1o de acero premium que ofrece una calidad duradera.<br \/>\n\u25cf<strong> Desarrollado por atletas profesionales:<\/strong> La opci\u00f3n n\u00famero 1 en todo el mundo<\/p>\n<\/div>\n","protected":false},"featured_media":13936,"comment_status":"open","ping_status":"closed","template":"","meta":{"_acf_changed":false,"inline_featured_image":false},"product_brand":[],"product_cat":[630,670],"product_tag":[611,671],"class_list":{"0":"post-14831","1":"product","2":"type-product","3":"status-publish","4":"has-post-thumbnail","6":"product_cat-accesorios","7":"product_cat-barras-de-fondos","8":"product_tag-calistenia","9":"product_tag-barras-de-fondos","11":"first","12":"instock","13":"sale","14":"taxable","15":"shipping-taxable","16":"purchasable","17":"product-type-simple"},"acf":[],"yoast_head":"<!-- This site is optimized with the Yoast SEO plugin v26.2 - https:\/\/yoast.com\/wordpress\/plugins\/seo\/ -->\n<title>Barras de fondos CLASSIC de BarManiaPro\u00ae - BarManiaPro<\/title>\n<meta name=\"robots\" content=\"index, follow, max-snippet:-1, max-image-preview:large, max-video-preview:-1\" \/>\n<link rel=\"canonical\" href=\"https:\/\/barmaniapro.com\/es\/producto\/barras-de-fondos-classic-de-barmaniapro\/\" \/>\n<meta property=\"og:locale\" content=\"es_ES\" \/>\n<meta property=\"og:type\" content=\"article\" \/>\n<meta property=\"og:title\" content=\"Barras de fondos CLASSIC de BarManiaPro\u00ae - BarManiaPro\" \/>\n<meta property=\"og:description\" content=\"\u00a1Las barras de fondos CLASSIC son imprescindibles para todo atleta de calistenia!  \u25cf M\u00e1xima estabilidad: Gracias a las piezas de conexi\u00f3n. \u25cf Anchura ajustable: M\u00faltiples ajustes posibles. \u25cf Agarre superior: La superficie mate mejora el agarre y minimiza los resbalones. \u25cf Construcci\u00f3n s\u00f3lida: Dise\u00f1o de acero premium que ofrece una calidad duradera. \u25cf Desarrollado por atletas profesionales: La opci\u00f3n n\u00famero 1 en todo el mundo\" \/>\n<meta property=\"og:url\" content=\"https:\/\/barmaniapro.com\/es\/producto\/barras-de-fondos-classic-de-barmaniapro\/\" \/>\n<meta property=\"og:site_name\" content=\"BarManiaPro\" \/>\n<meta property=\"article:publisher\" content=\"https:\/\/www.facebook.com\/BarManiaPro\/\" \/>\n<meta property=\"article:modified_time\" content=\"2026-01-18T16:49:11+00:00\" \/>\n<meta property=\"og:image\" content=\"https:\/\/barmaniapro.com\/wp-content\/uploads\/2024\/09\/BarManiaPro\u00ae-Dip-Bars-Classic-1.6-scaled.jpg\" \/>\n\t<meta property=\"og:image:width\" content=\"1829\" \/>\n\t<meta property=\"og:image:height\" content=\"2560\" \/>\n\t<meta property=\"og:image:type\" content=\"image\/jpeg\" \/>\n<meta name=\"twitter:card\" content=\"summary_large_image\" \/>\n<meta name=\"twitter:label1\" content=\"Tiempo de lectura\" \/>\n\t<meta name=\"twitter:data1\" content=\"1 minuto\" \/>\n<script type=\"application\/ld+json\" class=\"yoast-schema-graph\">{\"@context\":\"https:\/\/schema.org\",\"@graph\":[{\"@type\":\"WebPage\",\"@id\":\"https:\/\/barmaniapro.com\/es\/producto\/barras-de-fondos-classic-de-barmaniapro\/\",\"url\":\"https:\/\/barmaniapro.com\/es\/producto\/barras-de-fondos-classic-de-barmaniapro\/\",\"name\":\"Barras de fondos CLASSIC de BarManiaPro\u00ae - BarManiaPro\",\"isPartOf\":{\"@id\":\"https:\/\/barmaniapro.com\/es\/#website\"},\"primaryImageOfPage\":{\"@id\":\"https:\/\/barmaniapro.com\/es\/producto\/barras-de-fondos-classic-de-barmaniapro\/#primaryimage\"},\"image\":{\"@id\":\"https:\/\/barmaniapro.com\/es\/producto\/barras-de-fondos-classic-de-barmaniapro\/#primaryimage\"},\"thumbnailUrl\":\"https:\/\/barmaniapro.com\/wp-content\/uploads\/2024\/09\/BarManiaPro\u00ae-Dip-Bars-Classic-1.6-scaled.jpg\",\"datePublished\":\"2024-09-17T07:51:25+00:00\",\"dateModified\":\"2026-01-18T16:49:11+00:00\",\"breadcrumb\":{\"@id\":\"https:\/\/barmaniapro.com\/es\/producto\/barras-de-fondos-classic-de-barmaniapro\/#breadcrumb\"},\"inLanguage\":\"es\",\"potentialAction\":[{\"@type\":\"ReadAction\",\"target\":[\"https:\/\/barmaniapro.com\/es\/producto\/barras-de-fondos-classic-de-barmaniapro\/\"]}]},{\"@type\":\"ImageObject\",\"inLanguage\":\"es\",\"@id\":\"https:\/\/barmaniapro.com\/es\/producto\/barras-de-fondos-classic-de-barmaniapro\/#primaryimage\",\"url\":\"https:\/\/barmaniapro.com\/wp-content\/uploads\/2024\/09\/BarManiaPro\u00ae-Dip-Bars-Classic-1.6-scaled.jpg\",\"contentUrl\":\"https:\/\/barmaniapro.com\/wp-content\/uploads\/2024\/09\/BarManiaPro\u00ae-Dip-Bars-Classic-1.6-scaled.jpg\",\"width\":1829,\"height\":2560},{\"@type\":\"BreadcrumbList\",\"@id\":\"https:\/\/barmaniapro.com\/es\/producto\/barras-de-fondos-classic-de-barmaniapro\/#breadcrumb\",\"itemListElement\":[{\"@type\":\"ListItem\",\"position\":1,\"name\":\"Tienda\",\"item\":\"https:\/\/barmaniapro.com\/es\/tienda\/\"},{\"@type\":\"ListItem\",\"position\":2,\"name\":\"Barras de fondos CLASSIC de BarManiaPro\u00ae\"}]},{\"@type\":\"WebSite\",\"@id\":\"https:\/\/barmaniapro.com\/es\/#website\",\"url\":\"https:\/\/barmaniapro.com\/es\/\",\"name\":\"BarManiaPro\",\"description\":\"Manufacturer of Calisthenics equipment\",\"potentialAction\":[{\"@type\":\"SearchAction\",\"target\":{\"@type\":\"EntryPoint\",\"urlTemplate\":\"https:\/\/barmaniapro.com\/es\/?s={search_term_string}\"},\"query-input\":{\"@type\":\"PropertyValueSpecification\",\"valueRequired\":true,\"valueName\":\"search_term_string\"}}],\"inLanguage\":\"es\"}]}<\/script>\n<!-- \/ Yoast SEO plugin. -->","yoast_head_json":{"title":"Barras de fondos CLASSIC de BarManiaPro\u00ae - BarManiaPro","robots":{"index":"index","follow":"follow","max-snippet":"max-snippet:-1","max-image-preview":"max-image-preview:large","max-video-preview":"max-video-preview:-1"},"canonical":"https:\/\/barmaniapro.com\/es\/producto\/barras-de-fondos-classic-de-barmaniapro\/","og_locale":"es_ES","og_type":"article","og_title":"Barras de fondos CLASSIC de BarManiaPro\u00ae - BarManiaPro","og_description":"\u00a1Las barras de fondos CLASSIC son imprescindibles para todo atleta de calistenia!  \u25cf M\u00e1xima estabilidad: Gracias a las piezas de conexi\u00f3n. \u25cf Anchura ajustable: M\u00faltiples ajustes posibles. \u25cf Agarre superior: La superficie mate mejora el agarre y minimiza los resbalones. \u25cf Construcci\u00f3n s\u00f3lida: Dise\u00f1o de acero premium que ofrece una calidad duradera. \u25cf Desarrollado por atletas profesionales: La opci\u00f3n n\u00famero 1 en todo el mundo","og_url":"https:\/\/barmaniapro.com\/es\/producto\/barras-de-fondos-classic-de-barmaniapro\/","og_site_name":"BarManiaPro","article_publisher":"https:\/\/www.facebook.com\/BarManiaPro\/","article_modified_time":"2026-01-18T16:49:11+00:00","og_image":[{"width":1829,"height":2560,"url":"https:\/\/barmaniapro.com\/wp-content\/uploads\/2024\/09\/BarManiaPro\u00ae-Dip-Bars-Classic-1.6-scaled.jpg","type":"image\/jpeg"}],"twitter_card":"summary_large_image","twitter_misc":{"Tiempo de lectura":"1 minuto"},"schema":{"@context":"https:\/\/schema.org","@graph":[{"@type":"WebPage","@id":"https:\/\/barmaniapro.com\/es\/producto\/barras-de-fondos-classic-de-barmaniapro\/","url":"https:\/\/barmaniapro.com\/es\/producto\/barras-de-fondos-classic-de-barmaniapro\/","name":"Barras de fondos CLASSIC de BarManiaPro\u00ae - BarManiaPro","isPartOf":{"@id":"https:\/\/barmaniapro.com\/es\/#website"},"primaryImageOfPage":{"@id":"https:\/\/barmaniapro.com\/es\/producto\/barras-de-fondos-classic-de-barmaniapro\/#primaryimage"},"image":{"@id":"https:\/\/barmaniapro.com\/es\/producto\/barras-de-fondos-classic-de-barmaniapro\/#primaryimage"},"thumbnailUrl":"https:\/\/barmaniapro.com\/wp-content\/uploads\/2024\/09\/BarManiaPro\u00ae-Dip-Bars-Classic-1.6-scaled.jpg","datePublished":"2024-09-17T07:51:25+00:00","dateModified":"2026-01-18T16:49:11+00:00","breadcrumb":{"@id":"https:\/\/barmaniapro.com\/es\/producto\/barras-de-fondos-classic-de-barmaniapro\/#breadcrumb"},"inLanguage":"es","potentialAction":[{"@type":"ReadAction","target":["https:\/\/barmaniapro.com\/es\/producto\/barras-de-fondos-classic-de-barmaniapro\/"]}]},{"@type":"ImageObject","inLanguage":"es","@id":"https:\/\/barmaniapro.com\/es\/producto\/barras-de-fondos-classic-de-barmaniapro\/#primaryimage","url":"https:\/\/barmaniapro.com\/wp-content\/uploads\/2024\/09\/BarManiaPro\u00ae-Dip-Bars-Classic-1.6-scaled.jpg","contentUrl":"https:\/\/barmaniapro.com\/wp-content\/uploads\/2024\/09\/BarManiaPro\u00ae-Dip-Bars-Classic-1.6-scaled.jpg","width":1829,"height":2560},{"@type":"BreadcrumbList","@id":"https:\/\/barmaniapro.com\/es\/producto\/barras-de-fondos-classic-de-barmaniapro\/#breadcrumb","itemListElement":[{"@type":"ListItem","position":1,"name":"Tienda","item":"https:\/\/barmaniapro.com\/es\/tienda\/"},{"@type":"ListItem","position":2,"name":"Barras de fondos CLASSIC de BarManiaPro\u00ae"}]},{"@type":"WebSite","@id":"https:\/\/barmaniapro.com\/es\/#website","url":"https:\/\/barmaniapro.com\/es\/","name":"BarManiaPro","description":"Manufacturer of Calisthenics equipment","potentialAction":[{"@type":"SearchAction","target":{"@type":"EntryPoint","urlTemplate":"https:\/\/barmaniapro.com\/es\/?s={search_term_string}"},"query-input":{"@type":"PropertyValueSpecification","valueRequired":true,"valueName":"search_term_string"}}],"inLanguage":"es"}]}},"_links":{"self":[{"href":"https:\/\/barmaniapro.com\/es\/wp-json\/wp\/v2\/product\/14831","targetHints":{"allow":["GET"]}}],"collection":[{"href":"https:\/\/barmaniapro.com\/es\/wp-json\/wp\/v2\/product"}],"about":[{"href":"https:\/\/barmaniapro.com\/es\/wp-json\/wp\/v2\/types\/product"}],"replies":[{"embeddable":true,"href":"https:\/\/barmaniapro.com\/es\/wp-json\/wp\/v2\/comments?post=14831"}],"wp:featuredmedia":[{"embeddable":true,"href":"https:\/\/barmaniapro.com\/es\/wp-json\/wp\/v2\/media\/13936"}],"wp:attachment":[{"href":"https:\/\/barmaniapro.com\/es\/wp-json\/wp\/v2\/media?parent=14831"}],"wp:term":[{"taxonomy":"product_brand","embeddable":true,"href":"https:\/\/barmaniapro.com\/es\/wp-json\/wp\/v2\/product_brand?post=14831"},{"taxonomy":"product_cat","embeddable":true,"href":"https:\/\/barmaniapro.com\/es\/wp-json\/wp\/v2\/product_cat?post=14831"},{"taxonomy":"product_tag","embeddable":true,"href":"https:\/\/barmaniapro.com\/es\/wp-json\/wp\/v2\/product_tag?post=14831"}],"curies":[{"name":"wp","href":"https:\/\/api.w.org\/{rel}","templated":true}]}}