{"id":14813,"date":"2024-08-07T16:37:56","date_gmt":"2024-08-07T14:37:56","guid":{"rendered":"https:\/\/barmaniapro.com\/product\/cinturon-de-lastre-barmaniapro\/"},"modified":"2026-01-18T17:52:04","modified_gmt":"2026-01-18T16:52:04","slug":"cinturon-de-lastre-barmaniapro","status":"publish","type":"product","link":"https:\/\/barmaniapro.com\/es\/producto\/cinturon-de-lastre-barmaniapro\/","title":{"rendered":"Cintur\u00f3n de lastre BarManiaPro\u00ae"},"content":{"rendered":"<p>\u25cf Ajuste c\u00f3modo gracias al interior acolchado y al corte ce\u00f1ido al cuerpo<br \/>\n\u25cf Incluye 3 mosquetones para una fijaci\u00f3n segura y flexible de pesos peque\u00f1os y grandes<br \/>\n\u25cf Cintur\u00f3n de talla \u00fanica (82 cm de longitud) \u00f3ptimo para caderas estrechas y anchas<br \/>\n\u25cf Elija entre cadena de acero inoxidable o cuerda ligera<br \/>\n\u25cf \u00d3ptimo para progresar en fondos, muscle ups, dominadas y otros ejercicios <\/p>\n","protected":false},"excerpt":{"rendered":"<p>\u25cf M\u00e1xima comodidad de uso gracias al acolchado<br \/>\n\u25cf Carga de hasta 1000 kg<br \/>\n\u25cf Con 3 mosquetones<br \/>\n\u25cf Disponible con cadena y cuerda ligera<\/p>\n","protected":false},"featured_media":13384,"comment_status":"open","ping_status":"closed","template":"","meta":{"_acf_changed":false,"inline_featured_image":false},"product_brand":[],"product_cat":[630,661],"product_tag":[611,662],"class_list":{"0":"post-14813","1":"product","2":"type-product","3":"status-publish","4":"has-post-thumbnail","6":"product_cat-accesorios","7":"product_cat-cinturon-de-lastre","8":"product_tag-calistenia","9":"product_tag-cinturon-de-lastre","11":"first","12":"instock","13":"taxable","14":"shipping-taxable","15":"purchasable","16":"product-type-simple"},"acf":[],"yoast_head":"<!-- This site is optimized with the Yoast SEO plugin v26.2 - https:\/\/yoast.com\/wordpress\/plugins\/seo\/ -->\n<title>Cintur\u00f3n de lastre BarManiaPro\u00ae - BarManiaPro<\/title>\n<meta name=\"robots\" content=\"index, follow, max-snippet:-1, max-image-preview:large, max-video-preview:-1\" \/>\n<link rel=\"canonical\" href=\"https:\/\/barmaniapro.com\/es\/producto\/cinturon-de-lastre-barmaniapro\/\" \/>\n<meta property=\"og:locale\" content=\"es_ES\" \/>\n<meta property=\"og:type\" content=\"article\" \/>\n<meta property=\"og:title\" content=\"Cintur\u00f3n de lastre BarManiaPro\u00ae - BarManiaPro\" \/>\n<meta property=\"og:description\" content=\"\u25cf M\u00e1xima comodidad de uso gracias al acolchado \u25cf Carga de hasta 1000 kg \u25cf Con 3 mosquetones \u25cf Disponible con cadena y cuerda ligera\" \/>\n<meta property=\"og:url\" content=\"https:\/\/barmaniapro.com\/es\/producto\/cinturon-de-lastre-barmaniapro\/\" \/>\n<meta property=\"og:site_name\" content=\"BarManiaPro\" \/>\n<meta property=\"article:publisher\" content=\"https:\/\/www.facebook.com\/BarManiaPro\/\" \/>\n<meta property=\"article:modified_time\" content=\"2026-01-18T16:52:04+00:00\" \/>\n<meta property=\"og:image\" content=\"https:\/\/barmaniapro.com\/wp-content\/uploads\/2024\/08\/DSC03701_inPixio-min.jpg\" \/>\n\t<meta property=\"og:image:width\" content=\"1463\" \/>\n\t<meta property=\"og:image:height\" content=\"2048\" \/>\n\t<meta property=\"og:image:type\" content=\"image\/jpeg\" \/>\n<meta name=\"twitter:card\" content=\"summary_large_image\" \/>\n<script type=\"application\/ld+json\" class=\"yoast-schema-graph\">{\"@context\":\"https:\/\/schema.org\",\"@graph\":[{\"@type\":\"WebPage\",\"@id\":\"https:\/\/barmaniapro.com\/es\/producto\/cinturon-de-lastre-barmaniapro\/\",\"url\":\"https:\/\/barmaniapro.com\/es\/producto\/cinturon-de-lastre-barmaniapro\/\",\"name\":\"Cintur\u00f3n de lastre BarManiaPro\u00ae - BarManiaPro\",\"isPartOf\":{\"@id\":\"https:\/\/barmaniapro.com\/es\/#website\"},\"primaryImageOfPage\":{\"@id\":\"https:\/\/barmaniapro.com\/es\/producto\/cinturon-de-lastre-barmaniapro\/#primaryimage\"},\"image\":{\"@id\":\"https:\/\/barmaniapro.com\/es\/producto\/cinturon-de-lastre-barmaniapro\/#primaryimage\"},\"thumbnailUrl\":\"https:\/\/barmaniapro.com\/wp-content\/uploads\/2024\/08\/DSC03701_inPixio-min.jpg\",\"datePublished\":\"2024-08-07T14:37:56+00:00\",\"dateModified\":\"2026-01-18T16:52:04+00:00\",\"breadcrumb\":{\"@id\":\"https:\/\/barmaniapro.com\/es\/producto\/cinturon-de-lastre-barmaniapro\/#breadcrumb\"},\"inLanguage\":\"es\",\"potentialAction\":[{\"@type\":\"ReadAction\",\"target\":[\"https:\/\/barmaniapro.com\/es\/producto\/cinturon-de-lastre-barmaniapro\/\"]}]},{\"@type\":\"ImageObject\",\"inLanguage\":\"es\",\"@id\":\"https:\/\/barmaniapro.com\/es\/producto\/cinturon-de-lastre-barmaniapro\/#primaryimage\",\"url\":\"https:\/\/barmaniapro.com\/wp-content\/uploads\/2024\/08\/DSC03701_inPixio-min.jpg\",\"contentUrl\":\"https:\/\/barmaniapro.com\/wp-content\/uploads\/2024\/08\/DSC03701_inPixio-min.jpg\",\"width\":1463,\"height\":2048},{\"@type\":\"BreadcrumbList\",\"@id\":\"https:\/\/barmaniapro.com\/es\/producto\/cinturon-de-lastre-barmaniapro\/#breadcrumb\",\"itemListElement\":[{\"@type\":\"ListItem\",\"position\":1,\"name\":\"Tienda\",\"item\":\"https:\/\/barmaniapro.com\/es\/tienda\/\"},{\"@type\":\"ListItem\",\"position\":2,\"name\":\"Cintur\u00f3n de lastre BarManiaPro\u00ae\"}]},{\"@type\":\"WebSite\",\"@id\":\"https:\/\/barmaniapro.com\/es\/#website\",\"url\":\"https:\/\/barmaniapro.com\/es\/\",\"name\":\"BarManiaPro\",\"description\":\"Manufacturer of Calisthenics equipment\",\"potentialAction\":[{\"@type\":\"SearchAction\",\"target\":{\"@type\":\"EntryPoint\",\"urlTemplate\":\"https:\/\/barmaniapro.com\/es\/?s={search_term_string}\"},\"query-input\":{\"@type\":\"PropertyValueSpecification\",\"valueRequired\":true,\"valueName\":\"search_term_string\"}}],\"inLanguage\":\"es\"}]}<\/script>\n<!-- \/ Yoast SEO plugin. -->","yoast_head_json":{"title":"Cintur\u00f3n de lastre BarManiaPro\u00ae - BarManiaPro","robots":{"index":"index","follow":"follow","max-snippet":"max-snippet:-1","max-image-preview":"max-image-preview:large","max-video-preview":"max-video-preview:-1"},"canonical":"https:\/\/barmaniapro.com\/es\/producto\/cinturon-de-lastre-barmaniapro\/","og_locale":"es_ES","og_type":"article","og_title":"Cintur\u00f3n de lastre BarManiaPro\u00ae - BarManiaPro","og_description":"\u25cf M\u00e1xima comodidad de uso gracias al acolchado \u25cf Carga de hasta 1000 kg \u25cf Con 3 mosquetones \u25cf Disponible con cadena y cuerda ligera","og_url":"https:\/\/barmaniapro.com\/es\/producto\/cinturon-de-lastre-barmaniapro\/","og_site_name":"BarManiaPro","article_publisher":"https:\/\/www.facebook.com\/BarManiaPro\/","article_modified_time":"2026-01-18T16:52:04+00:00","og_image":[{"width":1463,"height":2048,"url":"https:\/\/barmaniapro.com\/wp-content\/uploads\/2024\/08\/DSC03701_inPixio-min.jpg","type":"image\/jpeg"}],"twitter_card":"summary_large_image","schema":{"@context":"https:\/\/schema.org","@graph":[{"@type":"WebPage","@id":"https:\/\/barmaniapro.com\/es\/producto\/cinturon-de-lastre-barmaniapro\/","url":"https:\/\/barmaniapro.com\/es\/producto\/cinturon-de-lastre-barmaniapro\/","name":"Cintur\u00f3n de lastre BarManiaPro\u00ae - BarManiaPro","isPartOf":{"@id":"https:\/\/barmaniapro.com\/es\/#website"},"primaryImageOfPage":{"@id":"https:\/\/barmaniapro.com\/es\/producto\/cinturon-de-lastre-barmaniapro\/#primaryimage"},"image":{"@id":"https:\/\/barmaniapro.com\/es\/producto\/cinturon-de-lastre-barmaniapro\/#primaryimage"},"thumbnailUrl":"https:\/\/barmaniapro.com\/wp-content\/uploads\/2024\/08\/DSC03701_inPixio-min.jpg","datePublished":"2024-08-07T14:37:56+00:00","dateModified":"2026-01-18T16:52:04+00:00","breadcrumb":{"@id":"https:\/\/barmaniapro.com\/es\/producto\/cinturon-de-lastre-barmaniapro\/#breadcrumb"},"inLanguage":"es","potentialAction":[{"@type":"ReadAction","target":["https:\/\/barmaniapro.com\/es\/producto\/cinturon-de-lastre-barmaniapro\/"]}]},{"@type":"ImageObject","inLanguage":"es","@id":"https:\/\/barmaniapro.com\/es\/producto\/cinturon-de-lastre-barmaniapro\/#primaryimage","url":"https:\/\/barmaniapro.com\/wp-content\/uploads\/2024\/08\/DSC03701_inPixio-min.jpg","contentUrl":"https:\/\/barmaniapro.com\/wp-content\/uploads\/2024\/08\/DSC03701_inPixio-min.jpg","width":1463,"height":2048},{"@type":"BreadcrumbList","@id":"https:\/\/barmaniapro.com\/es\/producto\/cinturon-de-lastre-barmaniapro\/#breadcrumb","itemListElement":[{"@type":"ListItem","position":1,"name":"Tienda","item":"https:\/\/barmaniapro.com\/es\/tienda\/"},{"@type":"ListItem","position":2,"name":"Cintur\u00f3n de lastre BarManiaPro\u00ae"}]},{"@type":"WebSite","@id":"https:\/\/barmaniapro.com\/es\/#website","url":"https:\/\/barmaniapro.com\/es\/","name":"BarManiaPro","description":"Manufacturer of Calisthenics equipment","potentialAction":[{"@type":"SearchAction","target":{"@type":"EntryPoint","urlTemplate":"https:\/\/barmaniapro.com\/es\/?s={search_term_string}"},"query-input":{"@type":"PropertyValueSpecification","valueRequired":true,"valueName":"search_term_string"}}],"inLanguage":"es"}]}},"_links":{"self":[{"href":"https:\/\/barmaniapro.com\/es\/wp-json\/wp\/v2\/product\/14813","targetHints":{"allow":["GET"]}}],"collection":[{"href":"https:\/\/barmaniapro.com\/es\/wp-json\/wp\/v2\/product"}],"about":[{"href":"https:\/\/barmaniapro.com\/es\/wp-json\/wp\/v2\/types\/product"}],"replies":[{"embeddable":true,"href":"https:\/\/barmaniapro.com\/es\/wp-json\/wp\/v2\/comments?post=14813"}],"wp:featuredmedia":[{"embeddable":true,"href":"https:\/\/barmaniapro.com\/es\/wp-json\/wp\/v2\/media\/13384"}],"wp:attachment":[{"href":"https:\/\/barmaniapro.com\/es\/wp-json\/wp\/v2\/media?parent=14813"}],"wp:term":[{"taxonomy":"product_brand","embeddable":true,"href":"https:\/\/barmaniapro.com\/es\/wp-json\/wp\/v2\/product_brand?post=14813"},{"taxonomy":"product_cat","embeddable":true,"href":"https:\/\/barmaniapro.com\/es\/wp-json\/wp\/v2\/product_cat?post=14813"},{"taxonomy":"product_tag","embeddable":true,"href":"https:\/\/barmaniapro.com\/es\/wp-json\/wp\/v2\/product_tag?post=14813"}],"curies":[{"name":"wp","href":"https:\/\/api.w.org\/{rel}","templated":true}]}}