{"id":14805,"date":"2024-06-14T15:09:02","date_gmt":"2024-06-14T13:09:02","guid":{"rendered":"https:\/\/barmaniapro.com\/product\/munequeras-barmaniapro\/"},"modified":"2026-01-18T17:51:45","modified_gmt":"2026-01-18T16:51:45","slug":"munequeras-barmaniapro","status":"publish","type":"product","link":"https:\/\/barmaniapro.com\/es\/producto\/munequeras-barmaniapro\/","title":{"rendered":"Mu\u00f1equeras BarManiaPro\u00ae"},"content":{"rendered":"<p>\u25cf Mu\u00f1ecas fuertes y m\u00e1s estabilidad durante flexiones, fondos, equilibrios sobre manos, planchas y m\u00e1s<br \/>\n\u25cf Rendimiento mejorado durante ejercicios b\u00e1sicos, est\u00e1ticos, con peso y din\u00e1micos<br \/>\n\u25cf Material 100% de algod\u00f3n de alta calidad<br \/>\n\u25cf Reforzado con doble costura alrededor de todos los bordes<br \/>\n\u25cf Longitud: 90 cm<br \/>\n\u25cf Ancho: 7,3 cm<\/p>\n","protected":false},"excerpt":{"rendered":"<p>\u25cf Soporte para la mu\u00f1eca para un mayor rendimiento<br \/>\n\u25cf Estabilidad y seguridad durante el entrenamiento<br \/>\n\u25cf Nivel de soporte ajustable<br \/>\n\u25cf Reforzado con doble costura<br \/>\n\u25cf Talla \u00fanica<\/p>\n","protected":false},"featured_media":14250,"comment_status":"open","ping_status":"closed","template":"","meta":{"_acf_changed":false,"inline_featured_image":false},"product_brand":[],"product_cat":[630,656],"product_tag":[611],"class_list":{"0":"post-14805","1":"product","2":"type-product","3":"status-publish","4":"has-post-thumbnail","6":"product_cat-accesorios","7":"product_cat-munequeras","8":"product_tag-calistenia","10":"first","11":"instock","12":"taxable","13":"shipping-taxable","14":"purchasable","15":"product-type-simple"},"acf":[],"yoast_head":"<!-- This site is optimized with the Yoast SEO plugin v26.2 - https:\/\/yoast.com\/wordpress\/plugins\/seo\/ -->\n<title>Mu\u00f1equeras BarManiaPro\u00ae - BarManiaPro<\/title>\n<meta name=\"robots\" content=\"index, follow, max-snippet:-1, max-image-preview:large, max-video-preview:-1\" \/>\n<link rel=\"canonical\" href=\"https:\/\/barmaniapro.com\/es\/producto\/munequeras-barmaniapro\/\" \/>\n<meta property=\"og:locale\" content=\"es_ES\" \/>\n<meta property=\"og:type\" content=\"article\" \/>\n<meta property=\"og:title\" content=\"Mu\u00f1equeras BarManiaPro\u00ae - BarManiaPro\" \/>\n<meta property=\"og:description\" content=\"\u25cf Soporte para la mu\u00f1eca para un mayor rendimiento \u25cf Estabilidad y seguridad durante el entrenamiento \u25cf Nivel de soporte ajustable \u25cf Reforzado con doble costura \u25cf Talla \u00fanica\" \/>\n<meta property=\"og:url\" content=\"https:\/\/barmaniapro.com\/es\/producto\/munequeras-barmaniapro\/\" \/>\n<meta property=\"og:site_name\" content=\"BarManiaPro\" \/>\n<meta property=\"article:publisher\" content=\"https:\/\/www.facebook.com\/BarManiaPro\/\" \/>\n<meta property=\"article:modified_time\" content=\"2026-01-18T16:51:45+00:00\" \/>\n<meta property=\"og:image\" content=\"https:\/\/barmaniapro.com\/wp-content\/uploads\/2024\/06\/BarManiaPro\u00ae-Wrist-Wraps-1.1.jpg\" \/>\n\t<meta property=\"og:image:width\" content=\"694\" \/>\n\t<meta property=\"og:image:height\" content=\"972\" \/>\n\t<meta property=\"og:image:type\" content=\"image\/jpeg\" \/>\n<meta name=\"twitter:card\" content=\"summary_large_image\" \/>\n<script type=\"application\/ld+json\" class=\"yoast-schema-graph\">{\"@context\":\"https:\/\/schema.org\",\"@graph\":[{\"@type\":\"WebPage\",\"@id\":\"https:\/\/barmaniapro.com\/es\/producto\/munequeras-barmaniapro\/\",\"url\":\"https:\/\/barmaniapro.com\/es\/producto\/munequeras-barmaniapro\/\",\"name\":\"Mu\u00f1equeras BarManiaPro\u00ae - BarManiaPro\",\"isPartOf\":{\"@id\":\"https:\/\/barmaniapro.com\/es\/#website\"},\"primaryImageOfPage\":{\"@id\":\"https:\/\/barmaniapro.com\/es\/producto\/munequeras-barmaniapro\/#primaryimage\"},\"image\":{\"@id\":\"https:\/\/barmaniapro.com\/es\/producto\/munequeras-barmaniapro\/#primaryimage\"},\"thumbnailUrl\":\"https:\/\/barmaniapro.com\/wp-content\/uploads\/2024\/06\/BarManiaPro\u00ae-Wrist-Wraps-1.1.jpg\",\"datePublished\":\"2024-06-14T13:09:02+00:00\",\"dateModified\":\"2026-01-18T16:51:45+00:00\",\"breadcrumb\":{\"@id\":\"https:\/\/barmaniapro.com\/es\/producto\/munequeras-barmaniapro\/#breadcrumb\"},\"inLanguage\":\"es\",\"potentialAction\":[{\"@type\":\"ReadAction\",\"target\":[\"https:\/\/barmaniapro.com\/es\/producto\/munequeras-barmaniapro\/\"]}]},{\"@type\":\"ImageObject\",\"inLanguage\":\"es\",\"@id\":\"https:\/\/barmaniapro.com\/es\/producto\/munequeras-barmaniapro\/#primaryimage\",\"url\":\"https:\/\/barmaniapro.com\/wp-content\/uploads\/2024\/06\/BarManiaPro\u00ae-Wrist-Wraps-1.1.jpg\",\"contentUrl\":\"https:\/\/barmaniapro.com\/wp-content\/uploads\/2024\/06\/BarManiaPro\u00ae-Wrist-Wraps-1.1.jpg\",\"width\":694,\"height\":972},{\"@type\":\"BreadcrumbList\",\"@id\":\"https:\/\/barmaniapro.com\/es\/producto\/munequeras-barmaniapro\/#breadcrumb\",\"itemListElement\":[{\"@type\":\"ListItem\",\"position\":1,\"name\":\"Tienda\",\"item\":\"https:\/\/barmaniapro.com\/es\/tienda\/\"},{\"@type\":\"ListItem\",\"position\":2,\"name\":\"Mu\u00f1equeras BarManiaPro\u00ae\"}]},{\"@type\":\"WebSite\",\"@id\":\"https:\/\/barmaniapro.com\/es\/#website\",\"url\":\"https:\/\/barmaniapro.com\/es\/\",\"name\":\"BarManiaPro\",\"description\":\"Manufacturer of Calisthenics equipment\",\"potentialAction\":[{\"@type\":\"SearchAction\",\"target\":{\"@type\":\"EntryPoint\",\"urlTemplate\":\"https:\/\/barmaniapro.com\/es\/?s={search_term_string}\"},\"query-input\":{\"@type\":\"PropertyValueSpecification\",\"valueRequired\":true,\"valueName\":\"search_term_string\"}}],\"inLanguage\":\"es\"}]}<\/script>\n<!-- \/ Yoast SEO plugin. -->","yoast_head_json":{"title":"Mu\u00f1equeras BarManiaPro\u00ae - BarManiaPro","robots":{"index":"index","follow":"follow","max-snippet":"max-snippet:-1","max-image-preview":"max-image-preview:large","max-video-preview":"max-video-preview:-1"},"canonical":"https:\/\/barmaniapro.com\/es\/producto\/munequeras-barmaniapro\/","og_locale":"es_ES","og_type":"article","og_title":"Mu\u00f1equeras BarManiaPro\u00ae - BarManiaPro","og_description":"\u25cf Soporte para la mu\u00f1eca para un mayor rendimiento \u25cf Estabilidad y seguridad durante el entrenamiento \u25cf Nivel de soporte ajustable \u25cf Reforzado con doble costura \u25cf Talla \u00fanica","og_url":"https:\/\/barmaniapro.com\/es\/producto\/munequeras-barmaniapro\/","og_site_name":"BarManiaPro","article_publisher":"https:\/\/www.facebook.com\/BarManiaPro\/","article_modified_time":"2026-01-18T16:51:45+00:00","og_image":[{"width":694,"height":972,"url":"https:\/\/barmaniapro.com\/wp-content\/uploads\/2024\/06\/BarManiaPro\u00ae-Wrist-Wraps-1.1.jpg","type":"image\/jpeg"}],"twitter_card":"summary_large_image","schema":{"@context":"https:\/\/schema.org","@graph":[{"@type":"WebPage","@id":"https:\/\/barmaniapro.com\/es\/producto\/munequeras-barmaniapro\/","url":"https:\/\/barmaniapro.com\/es\/producto\/munequeras-barmaniapro\/","name":"Mu\u00f1equeras BarManiaPro\u00ae - BarManiaPro","isPartOf":{"@id":"https:\/\/barmaniapro.com\/es\/#website"},"primaryImageOfPage":{"@id":"https:\/\/barmaniapro.com\/es\/producto\/munequeras-barmaniapro\/#primaryimage"},"image":{"@id":"https:\/\/barmaniapro.com\/es\/producto\/munequeras-barmaniapro\/#primaryimage"},"thumbnailUrl":"https:\/\/barmaniapro.com\/wp-content\/uploads\/2024\/06\/BarManiaPro\u00ae-Wrist-Wraps-1.1.jpg","datePublished":"2024-06-14T13:09:02+00:00","dateModified":"2026-01-18T16:51:45+00:00","breadcrumb":{"@id":"https:\/\/barmaniapro.com\/es\/producto\/munequeras-barmaniapro\/#breadcrumb"},"inLanguage":"es","potentialAction":[{"@type":"ReadAction","target":["https:\/\/barmaniapro.com\/es\/producto\/munequeras-barmaniapro\/"]}]},{"@type":"ImageObject","inLanguage":"es","@id":"https:\/\/barmaniapro.com\/es\/producto\/munequeras-barmaniapro\/#primaryimage","url":"https:\/\/barmaniapro.com\/wp-content\/uploads\/2024\/06\/BarManiaPro\u00ae-Wrist-Wraps-1.1.jpg","contentUrl":"https:\/\/barmaniapro.com\/wp-content\/uploads\/2024\/06\/BarManiaPro\u00ae-Wrist-Wraps-1.1.jpg","width":694,"height":972},{"@type":"BreadcrumbList","@id":"https:\/\/barmaniapro.com\/es\/producto\/munequeras-barmaniapro\/#breadcrumb","itemListElement":[{"@type":"ListItem","position":1,"name":"Tienda","item":"https:\/\/barmaniapro.com\/es\/tienda\/"},{"@type":"ListItem","position":2,"name":"Mu\u00f1equeras BarManiaPro\u00ae"}]},{"@type":"WebSite","@id":"https:\/\/barmaniapro.com\/es\/#website","url":"https:\/\/barmaniapro.com\/es\/","name":"BarManiaPro","description":"Manufacturer of Calisthenics equipment","potentialAction":[{"@type":"SearchAction","target":{"@type":"EntryPoint","urlTemplate":"https:\/\/barmaniapro.com\/es\/?s={search_term_string}"},"query-input":{"@type":"PropertyValueSpecification","valueRequired":true,"valueName":"search_term_string"}}],"inLanguage":"es"}]}},"_links":{"self":[{"href":"https:\/\/barmaniapro.com\/es\/wp-json\/wp\/v2\/product\/14805","targetHints":{"allow":["GET"]}}],"collection":[{"href":"https:\/\/barmaniapro.com\/es\/wp-json\/wp\/v2\/product"}],"about":[{"href":"https:\/\/barmaniapro.com\/es\/wp-json\/wp\/v2\/types\/product"}],"replies":[{"embeddable":true,"href":"https:\/\/barmaniapro.com\/es\/wp-json\/wp\/v2\/comments?post=14805"}],"wp:featuredmedia":[{"embeddable":true,"href":"https:\/\/barmaniapro.com\/es\/wp-json\/wp\/v2\/media\/14250"}],"wp:attachment":[{"href":"https:\/\/barmaniapro.com\/es\/wp-json\/wp\/v2\/media?parent=14805"}],"wp:term":[{"taxonomy":"product_brand","embeddable":true,"href":"https:\/\/barmaniapro.com\/es\/wp-json\/wp\/v2\/product_brand?post=14805"},{"taxonomy":"product_cat","embeddable":true,"href":"https:\/\/barmaniapro.com\/es\/wp-json\/wp\/v2\/product_cat?post=14805"},{"taxonomy":"product_tag","embeddable":true,"href":"https:\/\/barmaniapro.com\/es\/wp-json\/wp\/v2\/product_tag?post=14805"}],"curies":[{"name":"wp","href":"https:\/\/api.w.org\/{rel}","templated":true}]}}