{"id":14803,"date":"2024-06-14T14:55:35","date_gmt":"2024-06-14T12:55:35","guid":{"rendered":"https:\/\/barmaniapro.com\/product\/tiza-liquida-barmaniapro\/"},"modified":"2026-02-09T11:50:22","modified_gmt":"2026-02-09T10:50:22","slug":"tiza-liquida-barmaniapro","status":"publish","type":"product","link":"https:\/\/barmaniapro.com\/es\/producto\/tiza-liquida-barmaniapro\/","title":{"rendered":"Tiza l\u00edquida BarManiaPro\u00ae"},"content":{"rendered":"<p>\u25cf Bote grande de 250 ml para Basics, Skills, Weighted &amp; Freestyle<br \/>\n\u25cf El tap\u00f3n herm\u00e9tico garantiza la calidad hasta la \u00faltima aplicaci\u00f3n<br \/>\n\u25cf Agarre definitivo para un m\u00e1ximo rendimiento durante tus entrenamientos<br \/>\n\u25cf Olor agradable gracias a la f\u00f3rmula actualizada<br \/>\n\u25cf M\u00ednima creaci\u00f3n de polvo y f\u00e1cil de lavar de las manos<br \/>\n\u25cf Contenido: 250 ml por botella<\/p>\n<p><img decoding=\"async\" src=\"https:\/\/cdn.shopify.com\/s\/files\/1\/2513\/1876\/files\/Feuer_und_ausrufezeichen_GEFAHR_Liquid_Chalk.png?v=1657265895\"><br \/>\n<em>Puede provocar reacciones al\u00e9rgicas en la piel.<\/em><\/p>\n","protected":false},"excerpt":{"rendered":"<p><strong>\u00a1La favorita de los atletas que quieren tener el mejor agarre en sus entrenamientos!<\/strong><\/p>\n<p>\u25cf Agarre significativamente mejorado<br \/>\n\u25cf Mayor rendimiento durante el entrenamiento<br \/>\n\u25cf Olor agradable<\/p>\n","protected":false},"featured_media":13984,"comment_status":"open","ping_status":"closed","template":"","meta":{"_acf_changed":false,"inline_featured_image":false},"product_brand":[],"product_cat":[630,654],"product_tag":[611,655],"class_list":{"0":"post-14803","1":"product","2":"type-product","3":"status-publish","4":"has-post-thumbnail","6":"product_cat-accesorios","7":"product_cat-grips-magnesio-y-esparadrapo","8":"product_tag-calistenia","9":"product_tag-tiza-liquida","11":"first","12":"instock","13":"taxable","14":"shipping-taxable","15":"purchasable","16":"product-type-simple"},"acf":[],"yoast_head":"<!-- This site is optimized with the Yoast SEO plugin v26.2 - https:\/\/yoast.com\/wordpress\/plugins\/seo\/ -->\n<title>Tiza l\u00edquida BarManiaPro\u00ae - BarManiaPro<\/title>\n<meta name=\"robots\" content=\"index, follow, max-snippet:-1, max-image-preview:large, max-video-preview:-1\" \/>\n<link rel=\"canonical\" href=\"https:\/\/barmaniapro.com\/es\/producto\/tiza-liquida-barmaniapro\/\" \/>\n<meta property=\"og:locale\" content=\"es_ES\" \/>\n<meta property=\"og:type\" content=\"article\" \/>\n<meta property=\"og:title\" content=\"Tiza l\u00edquida BarManiaPro\u00ae - BarManiaPro\" \/>\n<meta property=\"og:description\" content=\"\u00a1La favorita de los atletas que quieren tener el mejor agarre en sus entrenamientos! \u25cf Agarre significativamente mejorado \u25cf Mayor rendimiento durante el entrenamiento \u25cf Olor agradable\" \/>\n<meta property=\"og:url\" content=\"https:\/\/barmaniapro.com\/es\/producto\/tiza-liquida-barmaniapro\/\" \/>\n<meta property=\"og:site_name\" content=\"BarManiaPro\" \/>\n<meta property=\"article:publisher\" content=\"https:\/\/www.facebook.com\/BarManiaPro\/\" \/>\n<meta property=\"article:modified_time\" content=\"2026-02-09T10:50:22+00:00\" \/>\n<meta property=\"og:image\" content=\"https:\/\/barmaniapro.com\/wp-content\/uploads\/2024\/06\/BarManiaPro\u00ae-Liquid-Chalk-1.2.jpg\" \/>\n\t<meta property=\"og:image:width\" content=\"1273\" \/>\n\t<meta property=\"og:image:height\" content=\"1783\" \/>\n\t<meta property=\"og:image:type\" content=\"image\/jpeg\" \/>\n<meta name=\"twitter:card\" content=\"summary_large_image\" \/>\n<script type=\"application\/ld+json\" class=\"yoast-schema-graph\">{\"@context\":\"https:\/\/schema.org\",\"@graph\":[{\"@type\":\"WebPage\",\"@id\":\"https:\/\/barmaniapro.com\/es\/producto\/tiza-liquida-barmaniapro\/\",\"url\":\"https:\/\/barmaniapro.com\/es\/producto\/tiza-liquida-barmaniapro\/\",\"name\":\"Tiza l\u00edquida BarManiaPro\u00ae - BarManiaPro\",\"isPartOf\":{\"@id\":\"https:\/\/barmaniapro.com\/es\/#website\"},\"primaryImageOfPage\":{\"@id\":\"https:\/\/barmaniapro.com\/es\/producto\/tiza-liquida-barmaniapro\/#primaryimage\"},\"image\":{\"@id\":\"https:\/\/barmaniapro.com\/es\/producto\/tiza-liquida-barmaniapro\/#primaryimage\"},\"thumbnailUrl\":\"https:\/\/barmaniapro.com\/wp-content\/uploads\/2024\/06\/BarManiaPro\u00ae-Liquid-Chalk-1.2.jpg\",\"datePublished\":\"2024-06-14T12:55:35+00:00\",\"dateModified\":\"2026-02-09T10:50:22+00:00\",\"breadcrumb\":{\"@id\":\"https:\/\/barmaniapro.com\/es\/producto\/tiza-liquida-barmaniapro\/#breadcrumb\"},\"inLanguage\":\"es\",\"potentialAction\":[{\"@type\":\"ReadAction\",\"target\":[\"https:\/\/barmaniapro.com\/es\/producto\/tiza-liquida-barmaniapro\/\"]}]},{\"@type\":\"ImageObject\",\"inLanguage\":\"es\",\"@id\":\"https:\/\/barmaniapro.com\/es\/producto\/tiza-liquida-barmaniapro\/#primaryimage\",\"url\":\"https:\/\/barmaniapro.com\/wp-content\/uploads\/2024\/06\/BarManiaPro\u00ae-Liquid-Chalk-1.2.jpg\",\"contentUrl\":\"https:\/\/barmaniapro.com\/wp-content\/uploads\/2024\/06\/BarManiaPro\u00ae-Liquid-Chalk-1.2.jpg\",\"width\":1273,\"height\":1783},{\"@type\":\"BreadcrumbList\",\"@id\":\"https:\/\/barmaniapro.com\/es\/producto\/tiza-liquida-barmaniapro\/#breadcrumb\",\"itemListElement\":[{\"@type\":\"ListItem\",\"position\":1,\"name\":\"Tienda\",\"item\":\"https:\/\/barmaniapro.com\/es\/tienda\/\"},{\"@type\":\"ListItem\",\"position\":2,\"name\":\"Tiza l\u00edquida BarManiaPro\u00ae\"}]},{\"@type\":\"WebSite\",\"@id\":\"https:\/\/barmaniapro.com\/es\/#website\",\"url\":\"https:\/\/barmaniapro.com\/es\/\",\"name\":\"BarManiaPro\",\"description\":\"Manufacturer of Calisthenics equipment\",\"potentialAction\":[{\"@type\":\"SearchAction\",\"target\":{\"@type\":\"EntryPoint\",\"urlTemplate\":\"https:\/\/barmaniapro.com\/es\/?s={search_term_string}\"},\"query-input\":{\"@type\":\"PropertyValueSpecification\",\"valueRequired\":true,\"valueName\":\"search_term_string\"}}],\"inLanguage\":\"es\"}]}<\/script>\n<!-- \/ Yoast SEO plugin. -->","yoast_head_json":{"title":"Tiza l\u00edquida BarManiaPro\u00ae - BarManiaPro","robots":{"index":"index","follow":"follow","max-snippet":"max-snippet:-1","max-image-preview":"max-image-preview:large","max-video-preview":"max-video-preview:-1"},"canonical":"https:\/\/barmaniapro.com\/es\/producto\/tiza-liquida-barmaniapro\/","og_locale":"es_ES","og_type":"article","og_title":"Tiza l\u00edquida BarManiaPro\u00ae - BarManiaPro","og_description":"\u00a1La favorita de los atletas que quieren tener el mejor agarre en sus entrenamientos! \u25cf Agarre significativamente mejorado \u25cf Mayor rendimiento durante el entrenamiento \u25cf Olor agradable","og_url":"https:\/\/barmaniapro.com\/es\/producto\/tiza-liquida-barmaniapro\/","og_site_name":"BarManiaPro","article_publisher":"https:\/\/www.facebook.com\/BarManiaPro\/","article_modified_time":"2026-02-09T10:50:22+00:00","og_image":[{"width":1273,"height":1783,"url":"https:\/\/barmaniapro.com\/wp-content\/uploads\/2024\/06\/BarManiaPro\u00ae-Liquid-Chalk-1.2.jpg","type":"image\/jpeg"}],"twitter_card":"summary_large_image","schema":{"@context":"https:\/\/schema.org","@graph":[{"@type":"WebPage","@id":"https:\/\/barmaniapro.com\/es\/producto\/tiza-liquida-barmaniapro\/","url":"https:\/\/barmaniapro.com\/es\/producto\/tiza-liquida-barmaniapro\/","name":"Tiza l\u00edquida BarManiaPro\u00ae - BarManiaPro","isPartOf":{"@id":"https:\/\/barmaniapro.com\/es\/#website"},"primaryImageOfPage":{"@id":"https:\/\/barmaniapro.com\/es\/producto\/tiza-liquida-barmaniapro\/#primaryimage"},"image":{"@id":"https:\/\/barmaniapro.com\/es\/producto\/tiza-liquida-barmaniapro\/#primaryimage"},"thumbnailUrl":"https:\/\/barmaniapro.com\/wp-content\/uploads\/2024\/06\/BarManiaPro\u00ae-Liquid-Chalk-1.2.jpg","datePublished":"2024-06-14T12:55:35+00:00","dateModified":"2026-02-09T10:50:22+00:00","breadcrumb":{"@id":"https:\/\/barmaniapro.com\/es\/producto\/tiza-liquida-barmaniapro\/#breadcrumb"},"inLanguage":"es","potentialAction":[{"@type":"ReadAction","target":["https:\/\/barmaniapro.com\/es\/producto\/tiza-liquida-barmaniapro\/"]}]},{"@type":"ImageObject","inLanguage":"es","@id":"https:\/\/barmaniapro.com\/es\/producto\/tiza-liquida-barmaniapro\/#primaryimage","url":"https:\/\/barmaniapro.com\/wp-content\/uploads\/2024\/06\/BarManiaPro\u00ae-Liquid-Chalk-1.2.jpg","contentUrl":"https:\/\/barmaniapro.com\/wp-content\/uploads\/2024\/06\/BarManiaPro\u00ae-Liquid-Chalk-1.2.jpg","width":1273,"height":1783},{"@type":"BreadcrumbList","@id":"https:\/\/barmaniapro.com\/es\/producto\/tiza-liquida-barmaniapro\/#breadcrumb","itemListElement":[{"@type":"ListItem","position":1,"name":"Tienda","item":"https:\/\/barmaniapro.com\/es\/tienda\/"},{"@type":"ListItem","position":2,"name":"Tiza l\u00edquida BarManiaPro\u00ae"}]},{"@type":"WebSite","@id":"https:\/\/barmaniapro.com\/es\/#website","url":"https:\/\/barmaniapro.com\/es\/","name":"BarManiaPro","description":"Manufacturer of Calisthenics equipment","potentialAction":[{"@type":"SearchAction","target":{"@type":"EntryPoint","urlTemplate":"https:\/\/barmaniapro.com\/es\/?s={search_term_string}"},"query-input":{"@type":"PropertyValueSpecification","valueRequired":true,"valueName":"search_term_string"}}],"inLanguage":"es"}]}},"_links":{"self":[{"href":"https:\/\/barmaniapro.com\/es\/wp-json\/wp\/v2\/product\/14803","targetHints":{"allow":["GET"]}}],"collection":[{"href":"https:\/\/barmaniapro.com\/es\/wp-json\/wp\/v2\/product"}],"about":[{"href":"https:\/\/barmaniapro.com\/es\/wp-json\/wp\/v2\/types\/product"}],"replies":[{"embeddable":true,"href":"https:\/\/barmaniapro.com\/es\/wp-json\/wp\/v2\/comments?post=14803"}],"wp:featuredmedia":[{"embeddable":true,"href":"https:\/\/barmaniapro.com\/es\/wp-json\/wp\/v2\/media\/13984"}],"wp:attachment":[{"href":"https:\/\/barmaniapro.com\/es\/wp-json\/wp\/v2\/media?parent=14803"}],"wp:term":[{"taxonomy":"product_brand","embeddable":true,"href":"https:\/\/barmaniapro.com\/es\/wp-json\/wp\/v2\/product_brand?post=14803"},{"taxonomy":"product_cat","embeddable":true,"href":"https:\/\/barmaniapro.com\/es\/wp-json\/wp\/v2\/product_cat?post=14803"},{"taxonomy":"product_tag","embeddable":true,"href":"https:\/\/barmaniapro.com\/es\/wp-json\/wp\/v2\/product_tag?post=14803"}],"curies":[{"name":"wp","href":"https:\/\/api.w.org\/{rel}","templated":true}]}}