{"id":14766,"date":"2024-09-15T09:47:12","date_gmt":"2024-09-15T07:47:12","guid":{"rendered":"https:\/\/barmaniapro.com\/product\/paralelas-neo-v1-de-barmaniapro\/"},"modified":"2026-01-18T17:52:18","modified_gmt":"2026-01-18T16:52:18","slug":"paralelas-neo-v1-de-barmaniapro","status":"publish","type":"product","link":"https:\/\/barmaniapro.com\/es\/producto\/paralelas-neo-v1-de-barmaniapro\/","title":{"rendered":"Paralelas NEO V1 de BarManiaPro\u00ae"},"content":{"rendered":"<p>\u25cf Un agarre perfecto durante tu entrenamiento gracias al revestimiento negro mate de alta calidad<br \/>\n\u25cf Tu compa\u00f1ero de entrenamiento para toda la vida gracias a una construcci\u00f3n de acero duradera<br \/>\n\u25cf Mano de obra de la m\u00e1s alta calidad con pies antideslizantes<br \/>\n\u25cf Incluye cinta \u00fatil para un agarre a\u00fan mejor<br \/>\n\u25cf Se puede cargar hasta 500 kg por par<br \/>\n\u25cf Se entrega montado, no requiere montaje<\/p>\n","protected":false},"excerpt":{"rendered":"<p><strong>\u25cf Dise\u00f1o antideslizante:<\/strong> Equipadas con pies de goma y agarre para m\u00e1xima estabilidad. <em><br \/>\n<\/em>\u25cf <strong>Agarre superior:<\/strong> El revestimiento mate mejora el agarre y minimiza los resbalones.<em><br \/>\n<\/em>\u25cf <strong>Construcci\u00f3n s\u00f3lida:<\/strong> Dise\u00f1o de acero premium que ofrece una calidad duradera.<em><br \/>\n\u25cf<\/em> <strong>Vers\u00e1til para entrenamientos:<\/strong> Dise\u00f1ado para un entrenamiento robusto y resistente.<\/p>\n<p>Mejora tus Parallettes NEO con <a href=\"http:\/\/Upgrade%20your%20Parallettes%20NEO%20with%20Wooden%20bars%20to%20complete%20your%20style.\">barras de madera<\/a> para completar tu estilo.<\/p>\n","protected":false},"featured_media":13276,"comment_status":"open","ping_status":"closed","template":"","meta":{"_acf_changed":false,"inline_featured_image":false},"product_brand":[],"product_cat":[628,630,632],"product_tag":[634,611],"class_list":{"0":"post-14766","1":"product","2":"type-product","3":"status-publish","4":"has-post-thumbnail","6":"product_cat-parallettes-es","7":"product_cat-accesorios","8":"product_cat-paralelas","9":"product_tag-parallettes-es","10":"product_tag-calistenia","12":"first","13":"instock","14":"taxable","15":"shipping-taxable","16":"purchasable","17":"product-type-simple"},"acf":[],"yoast_head":"<!-- This site is optimized with the Yoast SEO plugin v26.2 - https:\/\/yoast.com\/wordpress\/plugins\/seo\/ -->\n<title>Paralelas NEO V1 de BarManiaPro\u00ae - BarManiaPro<\/title>\n<meta name=\"robots\" content=\"index, follow, max-snippet:-1, max-image-preview:large, max-video-preview:-1\" \/>\n<link rel=\"canonical\" href=\"https:\/\/barmaniapro.com\/es\/producto\/paralelas-neo-v1-de-barmaniapro\/\" \/>\n<meta property=\"og:locale\" content=\"es_ES\" \/>\n<meta property=\"og:type\" content=\"article\" \/>\n<meta property=\"og:title\" content=\"Paralelas NEO V1 de BarManiaPro\u00ae - BarManiaPro\" \/>\n<meta property=\"og:description\" content=\"\u25cf Dise\u00f1o antideslizante: Equipadas con pies de goma y agarre para m\u00e1xima estabilidad. \u25cf Agarre superior: El revestimiento mate mejora el agarre y minimiza los resbalones. \u25cf Construcci\u00f3n s\u00f3lida: Dise\u00f1o de acero premium que ofrece una calidad duradera. \u25cf Vers\u00e1til para entrenamientos: Dise\u00f1ado para un entrenamiento robusto y resistente. Mejora tus Parallettes NEO con barras de madera para completar tu estilo.\" \/>\n<meta property=\"og:url\" content=\"https:\/\/barmaniapro.com\/es\/producto\/paralelas-neo-v1-de-barmaniapro\/\" \/>\n<meta property=\"og:site_name\" content=\"BarManiaPro\" \/>\n<meta property=\"article:publisher\" content=\"https:\/\/www.facebook.com\/BarManiaPro\/\" \/>\n<meta property=\"article:modified_time\" content=\"2026-01-18T16:52:18+00:00\" \/>\n<meta property=\"og:image\" content=\"https:\/\/barmaniapro.com\/wp-content\/uploads\/2024\/09\/1_inPixio-min-1-scaled.jpg\" \/>\n\t<meta property=\"og:image:width\" content=\"1829\" \/>\n\t<meta property=\"og:image:height\" content=\"2560\" \/>\n\t<meta property=\"og:image:type\" content=\"image\/jpeg\" \/>\n<meta name=\"twitter:card\" content=\"summary_large_image\" \/>\n<script type=\"application\/ld+json\" class=\"yoast-schema-graph\">{\"@context\":\"https:\/\/schema.org\",\"@graph\":[{\"@type\":\"WebPage\",\"@id\":\"https:\/\/barmaniapro.com\/es\/producto\/paralelas-neo-v1-de-barmaniapro\/\",\"url\":\"https:\/\/barmaniapro.com\/es\/producto\/paralelas-neo-v1-de-barmaniapro\/\",\"name\":\"Paralelas NEO V1 de BarManiaPro\u00ae - BarManiaPro\",\"isPartOf\":{\"@id\":\"https:\/\/barmaniapro.com\/es\/#website\"},\"primaryImageOfPage\":{\"@id\":\"https:\/\/barmaniapro.com\/es\/producto\/paralelas-neo-v1-de-barmaniapro\/#primaryimage\"},\"image\":{\"@id\":\"https:\/\/barmaniapro.com\/es\/producto\/paralelas-neo-v1-de-barmaniapro\/#primaryimage\"},\"thumbnailUrl\":\"https:\/\/barmaniapro.com\/wp-content\/uploads\/2024\/09\/1_inPixio-min-1-scaled.jpg\",\"datePublished\":\"2024-09-15T07:47:12+00:00\",\"dateModified\":\"2026-01-18T16:52:18+00:00\",\"breadcrumb\":{\"@id\":\"https:\/\/barmaniapro.com\/es\/producto\/paralelas-neo-v1-de-barmaniapro\/#breadcrumb\"},\"inLanguage\":\"es\",\"potentialAction\":[{\"@type\":\"ReadAction\",\"target\":[\"https:\/\/barmaniapro.com\/es\/producto\/paralelas-neo-v1-de-barmaniapro\/\"]}]},{\"@type\":\"ImageObject\",\"inLanguage\":\"es\",\"@id\":\"https:\/\/barmaniapro.com\/es\/producto\/paralelas-neo-v1-de-barmaniapro\/#primaryimage\",\"url\":\"https:\/\/barmaniapro.com\/wp-content\/uploads\/2024\/09\/1_inPixio-min-1-scaled.jpg\",\"contentUrl\":\"https:\/\/barmaniapro.com\/wp-content\/uploads\/2024\/09\/1_inPixio-min-1-scaled.jpg\",\"width\":1829,\"height\":2560},{\"@type\":\"BreadcrumbList\",\"@id\":\"https:\/\/barmaniapro.com\/es\/producto\/paralelas-neo-v1-de-barmaniapro\/#breadcrumb\",\"itemListElement\":[{\"@type\":\"ListItem\",\"position\":1,\"name\":\"Tienda\",\"item\":\"https:\/\/barmaniapro.com\/es\/tienda\/\"},{\"@type\":\"ListItem\",\"position\":2,\"name\":\"Paralelas NEO V1 de BarManiaPro\u00ae\"}]},{\"@type\":\"WebSite\",\"@id\":\"https:\/\/barmaniapro.com\/es\/#website\",\"url\":\"https:\/\/barmaniapro.com\/es\/\",\"name\":\"BarManiaPro\",\"description\":\"Manufacturer of Calisthenics equipment\",\"potentialAction\":[{\"@type\":\"SearchAction\",\"target\":{\"@type\":\"EntryPoint\",\"urlTemplate\":\"https:\/\/barmaniapro.com\/es\/?s={search_term_string}\"},\"query-input\":{\"@type\":\"PropertyValueSpecification\",\"valueRequired\":true,\"valueName\":\"search_term_string\"}}],\"inLanguage\":\"es\"}]}<\/script>\n<!-- \/ Yoast SEO plugin. -->","yoast_head_json":{"title":"Paralelas NEO V1 de BarManiaPro\u00ae - BarManiaPro","robots":{"index":"index","follow":"follow","max-snippet":"max-snippet:-1","max-image-preview":"max-image-preview:large","max-video-preview":"max-video-preview:-1"},"canonical":"https:\/\/barmaniapro.com\/es\/producto\/paralelas-neo-v1-de-barmaniapro\/","og_locale":"es_ES","og_type":"article","og_title":"Paralelas NEO V1 de BarManiaPro\u00ae - BarManiaPro","og_description":"\u25cf Dise\u00f1o antideslizante: Equipadas con pies de goma y agarre para m\u00e1xima estabilidad. \u25cf Agarre superior: El revestimiento mate mejora el agarre y minimiza los resbalones. \u25cf Construcci\u00f3n s\u00f3lida: Dise\u00f1o de acero premium que ofrece una calidad duradera. \u25cf Vers\u00e1til para entrenamientos: Dise\u00f1ado para un entrenamiento robusto y resistente. Mejora tus Parallettes NEO con barras de madera para completar tu estilo.","og_url":"https:\/\/barmaniapro.com\/es\/producto\/paralelas-neo-v1-de-barmaniapro\/","og_site_name":"BarManiaPro","article_publisher":"https:\/\/www.facebook.com\/BarManiaPro\/","article_modified_time":"2026-01-18T16:52:18+00:00","og_image":[{"width":1829,"height":2560,"url":"https:\/\/barmaniapro.com\/wp-content\/uploads\/2024\/09\/1_inPixio-min-1-scaled.jpg","type":"image\/jpeg"}],"twitter_card":"summary_large_image","schema":{"@context":"https:\/\/schema.org","@graph":[{"@type":"WebPage","@id":"https:\/\/barmaniapro.com\/es\/producto\/paralelas-neo-v1-de-barmaniapro\/","url":"https:\/\/barmaniapro.com\/es\/producto\/paralelas-neo-v1-de-barmaniapro\/","name":"Paralelas NEO V1 de BarManiaPro\u00ae - BarManiaPro","isPartOf":{"@id":"https:\/\/barmaniapro.com\/es\/#website"},"primaryImageOfPage":{"@id":"https:\/\/barmaniapro.com\/es\/producto\/paralelas-neo-v1-de-barmaniapro\/#primaryimage"},"image":{"@id":"https:\/\/barmaniapro.com\/es\/producto\/paralelas-neo-v1-de-barmaniapro\/#primaryimage"},"thumbnailUrl":"https:\/\/barmaniapro.com\/wp-content\/uploads\/2024\/09\/1_inPixio-min-1-scaled.jpg","datePublished":"2024-09-15T07:47:12+00:00","dateModified":"2026-01-18T16:52:18+00:00","breadcrumb":{"@id":"https:\/\/barmaniapro.com\/es\/producto\/paralelas-neo-v1-de-barmaniapro\/#breadcrumb"},"inLanguage":"es","potentialAction":[{"@type":"ReadAction","target":["https:\/\/barmaniapro.com\/es\/producto\/paralelas-neo-v1-de-barmaniapro\/"]}]},{"@type":"ImageObject","inLanguage":"es","@id":"https:\/\/barmaniapro.com\/es\/producto\/paralelas-neo-v1-de-barmaniapro\/#primaryimage","url":"https:\/\/barmaniapro.com\/wp-content\/uploads\/2024\/09\/1_inPixio-min-1-scaled.jpg","contentUrl":"https:\/\/barmaniapro.com\/wp-content\/uploads\/2024\/09\/1_inPixio-min-1-scaled.jpg","width":1829,"height":2560},{"@type":"BreadcrumbList","@id":"https:\/\/barmaniapro.com\/es\/producto\/paralelas-neo-v1-de-barmaniapro\/#breadcrumb","itemListElement":[{"@type":"ListItem","position":1,"name":"Tienda","item":"https:\/\/barmaniapro.com\/es\/tienda\/"},{"@type":"ListItem","position":2,"name":"Paralelas NEO V1 de BarManiaPro\u00ae"}]},{"@type":"WebSite","@id":"https:\/\/barmaniapro.com\/es\/#website","url":"https:\/\/barmaniapro.com\/es\/","name":"BarManiaPro","description":"Manufacturer of Calisthenics equipment","potentialAction":[{"@type":"SearchAction","target":{"@type":"EntryPoint","urlTemplate":"https:\/\/barmaniapro.com\/es\/?s={search_term_string}"},"query-input":{"@type":"PropertyValueSpecification","valueRequired":true,"valueName":"search_term_string"}}],"inLanguage":"es"}]}},"_links":{"self":[{"href":"https:\/\/barmaniapro.com\/es\/wp-json\/wp\/v2\/product\/14766","targetHints":{"allow":["GET"]}}],"collection":[{"href":"https:\/\/barmaniapro.com\/es\/wp-json\/wp\/v2\/product"}],"about":[{"href":"https:\/\/barmaniapro.com\/es\/wp-json\/wp\/v2\/types\/product"}],"replies":[{"embeddable":true,"href":"https:\/\/barmaniapro.com\/es\/wp-json\/wp\/v2\/comments?post=14766"}],"wp:featuredmedia":[{"embeddable":true,"href":"https:\/\/barmaniapro.com\/es\/wp-json\/wp\/v2\/media\/13276"}],"wp:attachment":[{"href":"https:\/\/barmaniapro.com\/es\/wp-json\/wp\/v2\/media?parent=14766"}],"wp:term":[{"taxonomy":"product_brand","embeddable":true,"href":"https:\/\/barmaniapro.com\/es\/wp-json\/wp\/v2\/product_brand?post=14766"},{"taxonomy":"product_cat","embeddable":true,"href":"https:\/\/barmaniapro.com\/es\/wp-json\/wp\/v2\/product_cat?post=14766"},{"taxonomy":"product_tag","embeddable":true,"href":"https:\/\/barmaniapro.com\/es\/wp-json\/wp\/v2\/product_tag?post=14766"}],"curies":[{"name":"wp","href":"https:\/\/api.w.org\/{rel}","templated":true}]}}