{"id":14746,"date":"2023-04-20T10:49:43","date_gmt":"2023-04-20T08:49:43","guid":{"rendered":"https:\/\/barmaniapro.com\/product\/red-de-escalada-inclinada\/"},"modified":"2026-01-18T17:53:21","modified_gmt":"2026-01-18T16:53:21","slug":"red-de-escalada-inclinada","status":"publish","type":"product","link":"https:\/\/barmaniapro.com\/es\/producto\/red-de-escalada-inclinada\/","title":{"rendered":"Red de escalada inclinada"},"content":{"rendered":"<h5 data-start=\"560\" data-end=\"573\">Caracter\u00edsticas:<\/h5>\n<ul data-start=\"574\" data-end=\"1819\">\n<li data-start=\"574\" data-end=\"934\"><strong data-start=\"576\" data-end=\"621\">Dos columnas de 2800 mm + Dos columnas de 1100 mm<\/strong>: Las columnas robustas y de alta calidad proporcionan una base s\u00f3lida para la red, con diferentes alturas para un desaf\u00edo din\u00e1mico y ajustable. Las columnas m\u00e1s altas (2800 mm) crean una inclinaci\u00f3n pronunciada para una escalada m\u00e1s avanzada, mientras que las columnas m\u00e1s cortas (1100 mm) ofrecen opciones m\u00e1s accesibles para usuarios de todos los niveles. <\/li>\n<li data-start=\"935\" data-end=\"1155\"><strong data-start=\"937\" data-end=\"962\">Dos travesa\u00f1os de 1450 mm<\/strong>: Colocados estrat\u00e9gicamente para un entrenamiento adicional de la parte superior del cuerpo, los travesa\u00f1os ayudan a mejorar su entrenamiento con dominadas y otros ejercicios de peso corporal que complementan su rutina de escalada.<\/li>\n<li data-start=\"1156\" data-end=\"1413\"><strong data-start=\"1158\" data-end=\"1199\">Red de escalada Hercules (1,30 m x 2,25 m)<\/strong>: La red de escalada Hercules proporciona una superficie duradera y resistente para escaladas desafiantes. Su gran tama\u00f1o permite varios movimientos de escalada, probando la fuerza de agarre, la resistencia de la parte superior del cuerpo y la coordinaci\u00f3n general. <\/li>\n<li data-start=\"1414\" data-end=\"1613\"><strong data-start=\"1416\" data-end=\"1435\">Dise\u00f1o inclinado<\/strong>: La posici\u00f3n en \u00e1ngulo de la red de escalada proporciona un desaf\u00edo adicional, mejorando las t\u00e9cnicas de escalada e involucrando m\u00fasculos que pueden no trabajarse en las estaciones de escalada tradicionales.<\/li>\n<li data-start=\"1614\" data-end=\"1819\"><strong data-start=\"1616\" data-end=\"1640\">Construcci\u00f3n premium<\/strong>: Construida con materiales de alta calidad, esta red de escalada est\u00e1 dise\u00f1ada para soportar un uso intenso y condiciones exteriores, ofreciendo durabilidad y estabilidad para un rendimiento duradero.<\/li>\n<\/ul>\n<h5 data-start=\"1821\" data-end=\"1849\">Ideal para espacios p\u00fablicos:<\/h5>\n<ul data-start=\"1850\" data-end=\"3039\">\n<li data-start=\"1850\" data-end=\"2133\"><strong data-start=\"1852\" data-end=\"1885\">Desarrollo de la fuerza y la resistencia<\/strong>: La <strong data-start=\"1891\" data-end=\"1928\">Red de Escalada Inclinada barManiaPro<\/strong> trabaja m\u00faltiples grupos musculares, desde los brazos y los hombros hasta el tronco y las piernas. El dise\u00f1o inclinado aumenta la dificultad, por lo que es ideal para desarrollar la fuerza, la resistencia y las t\u00e9cnicas de escalada.<\/li>\n<li data-start=\"2134\" data-end=\"2408\"><strong data-start=\"2136\" data-end=\"2170\">Vers\u00e1til para todos los niveles de habilidad<\/strong>: Con su altura ajustable e inclinaci\u00f3n variada, este equipo ofrece una gama de desaf\u00edos que se pueden adaptar tanto para principiantes como para atletas avanzados, lo que lo hace perfecto para individuos, entrenamiento en grupo y entusiastas de las carreras de obst\u00e1culos.<\/li>\n<li data-start=\"2409\" data-end=\"2625\"><strong data-start=\"2411\" data-end=\"2429\">Divertido y atractivo<\/strong>: La red de escalada inclinada proporciona una experiencia din\u00e1mica e interactiva, haciendo que el entrenamiento sea agradable y motivador. Es ideal para usuarios que buscan desafiarse a s\u00ed mismos de una manera nueva y emocionante. <\/li>\n<li data-start=\"2626\" data-end=\"2842\"><strong data-start=\"2628\" data-end=\"2659\">Duradero y resistente a la intemperie<\/strong>: Dise\u00f1ado para uso en exteriores, la <strong data-start=\"2691\" data-end=\"2728\">barManiaPro Climbing Net Inclined<\/strong> est\u00e1 construida para soportar todas las condiciones clim\u00e1ticas, asegurando que siga siendo funcional y segura en espacios p\u00fablicos de mucho tr\u00e1nsito.<\/li>\n<li data-start=\"2843\" data-end=\"3039\"><strong data-start=\"2845\" data-end=\"2871\">Fitness social y en grupo<\/strong>: Perfecto para parques comunitarios y espacios recreativos, el dise\u00f1o permite que varios usuarios entrenen a la vez, promoviendo la interacci\u00f3n social y los desaf\u00edos de fitness en grupo.<\/li>\n<\/ul>\n<p data-start=\"3041\" data-end=\"3330\" data-is-last-node=\"\" data-is-only-node=\"\">Aporta emoci\u00f3n y desaf\u00edo a tu zona de fitness con la <strong data-start=\"3102\" data-end=\"3139\">Red de Escalada Inclinada barManiaPro<\/strong>. Tanto si desarrollas tu t\u00e9cnica de escalada como si te esfuerzas en una carrera de obst\u00e1culos, esta red te ayudar\u00e1 a desarrollar fuerza, agilidad y confianza mientras conquistas la escalada.<\/p>\n","protected":false},"excerpt":{"rendered":"<p>Lleve su estado f\u00edsico a nuevas alturas con la barManiaPro Climbing Net Inclined, una herramienta de entrenamiento emocionante y desafiante dise\u00f1ada para desarrollar fuerza, agilidad y resistencia.<\/p>\n<p>Perfecta para parques al aire libre, carreras de obst\u00e1culos y entornos de gimnasio, esta red de escalada inclinada a\u00f1ade un elemento divertido pero exigente a su entrenamiento, involucrando a todo su cuerpo y superando sus l\u00edmites. Ya sea que est\u00e9 entrenando para una carrera, mejorando su t\u00e9cnica de escalada o simplemente buscando un desaf\u00edo \u00fanico, esta red elevar\u00e1 su rutina de ejercicios. <\/p>\n","protected":false},"featured_media":12650,"comment_status":"open","ping_status":"closed","template":"","meta":{"_acf_changed":false,"inline_featured_image":false},"product_brand":[],"product_cat":[613,614,616],"product_tag":[615],"class_list":{"0":"post-14746","1":"product","2":"type-product","3":"status-publish","4":"has-post-thumbnail","6":"product_cat-bootcamp-es","7":"product_cat-equipo","8":"product_cat-entrenamiento-infantil","9":"product_tag-bootcamp-es","11":"first","12":"instock","13":"taxable","14":"shipping-taxable","15":"product-type-simple"},"acf":[],"yoast_head":"<!-- This site is optimized with the Yoast SEO plugin v26.2 - https:\/\/yoast.com\/wordpress\/plugins\/seo\/ -->\n<title>Red de escalada inclinada - BarManiaPro<\/title>\n<meta name=\"robots\" content=\"index, follow, max-snippet:-1, max-image-preview:large, max-video-preview:-1\" \/>\n<link rel=\"canonical\" href=\"https:\/\/barmaniapro.com\/es\/producto\/red-de-escalada-inclinada\/\" \/>\n<meta property=\"og:locale\" content=\"es_ES\" \/>\n<meta property=\"og:type\" content=\"article\" \/>\n<meta property=\"og:title\" content=\"Red de escalada inclinada - BarManiaPro\" \/>\n<meta property=\"og:description\" content=\"Lleve su estado f\u00edsico a nuevas alturas con la barManiaPro Climbing Net Inclined, una herramienta de entrenamiento emocionante y desafiante dise\u00f1ada para desarrollar fuerza, agilidad y resistencia. Perfecta para parques al aire libre, carreras de obst\u00e1culos y entornos de gimnasio, esta red de escalada inclinada a\u00f1ade un elemento divertido pero exigente a su entrenamiento, involucrando a todo su cuerpo y superando sus l\u00edmites. Ya sea que est\u00e9 entrenando para una carrera, mejorando su t\u00e9cnica de escalada o simplemente buscando un desaf\u00edo \u00fanico, esta red elevar\u00e1 su rutina de ejercicios.\" \/>\n<meta property=\"og:url\" content=\"https:\/\/barmaniapro.com\/es\/producto\/red-de-escalada-inclinada\/\" \/>\n<meta property=\"og:site_name\" content=\"BarManiaPro\" \/>\n<meta property=\"article:publisher\" content=\"https:\/\/www.facebook.com\/BarManiaPro\/\" \/>\n<meta property=\"article:modified_time\" content=\"2026-01-18T16:53:21+00:00\" \/>\n<meta property=\"og:image\" content=\"https:\/\/barmaniapro.com\/wp-content\/uploads\/2023\/04\/BMP-61019_Climbing-net-inclined_classic_1.png\" \/>\n\t<meta property=\"og:image:width\" content=\"1770\" \/>\n\t<meta property=\"og:image:height\" content=\"1770\" \/>\n\t<meta property=\"og:image:type\" content=\"image\/png\" \/>\n<meta name=\"twitter:card\" content=\"summary_large_image\" \/>\n<meta name=\"twitter:label1\" content=\"Tiempo de lectura\" \/>\n\t<meta name=\"twitter:data1\" content=\"3 minuto\" \/>\n<script type=\"application\/ld+json\" class=\"yoast-schema-graph\">{\"@context\":\"https:\/\/schema.org\",\"@graph\":[{\"@type\":\"WebPage\",\"@id\":\"https:\/\/barmaniapro.com\/es\/producto\/red-de-escalada-inclinada\/\",\"url\":\"https:\/\/barmaniapro.com\/es\/producto\/red-de-escalada-inclinada\/\",\"name\":\"Red de escalada inclinada - BarManiaPro\",\"isPartOf\":{\"@id\":\"https:\/\/barmaniapro.com\/es\/#website\"},\"primaryImageOfPage\":{\"@id\":\"https:\/\/barmaniapro.com\/es\/producto\/red-de-escalada-inclinada\/#primaryimage\"},\"image\":{\"@id\":\"https:\/\/barmaniapro.com\/es\/producto\/red-de-escalada-inclinada\/#primaryimage\"},\"thumbnailUrl\":\"https:\/\/barmaniapro.com\/wp-content\/uploads\/2023\/04\/BMP-61019_Climbing-net-inclined_classic_1.png\",\"datePublished\":\"2023-04-20T08:49:43+00:00\",\"dateModified\":\"2026-01-18T16:53:21+00:00\",\"breadcrumb\":{\"@id\":\"https:\/\/barmaniapro.com\/es\/producto\/red-de-escalada-inclinada\/#breadcrumb\"},\"inLanguage\":\"es\",\"potentialAction\":[{\"@type\":\"ReadAction\",\"target\":[\"https:\/\/barmaniapro.com\/es\/producto\/red-de-escalada-inclinada\/\"]}]},{\"@type\":\"ImageObject\",\"inLanguage\":\"es\",\"@id\":\"https:\/\/barmaniapro.com\/es\/producto\/red-de-escalada-inclinada\/#primaryimage\",\"url\":\"https:\/\/barmaniapro.com\/wp-content\/uploads\/2023\/04\/BMP-61019_Climbing-net-inclined_classic_1.png\",\"contentUrl\":\"https:\/\/barmaniapro.com\/wp-content\/uploads\/2023\/04\/BMP-61019_Climbing-net-inclined_classic_1.png\",\"width\":1770,\"height\":1770},{\"@type\":\"BreadcrumbList\",\"@id\":\"https:\/\/barmaniapro.com\/es\/producto\/red-de-escalada-inclinada\/#breadcrumb\",\"itemListElement\":[{\"@type\":\"ListItem\",\"position\":1,\"name\":\"Tienda\",\"item\":\"https:\/\/barmaniapro.com\/es\/tienda\/\"},{\"@type\":\"ListItem\",\"position\":2,\"name\":\"Red de escalada inclinada\"}]},{\"@type\":\"WebSite\",\"@id\":\"https:\/\/barmaniapro.com\/es\/#website\",\"url\":\"https:\/\/barmaniapro.com\/es\/\",\"name\":\"BarManiaPro\",\"description\":\"Manufacturer of Calisthenics equipment\",\"potentialAction\":[{\"@type\":\"SearchAction\",\"target\":{\"@type\":\"EntryPoint\",\"urlTemplate\":\"https:\/\/barmaniapro.com\/es\/?s={search_term_string}\"},\"query-input\":{\"@type\":\"PropertyValueSpecification\",\"valueRequired\":true,\"valueName\":\"search_term_string\"}}],\"inLanguage\":\"es\"}]}<\/script>\n<!-- \/ Yoast SEO plugin. -->","yoast_head_json":{"title":"Red de escalada inclinada - BarManiaPro","robots":{"index":"index","follow":"follow","max-snippet":"max-snippet:-1","max-image-preview":"max-image-preview:large","max-video-preview":"max-video-preview:-1"},"canonical":"https:\/\/barmaniapro.com\/es\/producto\/red-de-escalada-inclinada\/","og_locale":"es_ES","og_type":"article","og_title":"Red de escalada inclinada - BarManiaPro","og_description":"Lleve su estado f\u00edsico a nuevas alturas con la barManiaPro Climbing Net Inclined, una herramienta de entrenamiento emocionante y desafiante dise\u00f1ada para desarrollar fuerza, agilidad y resistencia. Perfecta para parques al aire libre, carreras de obst\u00e1culos y entornos de gimnasio, esta red de escalada inclinada a\u00f1ade un elemento divertido pero exigente a su entrenamiento, involucrando a todo su cuerpo y superando sus l\u00edmites. Ya sea que est\u00e9 entrenando para una carrera, mejorando su t\u00e9cnica de escalada o simplemente buscando un desaf\u00edo \u00fanico, esta red elevar\u00e1 su rutina de ejercicios.","og_url":"https:\/\/barmaniapro.com\/es\/producto\/red-de-escalada-inclinada\/","og_site_name":"BarManiaPro","article_publisher":"https:\/\/www.facebook.com\/BarManiaPro\/","article_modified_time":"2026-01-18T16:53:21+00:00","og_image":[{"width":1770,"height":1770,"url":"https:\/\/barmaniapro.com\/wp-content\/uploads\/2023\/04\/BMP-61019_Climbing-net-inclined_classic_1.png","type":"image\/png"}],"twitter_card":"summary_large_image","twitter_misc":{"Tiempo de lectura":"3 minuto"},"schema":{"@context":"https:\/\/schema.org","@graph":[{"@type":"WebPage","@id":"https:\/\/barmaniapro.com\/es\/producto\/red-de-escalada-inclinada\/","url":"https:\/\/barmaniapro.com\/es\/producto\/red-de-escalada-inclinada\/","name":"Red de escalada inclinada - BarManiaPro","isPartOf":{"@id":"https:\/\/barmaniapro.com\/es\/#website"},"primaryImageOfPage":{"@id":"https:\/\/barmaniapro.com\/es\/producto\/red-de-escalada-inclinada\/#primaryimage"},"image":{"@id":"https:\/\/barmaniapro.com\/es\/producto\/red-de-escalada-inclinada\/#primaryimage"},"thumbnailUrl":"https:\/\/barmaniapro.com\/wp-content\/uploads\/2023\/04\/BMP-61019_Climbing-net-inclined_classic_1.png","datePublished":"2023-04-20T08:49:43+00:00","dateModified":"2026-01-18T16:53:21+00:00","breadcrumb":{"@id":"https:\/\/barmaniapro.com\/es\/producto\/red-de-escalada-inclinada\/#breadcrumb"},"inLanguage":"es","potentialAction":[{"@type":"ReadAction","target":["https:\/\/barmaniapro.com\/es\/producto\/red-de-escalada-inclinada\/"]}]},{"@type":"ImageObject","inLanguage":"es","@id":"https:\/\/barmaniapro.com\/es\/producto\/red-de-escalada-inclinada\/#primaryimage","url":"https:\/\/barmaniapro.com\/wp-content\/uploads\/2023\/04\/BMP-61019_Climbing-net-inclined_classic_1.png","contentUrl":"https:\/\/barmaniapro.com\/wp-content\/uploads\/2023\/04\/BMP-61019_Climbing-net-inclined_classic_1.png","width":1770,"height":1770},{"@type":"BreadcrumbList","@id":"https:\/\/barmaniapro.com\/es\/producto\/red-de-escalada-inclinada\/#breadcrumb","itemListElement":[{"@type":"ListItem","position":1,"name":"Tienda","item":"https:\/\/barmaniapro.com\/es\/tienda\/"},{"@type":"ListItem","position":2,"name":"Red de escalada inclinada"}]},{"@type":"WebSite","@id":"https:\/\/barmaniapro.com\/es\/#website","url":"https:\/\/barmaniapro.com\/es\/","name":"BarManiaPro","description":"Manufacturer of Calisthenics equipment","potentialAction":[{"@type":"SearchAction","target":{"@type":"EntryPoint","urlTemplate":"https:\/\/barmaniapro.com\/es\/?s={search_term_string}"},"query-input":{"@type":"PropertyValueSpecification","valueRequired":true,"valueName":"search_term_string"}}],"inLanguage":"es"}]}},"_links":{"self":[{"href":"https:\/\/barmaniapro.com\/es\/wp-json\/wp\/v2\/product\/14746","targetHints":{"allow":["GET"]}}],"collection":[{"href":"https:\/\/barmaniapro.com\/es\/wp-json\/wp\/v2\/product"}],"about":[{"href":"https:\/\/barmaniapro.com\/es\/wp-json\/wp\/v2\/types\/product"}],"replies":[{"embeddable":true,"href":"https:\/\/barmaniapro.com\/es\/wp-json\/wp\/v2\/comments?post=14746"}],"wp:featuredmedia":[{"embeddable":true,"href":"https:\/\/barmaniapro.com\/es\/wp-json\/wp\/v2\/media\/12650"}],"wp:attachment":[{"href":"https:\/\/barmaniapro.com\/es\/wp-json\/wp\/v2\/media?parent=14746"}],"wp:term":[{"taxonomy":"product_brand","embeddable":true,"href":"https:\/\/barmaniapro.com\/es\/wp-json\/wp\/v2\/product_brand?post=14746"},{"taxonomy":"product_cat","embeddable":true,"href":"https:\/\/barmaniapro.com\/es\/wp-json\/wp\/v2\/product_cat?post=14746"},{"taxonomy":"product_tag","embeddable":true,"href":"https:\/\/barmaniapro.com\/es\/wp-json\/wp\/v2\/product_tag?post=14746"}],"curies":[{"name":"wp","href":"https:\/\/api.w.org\/{rel}","templated":true}]}}