{"id":14745,"date":"2022-06-14T15:25:10","date_gmt":"2022-06-14T13:25:10","guid":{"rendered":"https:\/\/barmaniapro.com\/product\/estacion-de-boxeo\/"},"modified":"2026-01-18T17:37:55","modified_gmt":"2026-01-18T16:37:55","slug":"estacion-de-boxeo","status":"publish","type":"product","link":"https:\/\/barmaniapro.com\/es\/producto\/estacion-de-boxeo\/","title":{"rendered":"Estaci\u00f3n de boxeo"},"content":{"rendered":"<article class=\"w-full text-token-text-primary focus-visible:outline-2 focus-visible:outline-offset-[-4px]\" dir=\"auto\" data-testid=\"conversation-turn-29\" data-scroll-anchor=\"true\">\n<div class=\"m-auto text-base py-[18px] px-6\">\n<div class=\"mx-auto flex flex-1 text-base gap-4 md:gap-5 lg:gap-6 md:max-w-3xl\">\n<div class=\"group\/conversation-turn relative flex w-full min-w-0 flex-col agent-turn @xs\/thread:px-0 @sm\/thread:px-1.5 @md\/thread:px-4\">\n<div class=\"flex-col gap-1 md:gap-3\">\n<div class=\"flex max-w-full flex-col flex-grow\">\n<div class=\"min-h-8 text-message relative flex w-full flex-col items-end gap-2 whitespace-normal break-words text-start [.text-message+&amp;]:mt-5\" dir=\"auto\" data-message-author-role=\"assistant\" data-message-id=\"d9a12db8-c1d7-4675-8415-ce2df2fde901\" data-message-model-slug=\"gpt-4o-mini\">\n<div class=\"flex w-full flex-col gap-1 empty:hidden first:pt-[3px]\">\n<div class=\"markdown prose w-full break-words dark:prose-invert light\">\n<h5 data-start=\"555\" data-end=\"568\">Caracter\u00edsticas:<\/h5>\n<ul data-start=\"569\" data-end=\"1541\">\n<li data-start=\"569\" data-end=\"806\"><strong data-start=\"571\" data-end=\"595\">Columna robusta individual<\/strong>: La robusta columna proporciona un excelente soporte para el saco de boxeo, lo que garantiza la m\u00e1xima estabilidad durante los golpes y las patadas de alta intensidad. Su construcci\u00f3n duradera garantiza un rendimiento fiable incluso con un uso intensivo. <\/li>\n<li data-start=\"807\" data-end=\"1044\"><strong data-start=\"809\" data-end=\"830\">Saco de boxeo de 120 cm<\/strong>: El saco de boxeo de tama\u00f1o mediano ofrece el objetivo ideal para entrenar tu t\u00e9cnica, potencia y precisi\u00f3n. Es perfecto para practicar golpes, patadas y combos mientras involucras a todo tu cuerpo en un entrenamiento de cuerpo completo. <\/li>\n<li data-start=\"1045\" data-end=\"1348\"><strong data-start=\"1047\" data-end=\"1078\">Cuatro cadenas de acero inoxidable<\/strong>: Las cadenas de acero inoxidable de alta calidad conectan de forma segura el saco de boxeo a una tuerca de argolla M12, lo que proporciona estabilidad y garantiza un movimiento seguro y suave con cada golpe. Las cadenas duraderas permiten flexibilidad en el movimiento del saco, lo que ayuda a simular situaciones de combate reales. <\/li>\n<li data-start=\"1349\" data-end=\"1541\"><strong data-start=\"1351\" data-end=\"1377\">Accesorio de tuerca de argolla M12<\/strong>: La tuerca de argolla M12 garantiza un punto de fijaci\u00f3n seguro para el saco de boxeo, lo que evita el balanceo no deseado y garantiza un rendimiento constante durante todo el entrenamiento.<\/li>\n<\/ul>\n<h5 data-start=\"1543\" data-end=\"1571\">Ideal para espacios p\u00fablicos:<\/h5>\n<ul data-start=\"1572\" data-end=\"2897\">\n<li data-start=\"1572\" data-end=\"1874\"><strong data-start=\"1574\" data-end=\"1606\">Fuerza, Resistencia y Cardio<\/strong>: La <strong data-start=\"1612\" data-end=\"1642\">Estaci\u00f3n de Boxeo barManiaPro<\/strong> trabaja m\u00faltiples grupos musculares, ayud\u00e1ndote a desarrollar la fuerza de la parte superior del cuerpo, mejorar la coordinaci\u00f3n y aumentar la resistencia cardiovascular. Es perfecto para atletas, entusiastas del fitness y cualquiera que busque a\u00f1adir variedad a su entrenamiento.<\/li>\n<li data-start=\"1875\" data-end=\"2103\"><strong data-start=\"1877\" data-end=\"1907\">Dise\u00f1o compacto y eficiente<\/strong>: Con una configuraci\u00f3n de una sola columna y un saco de boxeo de 120 cm, esta estaci\u00f3n es eficiente en cuanto al espacio e ideal para ubicaciones con espacio limitado, como gimnasios m\u00e1s peque\u00f1os, parques de fitness al aire libre o centros comunitarios.<\/li>\n<li data-start=\"2104\" data-end=\"2396\"><strong data-start=\"2106\" data-end=\"2137\">Duradera y resistente a la intemperie<\/strong>: Construida para soportar los elementos, la <strong data-start=\"2176\" data-end=\"2206\">estaci\u00f3n de boxeo barManiaPro<\/strong> est\u00e1 fabricada con materiales dise\u00f1ados para su uso en exteriores. Las cadenas de acero inoxidable y la robusta columna garantizan una larga durabilidad, tanto si se utilizan en interiores como en entornos exteriores expuestos.<\/li>\n<li data-start=\"2397\" data-end=\"2682\"><strong data-start=\"2399\" data-end=\"2419\">Divertida y motivadora<\/strong>: El boxeo es un entrenamiento de alta energ\u00eda, divertido y motivador que puede ayudar a reducir el estr\u00e9s, aumentar la resistencia y mejorar los reflejos. La <strong data-start=\"2549\" data-end=\"2579\">estaci\u00f3n de boxeo barManiaPro<\/strong> ofrece una forma atractiva de entrenar al tiempo que proporciona una salida tanto para la forma f\u00edsica como para el alivio del estr\u00e9s. <\/li>\n<li data-start=\"2683\" data-end=\"2897\"><strong data-start=\"2685\" data-end=\"2704\">Bajo mantenimiento<\/strong>: Dise\u00f1ada para la durabilidad, la <strong data-start=\"2735\" data-end=\"2765\">estaci\u00f3n de boxeo barManiaPro<\/strong> requiere un mantenimiento m\u00ednimo, lo que la hace perfecta para \u00e1reas de mucho tr\u00e1fico y espacios p\u00fablicos que necesitan una soluci\u00f3n fiable y de bajo mantenimiento.<\/li>\n<\/ul>\n<p data-start=\"2899\" data-end=\"3278\" data-is-last-node=\"\" data-is-only-node=\"\">Tanto si eres un principiante como un boxeador experimentado, la <strong data-start=\"2950\" data-end=\"2980\">Estaci\u00f3n de Boxeo barManiaPro<\/strong> ofrece una herramienta de entrenamiento esencial para desarrollar la fuerza, mejorar la t\u00e9cnica y potenciar la resistencia. Su construcci\u00f3n duradera, su dise\u00f1o compacto y su atractivo entrenamiento lo convierten en un gran complemento para cualquier gimnasio o espacio p\u00fablico. \u00a1Golpea hasta ponerte en forma con la <strong data-start=\"3247\" data-end=\"3277\">Estaci\u00f3n de Boxeo barManiaPro<\/strong>!<\/p>\n<\/div>\n<\/div>\n<\/div>\n<\/div>\n<div class=\"mb-2 flex gap-3 empty:hidden -ml-2\">\n<div class=\"items-center justify-start rounded-xl p-1 flex\">\n<div class=\"flex items-center\"><\/div>\n<\/div>\n<\/div>\n<div class=\"mt-3 w-full empty:hidden\">\n<div class=\"text-center\"><\/div>\n<\/div>\n<\/div>\n<div class=\"absolute\">\n<div class=\"flex items-center justify-center\"><\/div>\n<\/div>\n<\/div>\n<\/div>\n<\/div>\n<\/article>\n<div class=\"pointer-events-none h-px w-px\" aria-hidden=\"true\" data-edge=\"true\"><\/div>\n","protected":false},"excerpt":{"rendered":"<p>Libera tu poder y perfecciona tu golpe con la estaci\u00f3n de boxeo barManiaPro, una estaci\u00f3n de entrenamiento din\u00e1mica dise\u00f1ada para atletas que buscan desarrollar fuerza, resistencia y t\u00e9cnica.<\/p>\n<p>Ideal para gimnasios, centros de fitness, parques y espacios p\u00fablicos, esta configuraci\u00f3n compacta pero duradera cuenta con un saco de boxeo de alta calidad que est\u00e1 listo para la acci\u00f3n. Ya sea que est\u00e9s entrenando para ponerte en forma, prepar\u00e1ndote para un combate o simplemente buscando una forma divertida de mantenerte activo, la estaci\u00f3n de boxeo barManiaPro es el complemento definitivo para cualquier espacio de fitness. <\/p>\n","protected":false},"featured_media":12682,"comment_status":"open","ping_status":"closed","template":"","meta":{"_acf_changed":false,"inline_featured_image":false},"product_brand":[],"product_cat":[614,613],"product_tag":[615],"class_list":{"0":"post-14745","1":"product","2":"type-product","3":"status-publish","4":"has-post-thumbnail","6":"product_cat-equipo","7":"product_cat-bootcamp-es","8":"product_tag-bootcamp-es","10":"first","11":"instock","12":"taxable","13":"shipping-taxable","14":"product-type-simple"},"acf":[],"yoast_head":"<!-- This site is optimized with the Yoast SEO plugin v26.2 - https:\/\/yoast.com\/wordpress\/plugins\/seo\/ -->\n<title>Estaci\u00f3n de boxeo - BarManiaPro<\/title>\n<meta name=\"robots\" content=\"index, follow, max-snippet:-1, max-image-preview:large, max-video-preview:-1\" \/>\n<link rel=\"canonical\" href=\"https:\/\/barmaniapro.com\/es\/producto\/estacion-de-boxeo\/\" \/>\n<meta property=\"og:locale\" content=\"es_ES\" \/>\n<meta property=\"og:type\" content=\"article\" \/>\n<meta property=\"og:title\" content=\"Estaci\u00f3n de boxeo - BarManiaPro\" \/>\n<meta property=\"og:description\" content=\"Libera tu poder y perfecciona tu golpe con la estaci\u00f3n de boxeo barManiaPro, una estaci\u00f3n de entrenamiento din\u00e1mica dise\u00f1ada para atletas que buscan desarrollar fuerza, resistencia y t\u00e9cnica. Ideal para gimnasios, centros de fitness, parques y espacios p\u00fablicos, esta configuraci\u00f3n compacta pero duradera cuenta con un saco de boxeo de alta calidad que est\u00e1 listo para la acci\u00f3n. Ya sea que est\u00e9s entrenando para ponerte en forma, prepar\u00e1ndote para un combate o simplemente buscando una forma divertida de mantenerte activo, la estaci\u00f3n de boxeo barManiaPro es el complemento definitivo para cualquier espacio de fitness.\" \/>\n<meta property=\"og:url\" content=\"https:\/\/barmaniapro.com\/es\/producto\/estacion-de-boxeo\/\" \/>\n<meta property=\"og:site_name\" content=\"BarManiaPro\" \/>\n<meta property=\"article:publisher\" content=\"https:\/\/www.facebook.com\/BarManiaPro\/\" \/>\n<meta property=\"article:modified_time\" content=\"2026-01-18T16:37:55+00:00\" \/>\n<meta property=\"og:image\" content=\"https:\/\/barmaniapro.com\/wp-content\/uploads\/2022\/06\/BMP-53011_Boxing-Station_classic_1.png\" \/>\n\t<meta property=\"og:image:width\" content=\"1770\" \/>\n\t<meta property=\"og:image:height\" content=\"1770\" \/>\n\t<meta property=\"og:image:type\" content=\"image\/png\" \/>\n<meta name=\"twitter:card\" content=\"summary_large_image\" \/>\n<meta name=\"twitter:label1\" content=\"Tiempo de lectura\" \/>\n\t<meta name=\"twitter:data1\" content=\"3 minuto\" \/>\n<script type=\"application\/ld+json\" class=\"yoast-schema-graph\">{\"@context\":\"https:\/\/schema.org\",\"@graph\":[{\"@type\":\"WebPage\",\"@id\":\"https:\/\/barmaniapro.com\/es\/producto\/estacion-de-boxeo\/\",\"url\":\"https:\/\/barmaniapro.com\/es\/producto\/estacion-de-boxeo\/\",\"name\":\"Estaci\u00f3n de boxeo - BarManiaPro\",\"isPartOf\":{\"@id\":\"https:\/\/barmaniapro.com\/es\/#website\"},\"primaryImageOfPage\":{\"@id\":\"https:\/\/barmaniapro.com\/es\/producto\/estacion-de-boxeo\/#primaryimage\"},\"image\":{\"@id\":\"https:\/\/barmaniapro.com\/es\/producto\/estacion-de-boxeo\/#primaryimage\"},\"thumbnailUrl\":\"https:\/\/barmaniapro.com\/wp-content\/uploads\/2022\/06\/BMP-53011_Boxing-Station_classic_1.png\",\"datePublished\":\"2022-06-14T13:25:10+00:00\",\"dateModified\":\"2026-01-18T16:37:55+00:00\",\"breadcrumb\":{\"@id\":\"https:\/\/barmaniapro.com\/es\/producto\/estacion-de-boxeo\/#breadcrumb\"},\"inLanguage\":\"es\",\"potentialAction\":[{\"@type\":\"ReadAction\",\"target\":[\"https:\/\/barmaniapro.com\/es\/producto\/estacion-de-boxeo\/\"]}]},{\"@type\":\"ImageObject\",\"inLanguage\":\"es\",\"@id\":\"https:\/\/barmaniapro.com\/es\/producto\/estacion-de-boxeo\/#primaryimage\",\"url\":\"https:\/\/barmaniapro.com\/wp-content\/uploads\/2022\/06\/BMP-53011_Boxing-Station_classic_1.png\",\"contentUrl\":\"https:\/\/barmaniapro.com\/wp-content\/uploads\/2022\/06\/BMP-53011_Boxing-Station_classic_1.png\",\"width\":1770,\"height\":1770},{\"@type\":\"BreadcrumbList\",\"@id\":\"https:\/\/barmaniapro.com\/es\/producto\/estacion-de-boxeo\/#breadcrumb\",\"itemListElement\":[{\"@type\":\"ListItem\",\"position\":1,\"name\":\"Tienda\",\"item\":\"https:\/\/barmaniapro.com\/es\/tienda\/\"},{\"@type\":\"ListItem\",\"position\":2,\"name\":\"Estaci\u00f3n de boxeo\"}]},{\"@type\":\"WebSite\",\"@id\":\"https:\/\/barmaniapro.com\/es\/#website\",\"url\":\"https:\/\/barmaniapro.com\/es\/\",\"name\":\"BarManiaPro\",\"description\":\"Manufacturer of Calisthenics equipment\",\"potentialAction\":[{\"@type\":\"SearchAction\",\"target\":{\"@type\":\"EntryPoint\",\"urlTemplate\":\"https:\/\/barmaniapro.com\/es\/?s={search_term_string}\"},\"query-input\":{\"@type\":\"PropertyValueSpecification\",\"valueRequired\":true,\"valueName\":\"search_term_string\"}}],\"inLanguage\":\"es\"}]}<\/script>\n<!-- \/ Yoast SEO plugin. -->","yoast_head_json":{"title":"Estaci\u00f3n de boxeo - BarManiaPro","robots":{"index":"index","follow":"follow","max-snippet":"max-snippet:-1","max-image-preview":"max-image-preview:large","max-video-preview":"max-video-preview:-1"},"canonical":"https:\/\/barmaniapro.com\/es\/producto\/estacion-de-boxeo\/","og_locale":"es_ES","og_type":"article","og_title":"Estaci\u00f3n de boxeo - BarManiaPro","og_description":"Libera tu poder y perfecciona tu golpe con la estaci\u00f3n de boxeo barManiaPro, una estaci\u00f3n de entrenamiento din\u00e1mica dise\u00f1ada para atletas que buscan desarrollar fuerza, resistencia y t\u00e9cnica. Ideal para gimnasios, centros de fitness, parques y espacios p\u00fablicos, esta configuraci\u00f3n compacta pero duradera cuenta con un saco de boxeo de alta calidad que est\u00e1 listo para la acci\u00f3n. Ya sea que est\u00e9s entrenando para ponerte en forma, prepar\u00e1ndote para un combate o simplemente buscando una forma divertida de mantenerte activo, la estaci\u00f3n de boxeo barManiaPro es el complemento definitivo para cualquier espacio de fitness.","og_url":"https:\/\/barmaniapro.com\/es\/producto\/estacion-de-boxeo\/","og_site_name":"BarManiaPro","article_publisher":"https:\/\/www.facebook.com\/BarManiaPro\/","article_modified_time":"2026-01-18T16:37:55+00:00","og_image":[{"width":1770,"height":1770,"url":"https:\/\/barmaniapro.com\/wp-content\/uploads\/2022\/06\/BMP-53011_Boxing-Station_classic_1.png","type":"image\/png"}],"twitter_card":"summary_large_image","twitter_misc":{"Tiempo de lectura":"3 minuto"},"schema":{"@context":"https:\/\/schema.org","@graph":[{"@type":"WebPage","@id":"https:\/\/barmaniapro.com\/es\/producto\/estacion-de-boxeo\/","url":"https:\/\/barmaniapro.com\/es\/producto\/estacion-de-boxeo\/","name":"Estaci\u00f3n de boxeo - BarManiaPro","isPartOf":{"@id":"https:\/\/barmaniapro.com\/es\/#website"},"primaryImageOfPage":{"@id":"https:\/\/barmaniapro.com\/es\/producto\/estacion-de-boxeo\/#primaryimage"},"image":{"@id":"https:\/\/barmaniapro.com\/es\/producto\/estacion-de-boxeo\/#primaryimage"},"thumbnailUrl":"https:\/\/barmaniapro.com\/wp-content\/uploads\/2022\/06\/BMP-53011_Boxing-Station_classic_1.png","datePublished":"2022-06-14T13:25:10+00:00","dateModified":"2026-01-18T16:37:55+00:00","breadcrumb":{"@id":"https:\/\/barmaniapro.com\/es\/producto\/estacion-de-boxeo\/#breadcrumb"},"inLanguage":"es","potentialAction":[{"@type":"ReadAction","target":["https:\/\/barmaniapro.com\/es\/producto\/estacion-de-boxeo\/"]}]},{"@type":"ImageObject","inLanguage":"es","@id":"https:\/\/barmaniapro.com\/es\/producto\/estacion-de-boxeo\/#primaryimage","url":"https:\/\/barmaniapro.com\/wp-content\/uploads\/2022\/06\/BMP-53011_Boxing-Station_classic_1.png","contentUrl":"https:\/\/barmaniapro.com\/wp-content\/uploads\/2022\/06\/BMP-53011_Boxing-Station_classic_1.png","width":1770,"height":1770},{"@type":"BreadcrumbList","@id":"https:\/\/barmaniapro.com\/es\/producto\/estacion-de-boxeo\/#breadcrumb","itemListElement":[{"@type":"ListItem","position":1,"name":"Tienda","item":"https:\/\/barmaniapro.com\/es\/tienda\/"},{"@type":"ListItem","position":2,"name":"Estaci\u00f3n de boxeo"}]},{"@type":"WebSite","@id":"https:\/\/barmaniapro.com\/es\/#website","url":"https:\/\/barmaniapro.com\/es\/","name":"BarManiaPro","description":"Manufacturer of Calisthenics equipment","potentialAction":[{"@type":"SearchAction","target":{"@type":"EntryPoint","urlTemplate":"https:\/\/barmaniapro.com\/es\/?s={search_term_string}"},"query-input":{"@type":"PropertyValueSpecification","valueRequired":true,"valueName":"search_term_string"}}],"inLanguage":"es"}]}},"_links":{"self":[{"href":"https:\/\/barmaniapro.com\/es\/wp-json\/wp\/v2\/product\/14745","targetHints":{"allow":["GET"]}}],"collection":[{"href":"https:\/\/barmaniapro.com\/es\/wp-json\/wp\/v2\/product"}],"about":[{"href":"https:\/\/barmaniapro.com\/es\/wp-json\/wp\/v2\/types\/product"}],"replies":[{"embeddable":true,"href":"https:\/\/barmaniapro.com\/es\/wp-json\/wp\/v2\/comments?post=14745"}],"wp:featuredmedia":[{"embeddable":true,"href":"https:\/\/barmaniapro.com\/es\/wp-json\/wp\/v2\/media\/12682"}],"wp:attachment":[{"href":"https:\/\/barmaniapro.com\/es\/wp-json\/wp\/v2\/media?parent=14745"}],"wp:term":[{"taxonomy":"product_brand","embeddable":true,"href":"https:\/\/barmaniapro.com\/es\/wp-json\/wp\/v2\/product_brand?post=14745"},{"taxonomy":"product_cat","embeddable":true,"href":"https:\/\/barmaniapro.com\/es\/wp-json\/wp\/v2\/product_cat?post=14745"},{"taxonomy":"product_tag","embeddable":true,"href":"https:\/\/barmaniapro.com\/es\/wp-json\/wp\/v2\/product_tag?post=14745"}],"curies":[{"name":"wp","href":"https:\/\/api.w.org\/{rel}","templated":true}]}}