{"id":2335,"date":"2022-10-10T15:43:37","date_gmt":"2022-10-10T13:43:37","guid":{"rendered":"https:\/\/wordpress-866860-4568293.cloudwaysapps.com\/nl\/?page_id=2335"},"modified":"2025-07-09T09:21:40","modified_gmt":"2025-07-09T07:21:40","slug":"politica-de-reembolso","status":"publish","type":"page","link":"https:\/\/barmaniapro.com\/es\/politica-de-reembolso\/","title":{"rendered":"Pol\u00edtica de devoluciones"},"content":{"rendered":"<div class=\"wpb-content-wrapper\"><p>[vc_row section_content=\u00bboutside_container\u00bb no_padding=\u00bbtrue\u00bb bg_type=\u00bbbg_image\u00bb back_position=\u00bbcenter center\u00bb dima_canvas_style=\u00bb\u00bb translate_x=\u00bb0&#8243; dima_z_index=\u00bb0&#8243; delay=\u00bb\u00bb animate_item=\u00bb\u00bb delay_duration=\u00bb\u00bb delay_offset=\u00bb\u00bb id=\u00bb\u00bb class=\u00bbheader-archive\u00bb border_color=\u00bb\u00bb di_bg_image=\u00bb1211&#8243;][vc_column min_height=\u00bb\u00bb bg_type=\u00bb\u00bb dima_canvas_style=\u00bb\u00bb translate_x=\u00bb0&#8243; dima_z_index=\u00bb0&#8243; delay=\u00bb\u00bb animate_item=\u00bb\u00bb delay_duration=\u00bb\u00bb delay_offset=\u00bb\u00bb width=\u00bb1\/1&#8243;]<div  class=\"container inner-container titel-vervolg-spacing\" ><div class=\"ok-row\"><div  class=\"content-header ok-sd-12 ok-xsd-12\"  >\n\t<div class=\"wpb_content_element titel-vervolg klein\" >\n\t\t<div class=\"wpb_wrapper\">\n\t\t\t<h1>Refund &amp; Exchange<\/h1>\n\n\t\t<\/div> \n\t<\/div> <\/div><\/div><\/div>[vc_raw_html el_class=\u00bbgrijs-vervolg-content-paginas\u00bb]PGRpdiBjbGFzcz0ibGljaHQtZ3JpanMtbGlqbiI+CiAgIDxpbWcgc3JjPSIvd3AtY29udGVudC91cGxvYWRzLzIwMjIvMDYvbGljaHQtZ3JpanMtdm9ybS1zbGlkZXIuc3ZnIj4KPC9kaXY+[\/vc_raw_html][\/vc_column][\/vc_row][vc_row bg_type=\u00bb\u00bb dima_canvas_style=\u00bb\u00bb translate_x=\u00bb0&#8243; dima_z_index=\u00bb0&#8243; delay=\u00bb\u00bb animate_item=\u00bb\u00bb delay_duration=\u00bb\u00bb delay_offset=\u00bb\u00bb id=\u00bb\u00bb class=\u00bb\u00bb border_color=\u00bb\u00bb css=\u00bb.vc_custom_1659608586051{background-color: #f7f7f7 !important;}\u00bb][vc_column min_height=\u00bb\u00bb bg_type=\u00bb\u00bb dima_canvas_style=\u00bb\u00bb translate_x=\u00bb0&#8243; dima_z_index=\u00bb0&#8243; delay=\u00bb\u00bb animate_item=\u00bb\u00bb delay_duration=\u00bb\u00bb delay_offset=\u00bb\u00bb width=\u00bb1\/1&#8243;]\n\t<div class=\"wpb_content_element \" >\n\t\t<div class=\"wpb_wrapper\">\n\t\t\t<p data-start=\"32\" data-end=\"316\">En  <strong data-start=\"35\" data-end=\"60\">BarManiaPro Int. B.V. <\/strong>Nos esforzamos para que quedes totalmente satisfecho con tu compra. Nos comprometemos a proporcionar equipos de calistenia y parques de entrenamiento de alta calidad a nuestros clientes de la UE y de todo el mundo. A continuaci\u00f3n encontrar\u00e1s las condiciones de nuestra pol\u00edtica de cambios y devoluciones:  <\/p>\n<h5 data-start=\"318\" data-end=\"366\"><strong data-start=\"322\" data-end=\"366\">1. Admisibilidad de devoluciones y cambios<\/strong><\/h5>\n<p data-start=\"367\" data-end=\"440\">Puedes solicitar un reembolso o un cambio en las siguientes condiciones:<\/p>\n<ul data-start=\"442\" data-end=\"706\">\n<li data-start=\"442\" data-end=\"513\">El producto se devuelve en un plazo de 30 d\u00edas a partir de la fecha de entrega.<\/li>\n<li data-start=\"514\" data-end=\"649\">El producto est\u00e1 en su estado original, sin usar, incluidos el embalaje, las etiquetas y cualquier accesorio que se incluyera originalmente.<\/li>\n<li data-start=\"650\" data-end=\"706\">El producto no ha sido montado ni utilizado de ninguna manera.<\/li>\n<\/ul>\n<h5 data-start=\"708\" data-end=\"733\"><strong data-start=\"712\" data-end=\"733\">2. Proceso de devoluci\u00f3n<\/strong><\/h5>\n<p data-start=\"734\" data-end=\"794\">Para iniciar una devoluci\u00f3n o un cambio, sigue estos pasos:<\/p>\n<ol data-start=\"796\" data-end=\"1624\">\n<li data-start=\"796\" data-end=\"1000\"><strong data-start=\"799\" data-end=\"813\">Ponte en contacto con nosotros<\/strong>: Ponte en contacto con nuestro equipo de atenci\u00f3n al cliente en sales@barmaniapro.com \/ +31 62955 8184 con los datos de tu pedido. Incluye tu n\u00famero de pedido y una descripci\u00f3n del problema o motivo de la devoluci\u00f3n. <\/li>\n<li data-start=\"1001\" data-end=\"1184\"><strong data-start=\"1004\" data-end=\"1028\">Autorizaci\u00f3n<\/strong> de <strong data-start=\"1004\" data-end=\"1028\">devoluci\u00f3n<\/strong>: Una vez revisada tu solicitud, te proporcionaremos un n\u00famero de Autorizaci\u00f3n de Devoluci\u00f3n de Mercanc\u00eda (RMA) e instrucciones sobre c\u00f3mo devolver el producto.<\/li>\n<li data-start=\"1185\" data-end=\"1454\"><strong data-start=\"1188\" data-end=\"1211\">Env\u00edo de la devoluci\u00f3n<\/strong>: Los gastos de env\u00edo de la devoluci\u00f3n corren a cargo del cliente, a menos que la devoluci\u00f3n se deba a un fallo o error por nuestra parte (por ejemplo, producto da\u00f1ado o incorrecto). Utiliza un servicio de env\u00edo con seguimiento para garantizar la devoluci\u00f3n segura de tus art\u00edculos. <\/li>\n<li data-start=\"1455\" data-end=\"1624\"><strong data-start=\"1458\" data-end=\"1472\">Inspecci\u00f3n<\/strong>: Al recibir el producto devuelto, lo inspeccionaremos para confirmar que cumple los criterios de devoluci\u00f3n. Si se aprueba, procesaremos tu devoluci\u00f3n o cambio. <\/li>\n<\/ol>\n<h5 data-start=\"1626\" data-end=\"1644\"><strong data-start=\"1630\" data-end=\"1644\">3. Devoluciones<\/strong><\/h5>\n<ul data-start=\"1645\" data-end=\"2155\">\n<li data-start=\"1645\" data-end=\"1808\"><strong data-start=\"1647\" data-end=\"1666\">Tiempo de procesamiento<\/strong>: Los reembolsos se procesar\u00e1n en el m\u00e9todo de pago original en un plazo de 10 a 14 d\u00edas laborables tras recibir e inspeccionar el producto devuelto.<\/li>\n<li data-start=\"1809\" data-end=\"1974\"><strong data-start=\"1811\" data-end=\"1828\">Importe<\/strong> del <strong data-start=\"1811\" data-end=\"1828\">reembolso<\/strong>: El reembolso cubrir\u00e1 el coste del producto. Los gastos de env\u00edo no son reembolsables, excepto en los casos en que el producto sea defectuoso o incorrecto. <\/li>\n<li data-start=\"1975\" data-end=\"2155\"><strong data-start=\"1977\" data-end=\"1996\">Reembolsos parciales<\/strong>: En determinados casos, como productos con signos de uso, piezas faltantes o da\u00f1ados, nos reservamos el derecho a emitir un reembolso parcial o a denegar el reembolso por completo.<\/li>\n<\/ul>\n<h5 data-start=\"2157\" data-end=\"2177\"><strong data-start=\"2161\" data-end=\"2177\">4. Intercambia<\/strong><\/h5>\n<ul data-start=\"2178\" data-end=\"2584\">\n<li data-start=\"2178\" data-end=\"2312\">Si deseas cambiar un art\u00edculo por una talla, un color o un producto diferentes, ponte en contacto con nuestro equipo de atenci\u00f3n al cliente con tu solicitud.<\/li>\n<li data-start=\"2313\" data-end=\"2444\">Los cambios est\u00e1n sujetos a la disponibilidad del producto. Si el nuevo art\u00edculo es de mayor valor, el cliente deber\u00e1 abonar la diferencia. <\/li>\n<li data-start=\"2445\" data-end=\"2584\">Si el producto que deseas cambiar no est\u00e1 disponible o est\u00e1 agotado, te ofreceremos un reembolso o te ayudaremos a elegir una alternativa.<\/li>\n<\/ul>\n<h5 data-start=\"2586\" data-end=\"2623\"><strong data-start=\"2590\" data-end=\"2623\">5. Art\u00edculos da\u00f1ados o defectuosos<\/strong><\/h5>\n<p data-start=\"2624\" data-end=\"2891\">Si recibes un producto da\u00f1ado o defectuoso, <strong data-start=\"2678\" data-end=\"2703\">notif\u00edcanoslo inmediatamente<\/strong>. Te ayudaremos con el proceso de devoluci\u00f3n y te proporcionaremos un reembolso completo o un reemplazo sin coste adicional para ti. Conserva todos los envoltorios y haz fotos de los da\u00f1os como referencia.  <\/p>\n<h5 data-start=\"2893\" data-end=\"2924\"><strong data-start=\"2897\" data-end=\"2924\">6. Art\u00edculos no retornables<\/strong><\/h5>\n<p data-start=\"2925\" data-end=\"2996\">Ciertos art\u00edculos no se pueden devolver ni reembolsar, entre ellos<\/p>\n<ul data-start=\"2997\" data-end=\"3107\">\n<li data-start=\"2997\" data-end=\"3041\">Productos que han sido montados o utilizados.<\/li>\n<li data-start=\"3042\" data-end=\"3073\">Art\u00edculos a medida o personalizados.<\/li>\n<li data-start=\"3074\" data-end=\"3107\">Tarjetas regalo o productos digitales.<\/li>\n<\/ul>\n<h5 data-start=\"3109\" data-end=\"3140\"><strong data-start=\"3113\" data-end=\"3140\">7. Pedidos internacionales<\/strong><\/h5>\n<p data-start=\"3141\" data-end=\"3335\">Para los pedidos internacionales (fuera de la UE), los clientes son responsables de los gastos de env\u00edo de las devoluciones o cambios. Tambi\u00e9n pueden aplicarse derechos de aduana e impuestos en funci\u00f3n del pa\u00eds de destino. <\/p>\n<h5 data-start=\"3337\" data-end=\"3358\"><strong data-start=\"3341\" data-end=\"3358\">8. Contacta con nosotros<\/strong><\/h5>\n<p data-start=\"3359\" data-end=\"3488\">Para cualquier pregunta o duda sobre nuestra pol\u00edtica de devoluciones y cambios, no dudes en ponerte en contacto con nuestro equipo de atenci\u00f3n al cliente en<\/p>\n<p data-start=\"3490\" data-end=\"3631\"><strong data-start=\"3490\" data-end=\"3499\">Correo electr\u00f3nico<\/strong>: sales@barmaniapro.com<br data-start=\"3523\" data-end=\"3526\"><strong data-start=\"3526\" data-end=\"3535\">Tel\u00e9fono<\/strong>: +31 629 55 8184<br data-start=\"3566\" data-end=\"3569\"><strong data-start=\"3569\" data-end=\"3580\">P\u00e1gina web<\/strong>: <a href=\"http:\/\/www.barmaniapro.com\" target=\"_new\" rel=\"noopener\" data-start=\"3582\" data-end=\"3631\">www.barmaniapro.com<\/a><\/p>\n<p>Todos los gastos de devoluci\u00f3n deben pagarse por adelantado. No se aceptar\u00e1n env\u00edos contra reembolso. <\/p>\n<h5>Env\u00eda el paquete de devoluci\u00f3n a<\/h5>\n<p><strong>BarManiaPro Int B.V.<br \/><\/strong>Attn: Departamento de Devoluciones<strong><br \/><\/strong>Nautilussttraat 6,<br \/>7821 AH, Emmen<br \/>Pa\u00edses Bajos<\/p>\n<p>Conserva una copia del n\u00famero de seguimiento de la devoluci\u00f3n para asegurarte de que la recibimos en nuestras instalaciones. Se emitir\u00e1 un reembolso en la misma forma de pago que se utiliz\u00f3 originalmente en un plazo de siete d\u00edas laborables tras la recepci\u00f3n del producto devuelto. S\u00f3lo se reembolsar\u00e1n los gastos de env\u00edo originales si la devoluci\u00f3n se debe a un error del fabricante o a un error de env\u00edo por nuestra parte.  <\/p>\n<p>Si vas a cambiarlo, el art\u00edculo cambiado se enviar\u00e1 en un plazo de siete d\u00edas laborables a partir de la recepci\u00f3n del producto devuelto. Si el art\u00edculo que deseas cambiar est\u00e1 agotado, nos pondremos en contacto contigo. Cuando recibamos tu paquete, te notificaremos por correo electr\u00f3nico o por tel\u00e9fono que se ha procesado la devoluci\u00f3n.  <\/p>\n<p>&nbsp;<\/p>\n\n\t\t<\/div> \n\t<\/div> [\/vc_column][\/vc_row]<\/p>\n<\/div>","protected":false},"excerpt":{"rendered":"<p>[vc_row section_content=\u00bboutside_container\u00bb no_padding=\u00bbtrue\u00bb bg_type=\u00bbbg_image\u00bb back_position=\u00bbcenter center\u00bb dima_canvas_style=\u00bb\u00bb translate_x=\u00bb0&#8243; dima_z_index=\u00bb0&#8243; delay=\u00bb\u00bb animate_item=\u00bb\u00bb delay_duration=\u00bb\u00bb delay_offset=\u00bb\u00bb id=\u00bb\u00bb class=\u00bbheader-archive\u00bb border_color=\u00bb\u00bb di_bg_image=\u00bb1211&#8243;][vc_column min_height=\u00bb\u00bb bg_type=\u00bb\u00bb dima_canvas_style=\u00bb\u00bb translate_x=\u00bb0&#8243; dima_z_index=\u00bb0&#8243; delay=\u00bb\u00bb animate_item=\u00bb\u00bb delay_duration=\u00bb\u00bb delay_offset=\u00bb\u00bb width=\u00bb1\/1&#8243;][vc_raw_html el_class=\u00bbgrijs-vervolg-content-paginas\u00bb]PGRpdiBjbGFzcz0ibGljaHQtZ3JpanMtbGlqbiI+CiAgIDxpbWcgc3JjPSIvd3AtY29udGVudC91cGxvYWRzLzIwMjIvMDYvbGljaHQtZ3JpanMtdm9ybS1zbGlkZXIuc3ZnIj4KPC9kaXY+[\/vc_raw_html][\/vc_column][\/vc_row][vc_row bg_type=\u00bb\u00bb dima_canvas_style=\u00bb\u00bb translate_x=\u00bb0&#8243; dima_z_index=\u00bb0&#8243; delay=\u00bb\u00bb animate_item=\u00bb\u00bb delay_duration=\u00bb\u00bb delay_offset=\u00bb\u00bb id=\u00bb\u00bb class=\u00bb\u00bb border_color=\u00bb\u00bb css=\u00bb.vc_custom_1659608586051{background-color: #f7f7f7 !important;}\u00bb][vc_column min_height=\u00bb\u00bb bg_type=\u00bb\u00bb dima_canvas_style=\u00bb\u00bb translate_x=\u00bb0&#8243; dima_z_index=\u00bb0&#8243; delay=\u00bb\u00bb animate_item=\u00bb\u00bb delay_duration=\u00bb\u00bb delay_offset=\u00bb\u00bb width=\u00bb1\/1&#8243;][\/vc_column][\/vc_row]<\/p>\n","protected":false},"author":1,"featured_media":0,"parent":0,"menu_order":0,"comment_status":"closed","ping_status":"closed","template":"","meta":{"_acf_changed":false,"inline_featured_image":false,"footnotes":""},"class_list":["post-2335","page","type-page","status-publish","hentry"],"acf":[],"yoast_head":"<!-- This site is optimized with the Yoast SEO plugin v26.2 - https:\/\/yoast.com\/wordpress\/plugins\/seo\/ -->\n<title>Pol\u00edtica de devoluciones - BarManiaPro<\/title>\n<meta name=\"robots\" content=\"index, follow, max-snippet:-1, max-image-preview:large, max-video-preview:-1\" \/>\n<link rel=\"canonical\" href=\"https:\/\/barmaniapro.com\/es\/politica-de-reembolso\/\" \/>\n<meta property=\"og:locale\" content=\"es_ES\" \/>\n<meta property=\"og:type\" content=\"article\" \/>\n<meta property=\"og:title\" content=\"Pol\u00edtica de devoluciones - BarManiaPro\" \/>\n<meta property=\"og:description\" content=\"[vc_row section_content=\u00bboutside_container\u00bb no_padding=\u00bbtrue\u00bb bg_type=\u00bbbg_image\u00bb back_position=\u00bbcenter center\u00bb dima_canvas_style=\u00bb\u00bb translate_x=\u00bb0&#8243; dima_z_index=\u00bb0&#8243; delay=\u00bb\u00bb animate_item=\u00bb\u00bb delay_duration=\u00bb\u00bb delay_offset=\u00bb\u00bb id=\u00bb\u00bb class=\u00bbheader-archive\u00bb border_color=\u00bb\u00bb di_bg_image=\u00bb1211&#8243;][vc_column min_height=\u00bb\u00bb bg_type=\u00bb\u00bb dima_canvas_style=\u00bb\u00bb translate_x=\u00bb0&#8243; dima_z_index=\u00bb0&#8243; delay=\u00bb\u00bb animate_item=\u00bb\u00bb delay_duration=\u00bb\u00bb delay_offset=\u00bb\u00bb width=\u00bb1\/1&#8243;][vc_raw_html el_class=\u00bbgrijs-vervolg-content-paginas\u00bb]PGRpdiBjbGFzcz0ibGljaHQtZ3JpanMtbGlqbiI+CiAgIDxpbWcgc3JjPSIvd3AtY29udGVudC91cGxvYWRzLzIwMjIvMDYvbGljaHQtZ3JpanMtdm9ybS1zbGlkZXIuc3ZnIj4KPC9kaXY+[\/vc_raw_html][\/vc_column][\/vc_row][vc_row bg_type=\u00bb\u00bb dima_canvas_style=\u00bb\u00bb translate_x=\u00bb0&#8243; dima_z_index=\u00bb0&#8243; delay=\u00bb\u00bb animate_item=\u00bb\u00bb delay_duration=\u00bb\u00bb delay_offset=\u00bb\u00bb id=\u00bb\u00bb class=\u00bb\u00bb border_color=\u00bb\u00bb css=\u00bb.vc_custom_1659608586051{background-color: #f7f7f7 !important;}\u00bb][vc_column min_height=\u00bb\u00bb bg_type=\u00bb\u00bb dima_canvas_style=\u00bb\u00bb translate_x=\u00bb0&#8243; dima_z_index=\u00bb0&#8243; delay=\u00bb\u00bb animate_item=\u00bb\u00bb delay_duration=\u00bb\u00bb delay_offset=\u00bb\u00bb width=\u00bb1\/1&#8243;][\/vc_column][\/vc_row]\" \/>\n<meta property=\"og:url\" content=\"https:\/\/barmaniapro.com\/es\/politica-de-reembolso\/\" \/>\n<meta property=\"og:site_name\" content=\"BarManiaPro\" \/>\n<meta property=\"article:publisher\" content=\"https:\/\/www.facebook.com\/BarManiaPro\/\" \/>\n<meta property=\"article:modified_time\" content=\"2025-07-09T07:21:40+00:00\" \/>\n<meta name=\"twitter:card\" content=\"summary_large_image\" \/>\n<meta name=\"twitter:label1\" content=\"Tiempo de lectura\" \/>\n\t<meta name=\"twitter:data1\" content=\"4 minuto\" \/>\n<script type=\"application\/ld+json\" class=\"yoast-schema-graph\">{\"@context\":\"https:\/\/schema.org\",\"@graph\":[{\"@type\":\"WebPage\",\"@id\":\"https:\/\/barmaniapro.com\/es\/politica-de-reembolso\/\",\"url\":\"https:\/\/barmaniapro.com\/es\/politica-de-reembolso\/\",\"name\":\"Pol\u00edtica de devoluciones - BarManiaPro\",\"isPartOf\":{\"@id\":\"https:\/\/barmaniapro.com\/es\/#website\"},\"datePublished\":\"2022-10-10T13:43:37+00:00\",\"dateModified\":\"2025-07-09T07:21:40+00:00\",\"inLanguage\":\"es\",\"potentialAction\":[{\"@type\":\"ReadAction\",\"target\":[\"https:\/\/barmaniapro.com\/es\/politica-de-reembolso\/\"]}]},{\"@type\":\"WebSite\",\"@id\":\"https:\/\/barmaniapro.com\/es\/#website\",\"url\":\"https:\/\/barmaniapro.com\/es\/\",\"name\":\"BarManiaPro\",\"description\":\"Manufacturer of Calisthenics equipment\",\"potentialAction\":[{\"@type\":\"SearchAction\",\"target\":{\"@type\":\"EntryPoint\",\"urlTemplate\":\"https:\/\/barmaniapro.com\/es\/?s={search_term_string}\"},\"query-input\":{\"@type\":\"PropertyValueSpecification\",\"valueRequired\":true,\"valueName\":\"search_term_string\"}}],\"inLanguage\":\"es\"}]}<\/script>\n<!-- \/ Yoast SEO plugin. -->","yoast_head_json":{"title":"Pol\u00edtica de devoluciones - BarManiaPro","robots":{"index":"index","follow":"follow","max-snippet":"max-snippet:-1","max-image-preview":"max-image-preview:large","max-video-preview":"max-video-preview:-1"},"canonical":"https:\/\/barmaniapro.com\/es\/politica-de-reembolso\/","og_locale":"es_ES","og_type":"article","og_title":"Pol\u00edtica de devoluciones - BarManiaPro","og_description":"[vc_row section_content=\u00bboutside_container\u00bb no_padding=\u00bbtrue\u00bb bg_type=\u00bbbg_image\u00bb back_position=\u00bbcenter center\u00bb dima_canvas_style=\u00bb\u00bb translate_x=\u00bb0&#8243; dima_z_index=\u00bb0&#8243; delay=\u00bb\u00bb animate_item=\u00bb\u00bb delay_duration=\u00bb\u00bb delay_offset=\u00bb\u00bb id=\u00bb\u00bb class=\u00bbheader-archive\u00bb border_color=\u00bb\u00bb di_bg_image=\u00bb1211&#8243;][vc_column min_height=\u00bb\u00bb bg_type=\u00bb\u00bb dima_canvas_style=\u00bb\u00bb translate_x=\u00bb0&#8243; dima_z_index=\u00bb0&#8243; delay=\u00bb\u00bb animate_item=\u00bb\u00bb delay_duration=\u00bb\u00bb delay_offset=\u00bb\u00bb width=\u00bb1\/1&#8243;][vc_raw_html el_class=\u00bbgrijs-vervolg-content-paginas\u00bb]PGRpdiBjbGFzcz0ibGljaHQtZ3JpanMtbGlqbiI+CiAgIDxpbWcgc3JjPSIvd3AtY29udGVudC91cGxvYWRzLzIwMjIvMDYvbGljaHQtZ3JpanMtdm9ybS1zbGlkZXIuc3ZnIj4KPC9kaXY+[\/vc_raw_html][\/vc_column][\/vc_row][vc_row bg_type=\u00bb\u00bb dima_canvas_style=\u00bb\u00bb translate_x=\u00bb0&#8243; dima_z_index=\u00bb0&#8243; delay=\u00bb\u00bb animate_item=\u00bb\u00bb delay_duration=\u00bb\u00bb delay_offset=\u00bb\u00bb id=\u00bb\u00bb class=\u00bb\u00bb border_color=\u00bb\u00bb css=\u00bb.vc_custom_1659608586051{background-color: #f7f7f7 !important;}\u00bb][vc_column min_height=\u00bb\u00bb bg_type=\u00bb\u00bb dima_canvas_style=\u00bb\u00bb translate_x=\u00bb0&#8243; dima_z_index=\u00bb0&#8243; delay=\u00bb\u00bb animate_item=\u00bb\u00bb delay_duration=\u00bb\u00bb delay_offset=\u00bb\u00bb width=\u00bb1\/1&#8243;][\/vc_column][\/vc_row]","og_url":"https:\/\/barmaniapro.com\/es\/politica-de-reembolso\/","og_site_name":"BarManiaPro","article_publisher":"https:\/\/www.facebook.com\/BarManiaPro\/","article_modified_time":"2025-07-09T07:21:40+00:00","twitter_card":"summary_large_image","twitter_misc":{"Tiempo de lectura":"4 minuto"},"schema":{"@context":"https:\/\/schema.org","@graph":[{"@type":"WebPage","@id":"https:\/\/barmaniapro.com\/es\/politica-de-reembolso\/","url":"https:\/\/barmaniapro.com\/es\/politica-de-reembolso\/","name":"Pol\u00edtica de devoluciones - BarManiaPro","isPartOf":{"@id":"https:\/\/barmaniapro.com\/es\/#website"},"datePublished":"2022-10-10T13:43:37+00:00","dateModified":"2025-07-09T07:21:40+00:00","inLanguage":"es","potentialAction":[{"@type":"ReadAction","target":["https:\/\/barmaniapro.com\/es\/politica-de-reembolso\/"]}]},{"@type":"WebSite","@id":"https:\/\/barmaniapro.com\/es\/#website","url":"https:\/\/barmaniapro.com\/es\/","name":"BarManiaPro","description":"Manufacturer of Calisthenics equipment","potentialAction":[{"@type":"SearchAction","target":{"@type":"EntryPoint","urlTemplate":"https:\/\/barmaniapro.com\/es\/?s={search_term_string}"},"query-input":{"@type":"PropertyValueSpecification","valueRequired":true,"valueName":"search_term_string"}}],"inLanguage":"es"}]}},"_links":{"self":[{"href":"https:\/\/barmaniapro.com\/es\/wp-json\/wp\/v2\/pages\/2335","targetHints":{"allow":["GET"]}}],"collection":[{"href":"https:\/\/barmaniapro.com\/es\/wp-json\/wp\/v2\/pages"}],"about":[{"href":"https:\/\/barmaniapro.com\/es\/wp-json\/wp\/v2\/types\/page"}],"author":[{"embeddable":true,"href":"https:\/\/barmaniapro.com\/es\/wp-json\/wp\/v2\/users\/1"}],"replies":[{"embeddable":true,"href":"https:\/\/barmaniapro.com\/es\/wp-json\/wp\/v2\/comments?post=2335"}],"version-history":[{"count":0,"href":"https:\/\/barmaniapro.com\/es\/wp-json\/wp\/v2\/pages\/2335\/revisions"}],"wp:attachment":[{"href":"https:\/\/barmaniapro.com\/es\/wp-json\/wp\/v2\/media?parent=2335"}],"curies":[{"name":"wp","href":"https:\/\/api.w.org\/{rel}","templated":true}]}}